{"id":19502,"date":"2020-07-17T12:10:47","date_gmt":"2020-07-17T10:10:47","guid":{"rendered":"https:\/\/www.icop.it\/legal\/"},"modified":"2020-12-18T09:54:05","modified_gmt":"2020-12-18T08:54:05","slug":"mentions-legales","status":"publish","type":"page","link":"https:\/\/www.icop.it\/fr\/mentions-legales\/","title":{"rendered":"Mentions l\u00e9gales"},"content":{"rendered":"<div id='av_section_1'  class='avia-section main_color avia-section-large avia-no-border-styling  avia-bg-style-scroll  avia-builder-el-0  avia-builder-el-no-sibling   container_wrap sidebar_left' style=' '  ><div class='container' ><main  role=\"main\" itemprop=\"mainContentOfPage\"  class='template-page content  av-content-small units'><div class='post-entry post-entry-type-page post-entry-19502'><div class='entry-content-wrapper clearfix'>\n<div  style='padding-bottom:20px; font-size:40px;' class='av-special-heading av-special-heading-h2  blockquote modern-quote  avia-builder-el-1  el_before_av_hr  avia-builder-el-first  av-inherit-size '><h2 class='av-special-heading-tag '  itemprop=\"headline\"  >Mentions l\u00e9gales<\/h2><div class='special-heading-border'><div class='special-heading-inner-border' ><\/div><\/div><\/div>\n<div  style=' margin-top:10px; margin-bottom:10px;'  class='hr hr-custom hr-left hr-icon-no   avia-builder-el-2  el_after_av_heading  el_before_av_one_full '><span class='hr-inner  inner-border-av-border-fat' style=' width:50px; border-color:#000000;' ><span class='hr-inner-style'><\/span><\/span><\/div>\n<div class=\"flex_column av_one_full  flex_column_div av-zero-column-padding first  avia-builder-el-3  el_after_av_hr  avia-builder-el-last  \" style='border-radius:0px; '><section class=\"av_textblock_section \"  itemscope=\"itemscope\" itemtype=\"https:\/\/schema.org\/CreativeWork\" ><div class='avia_textblock  '   itemprop=\"text\" ><p>Le contenu de ce site www.icop.it (ci-apr\u00e8s le Site), y compris les donn\u00e9es, les communications, le contenu, les \u00e9l\u00e9ments graphiques, les dessins ainsi que les images sont prot\u00e9g\u00e9s par les lois et les trait\u00e9s internationaux sur le droit d&rsquo;auteur, ainsi que par d&rsquo;autres lois applicables sur la propri\u00e9t\u00e9 intellectuelle.<\/p>\n<p>Le contenu des pages du Site est de la propri\u00e9t\u00e9 de I.CO.P. SpA. Tous les droits sont r\u00e9serv\u00e9s. Ces contenus ne peuvent ni totalit\u00e9 ni en partie \u00eatre copi\u00e9s, reproduits, transf\u00e9r\u00e9s, t\u00e9l\u00e9charg\u00e9s, publi\u00e9s et \/ ou distribu\u00e9s de quelque mani\u00e8re que ce soit, sans l\u2019accord \u00e9crit pr\u00e9alable de la Soci\u00e9t\u00e9, sans pr\u00e9judice de la possibilit\u00e9 de les sauvegarder sur votre ordinateur ou d\u2019imprimer des extraits du Site, \u00e0 usage personnel uniquement.<\/p>\n<p>Les marques et les logos figurant sur le Site sont la propri\u00e9t\u00e9 de la Soci\u00e9t\u00e9 ou ils lui sont conc\u00e9d\u00e9s sous licence. Ils ne peuvent pas \u00eatre reproduits et \/ ou utilis\u00e9s sans l&rsquo;accord \u00e9crit pr\u00e9alable de la Soci\u00e9t\u00e9.<\/p>\n<p>Tout risque li\u00e9 \u00e0 l&rsquo;utilisation et \u00e0 l&rsquo;exploration du site est \u00e0 la charge de l&rsquo;utilisateur. I.CO.P. n&rsquo;assume aucune responsabilit\u00e9 en ce qui concerne tout dommage pouvant survenir \u00e0 l&rsquo;\u00e9quipement informatique de l&rsquo;utilisateur \u00e0 la suite de l&rsquo;acc\u00e8s, de l&rsquo;utilisation ou du t\u00e9l\u00e9chargement du mat\u00e9riel sur ces pages Web. En outre, la Soci\u00e9t\u00e9 n&rsquo;assume aucune responsabilit\u00e9 pour les mat\u00e9riaux cr\u00e9\u00e9s et \/ ou publi\u00e9s par des tiers avec lesquels le Site a un lien. Par ailleurs, ceux qui visitent un site li\u00e9 \u00e0 celui-ci assument la charge de prendre toutes les mesures n\u00e9cessaires contre les virus ou autres \u00e9l\u00e9ments destructeurs. En particulier, le lien avec d&rsquo;autres sites n&rsquo;implique pas que la Soci\u00e9t\u00e9 parraine, soit affili\u00e9e ou ait un lien avec les entit\u00e9s qui fournissent les services d\u00e9crits dans ces sites. De plus, la Soci\u00e9t\u00e9 n&rsquo;assume aucune responsabilit\u00e9 en cas de manipulation du Site par des tiers.<\/p>\n<p>Toutes les communications ou messages envoy\u00e9s par les utilisateurs par e-mail seront consid\u00e9r\u00e9s comme non confidentiels, et la Soci\u00e9t\u00e9 ne sera pas tenue d&rsquo;observer un engagement de confidentialit\u00e9. De plus, en envoyant des informations et \/ ou du mat\u00e9riel, l&rsquo;utilisateur (i) accepte que la Soci\u00e9t\u00e9 soit libre d&rsquo;utiliser, de publier ou de montrer \u00e0 des tiers le contenu desdits mat\u00e9riaux et \/ ou informations (ii) garantit que le contenu susmentionn\u00e9 est publiable et (iii) d\u00e9gagera la Soci\u00e9t\u00e9 de toute action de tiers en relation avec le mat\u00e9riel et les informations transmis.<\/p>\n<p>Ce Site permet au public un acc\u00e8s le plus large aux informations sur les initiatives et activit\u00e9s de la Soci\u00e9t\u00e9. Ces informations sont \u00e9galement destin\u00e9es \u00e0 un public professionnel. Le but poursuivi est de fournir des informations actualis\u00e9es et ponctuelles : cependant, les erreurs ou omissions involontaires ne sont pas exclus et, lorsqu\u2019ils seront d\u00e9tect\u00e9s ou signal\u00e9s, ils seront corrig\u00e9s.<\/p>\n<\/div><\/section><\/div><\/div><\/div><\/main><!-- close content main element --><\/div><\/div><div id='after_section_1'  class='main_color av_default_container_wrap container_wrap sidebar_left' style=' '  ><div class='container' ><div class='template-page content  av-content-small units'><div class='post-entry post-entry-type-page post-entry-19502'><div class='entry-content-wrapper clearfix'>\n","protected":false},"excerpt":{"rendered":"","protected":false},"author":1,"featured_media":0,"parent":0,"menu_order":0,"comment_status":"closed","ping_status":"closed","template":"","meta":[],"_links":{"self":[{"href":"https:\/\/www.icop.it\/fr\/wp-json\/wp\/v2\/pages\/19502"}],"collection":[{"href":"https:\/\/www.icop.it\/fr\/wp-json\/wp\/v2\/pages"}],"about":[{"href":"https:\/\/www.icop.it\/fr\/wp-json\/wp\/v2\/types\/page"}],"author":[{"embeddable":true,"href":"https:\/\/www.icop.it\/fr\/wp-json\/wp\/v2\/users\/1"}],"replies":[{"embeddable":true,"href":"https:\/\/www.icop.it\/fr\/wp-json\/wp\/v2\/comments?post=19502"}],"version-history":[{"count":3,"href":"https:\/\/www.icop.it\/fr\/wp-json\/wp\/v2\/pages\/19502\/revisions"}],"predecessor-version":[{"id":19519,"href":"https:\/\/www.icop.it\/fr\/wp-json\/wp\/v2\/pages\/19502\/revisions\/19519"}],"wp:attachment":[{"href":"https:\/\/www.icop.it\/fr\/wp-json\/wp\/v2\/media?parent=19502"}],"curies":[{"name":"wp","href":"https:\/\/api.w.org\/{rel}","templated":true}]}}