{"id":18742,"date":"2017-02-02T14:27:30","date_gmt":"2017-02-02T14:27:30","guid":{"rendered":"https:\/\/www.icop.it\/contatti\/"},"modified":"2021-01-04T11:38:14","modified_gmt":"2021-01-04T10:38:14","slug":"contacts","status":"publish","type":"page","link":"https:\/\/www.icop.it\/fr\/contacts\/","title":{"rendered":"Contacts"},"content":{"rendered":"<div id='layer_slider_1'  class='avia-layerslider main_color avia-shadow  avia-builder-el-0  el_before_av_layout_row  avia-builder-el-first  container_wrap sidebar_left' style='  height: 351px; max-width: 1280px; margin: 0 auto;' ><\/div>\n<div id='av-layout-grid-1'  class='av-layout-grid-container entry-content-wrapper main_color av-flex-cells   av-border-cells  avia-builder-el-1  el_after_av_layerslider  el_before_av_section  cont-contatti submenu-not-first container_wrap sidebar_left' style=' '  >\n<div class=\"flex_cell no_margin av_one_fourth  avia-builder-el-2  el_before_av_cell_one_fourth  avia-builder-el-first   \" ><div class='flex_cell_inner' ><section class=\"av_textblock_section \"  itemscope=\"itemscope\" itemtype=\"https:\/\/schema.org\/CreativeWork\" ><div class='avia_textblock  '   itemprop=\"text\" ><p><strong>I.CO.P. S.p.A. Societ\u00e0 Benefit<\/strong><br \/>\nVia Silvio Pellico, 2<br \/>\n33031 Basiliano (UD) &#8211; Italia<br \/>\n<strong>TEL<\/strong> +39 0432 838611<br \/>\n<strong>FAX<\/strong> +39 0432-838681<\/p>\n<\/div><\/section>\n<\/div><\/div><div class=\"flex_cell no_margin av_one_fourth  avia-builder-el-4  el_after_av_cell_one_fourth  el_before_av_cell_one_fourth   \" ><div class='flex_cell_inner' ><section class=\"av_textblock_section \"  itemscope=\"itemscope\" itemtype=\"https:\/\/schema.org\/CreativeWork\" ><div class='avia_textblock  '   itemprop=\"text\" ><p><strong>SECR\u00c9TAIRE G\u00c9N\u00c9RAL<\/strong><br \/>\n<a href=\"mailto:info@icop.it\">info@icop.it<\/a><\/p>\n<p><strong>BUREAU COMMERCIAL<\/strong><br \/>\n<a href=\"mailto:commerciale@icop.it\">commerciale@icop.it<\/a><\/p>\n<\/div><\/section>\n<\/div><\/div><div class=\"flex_cell no_margin av_one_fourth  avia-builder-el-6  el_after_av_cell_one_fourth  el_before_av_cell_one_fourth   \" ><div class='flex_cell_inner' ><section class=\"av_textblock_section \"  itemscope=\"itemscope\" itemtype=\"https:\/\/schema.org\/CreativeWork\" ><div class='avia_textblock  '   itemprop=\"text\" ><p><strong>BUREAU D&rsquo;ACHAT<\/strong><br \/>\n<a href=\"mailto:acquisti@icop.it\">acquisti@icop.it<\/a><\/p>\n<p><strong>GARANT<\/strong><br \/>\n<a>garante@icop.it<\/a><\/p>\n<\/div><\/section>\n<\/div><\/div><div class=\"flex_cell no_margin av_one_fourth  avia-builder-el-8  el_after_av_cell_one_fourth  avia-builder-el-last   \" ><div class='flex_cell_inner' ><section class=\"av_textblock_section \"  itemscope=\"itemscope\" itemtype=\"https:\/\/schema.org\/CreativeWork\" ><div class='avia_textblock  '   itemprop=\"text\" ><p><strong>SOCIAL<\/strong><\/p>\n<div>\n<ul class=\"noLightbox social_bookmarks icon_count_2 sc-socilas-contatti\">\n<li class=\"social_bookmarks_linkedin av-social-link-linkedin social_icon_1\" style=\"margin-left: 0;\"><a title=\"LinkedIn\" href=\"https:\/\/www.linkedin.com\/company\/i.c.o.p.-s.p.a.\/\" target=\"_blank\" rel=\"noopener noreferrer\" aria-label=\"Collegamento a LinkedIn\" aria-hidden=\"false\"><span  class=\"av_font_icon avia_animate_when_visible avia-icon-animate  av-icon-style-  av-no-color avia-icon-pos-left \" style=\"\"><span class='av-icon-char' style='font-size:30px;line-height:30px;' aria-hidden='true' data-av_icon='\ue8fc' data-av_iconfont='entypo-fontello' ><\/span><\/span><\/a><\/li>\n<li class=\"social_bookmarks_youtube av-social-link-youtube social_icon_2\"><a title=\"Youtube\" href=\"https:\/\/www.youtube.com\/channel\/UCn7poh8K9XldRq7bEJQMrHQ\" target=\"_blank\" rel=\"noopener noreferrer\" aria-label=\"Collegamento a Youtube\" aria-hidden=\"false\"><span  class=\"av_font_icon avia_animate_when_visible avia-icon-animate  av-icon-style-  av-no-color avia-icon-pos-left \" style=\"\"><span class='av-icon-char' style='font-size:30px;line-height:30px;' aria-hidden='true' data-av_icon='\ue921' data-av_iconfont='entypo-fontello' ><\/span><\/span><\/a><\/li>\n<\/ul>\n<\/div>\n<\/div><\/section>\n<\/div><\/div><\/div><div id='newsletter'  class='avia-section main_color avia-section-huge avia-no-border-styling  avia-full-stretch av-section-color-overlay-active avia-bg-style-fixed  avia-builder-el-12  el_after_av_layout_row  el_before_av_section   container_wrap sidebar_left' style='background-repeat: no-repeat; background-image: url(https:\/\/www.icop.it\/wp-content\/uploads\/2020\/03\/ICOP_libro_100anni-11.jpg);background-attachment: fixed; background-position: bottom center;  '  data-section-bg-repeat='stretch'><div class='av-section-color-overlay-wrap'><div class='av-section-color-overlay' style='opacity: 0.9; background-color: #21315f; '><\/div><div class='container' ><div class='template-page content  av-content-small units'><div class='post-entry post-entry-type-page post-entry-18742'><div class='entry-content-wrapper clearfix'>\n<div  style='padding-bottom:20px; color:#fff7f7;font-size:40px;' class='av-special-heading av-special-heading-h1 custom-color-heading blockquote modern-quote modern-centered  avia-builder-el-13  el_before_av_one_fifth  avia-builder-el-first  sc-icop-numeri av-inherit-size '><h1 class='av-special-heading-tag '  itemprop=\"headline\"  >Nous rejoindre<\/h1><div class='special-heading-border'><div class='special-heading-inner-border' style='border-color:#fff7f7'><\/div><\/div><\/div>\n<div class=\"flex_column av_one_fifth  av-animated-generic fade-in  flex_column_div av-zero-column-padding first  avia-builder-el-14  el_after_av_heading  el_before_av_three_fifth  \" style='border-radius:0px; '><\/div><div class=\"flex_column av_three_fifth  av-animated-generic fade-in  flex_column_div av-zero-column-padding   avia-builder-el-15  el_after_av_one_fifth  el_before_av_one_fifth  \" style='border-radius:0px; '><\/div><div class=\"flex_column av_one_fifth  av-animated-generic fade-in  flex_column_div av-zero-column-padding   avia-builder-el-17  el_after_av_three_fifth  avia-builder-el-last  \" style='border-radius:0px; '><\/div>\n<\/p>\n<\/div><\/div><\/div><!-- close content main div --><\/div><\/div><\/div><div id='av_section_2'  class='avia-section main_color avia-section-large avia-no-border-styling  avia-bg-style-scroll  avia-builder-el-18  el_after_av_section  avia-builder-el-last   av-arrow-down-section container_wrap sidebar_left' style=' '  ><div class='container' ><div class='template-page content  av-content-small units'><div class='post-entry post-entry-type-page post-entry-18742'><div class='entry-content-wrapper clearfix'>\n<div  class=\"togglecontainer  av-elegant-toggle toggle_close_all  hasCurrentStyle avia-builder-el-19  avia-builder-el-no-sibling  sc-tab-segnalazione\" data-currentstyle='color:#172f62; border-color:#172f62; '>\n<section class=\"av_toggle_section\"  itemscope=\"itemscope\" itemtype=\"https:\/\/schema.org\/CreativeWork\"  >    <div role=\"tablist\" class=\"single_toggle\" data-tags=\"{Tout} \"  >        <p data-fake-id=\"#sc-modulo\" class=\"toggler  hasCustomColor av-inherit-font-color \"  itemprop=\"headline\"  style='color: #172f62; '  role=\"tab\" tabindex=\"0\" aria-controls=\"sc-modulo-container\">Formulaire de rapport<span class=\"toggle_icon\" style='border-color:#172f62;'>        <span class=\"vert_icon\"><\/span><span class=\"hor_icon\"><\/span><\/span><\/p>        <div id=\"sc-modulo-container\" class=\"toggle_wrap \"  >            <div class=\"toggle_content invers-color  av-inherit-font-color \"  itemprop=\"text\"  style='color: #172f62; ' ><div class=\"sc-info-segna\"><strong><br \/>\nCE FORMULAIRE PEUT \u00c9GALEMENT \u00caTRE ENVOY\u00c9 SOUS FORME ANONYME, EN OMISSION DE DONN\u00c9ES PERSONNELLES ET EN UTILISANT UNE M\u00c9THODE DE TRANSMISSION AD\u00c9QUATE QUI NE PERMET PAS L&rsquo;IDENTIFICATION DE L&rsquo;EXP\u00c9DITEUR.<br \/>\nSI VOUS D\u00c9CIDEZ D&rsquo;INDIQUER VOS DONN\u00c9ES, VEUILLEZ LIRE ET SIGNER LES INFORMATIONS CI-DESSOUS.<\/strong><\/div>\n<div><\/div>\n<div class=\"sc-info-segna\">Informations conform\u00e9ment au d\u00e9cret l\u00e9gislatif 196\/2003<br \/>\nConform\u00e9ment et aux fins du d\u00e9cret l\u00e9gislatif 196\/2003 et de ses modifications ult\u00e9rieures, nous vous informons que les donn\u00e9es communiqu\u00e9es sont collect\u00e9es exclusivement aux fins li\u00e9es au traitement de l&rsquo;affaire. Les donn\u00e9es en question seront trait\u00e9es: 1) de mani\u00e8re licite et avec l&rsquo;exactitude requise et dans tous les cas de mani\u00e8re \u00e0 garantir leur s\u00e9curit\u00e9 et leur confidentialit\u00e9; 2) seront conserv\u00e9s sous une forme permettant l&rsquo;identification de l&rsquo;\u00e9crivain pendant une dur\u00e9e n&rsquo;exc\u00e9dant pas celle n\u00e9cessaire aux fins pour lesquelles ils ont \u00e9t\u00e9 collect\u00e9s et pour l&rsquo;ex\u00e9cution des op\u00e9rations connexes ult\u00e9rieures; 3) \u00e0 tout moment, vous pouvez exercer les droits reconnus par le d\u00e9cret l\u00e9gislatif 196\/2003.<\/p>\n<p align=\"LEFT\">\n<\/div>\n<div role=\"form\" class=\"wpcf7\" id=\"wpcf7-f19236-o1\" lang=\"it-IT\" dir=\"ltr\">\n<div class=\"screen-reader-response\"><p role=\"status\" aria-live=\"polite\" aria-atomic=\"true\"><\/p> <ul><\/ul><\/div>\n<form action=\"\/fr\/wp-json\/wp\/v2\/pages\/18742#wpcf7-f19236-o1\" method=\"post\" class=\"wpcf7-form init\" novalidate=\"novalidate\" data-status=\"init\">\n<div style=\"display: none;\">\n<input type=\"hidden\" name=\"_wpcf7\" value=\"19236\" \/>\n<input type=\"hidden\" name=\"_wpcf7_version\" value=\"5.5.3\" \/>\n<input type=\"hidden\" name=\"_wpcf7_locale\" value=\"it_IT\" \/>\n<input type=\"hidden\" name=\"_wpcf7_unit_tag\" value=\"wpcf7-f19236-o1\" \/>\n<input type=\"hidden\" name=\"_wpcf7_container_post\" value=\"0\" \/>\n<input type=\"hidden\" name=\"_wpcf7_posted_data_hash\" value=\"\" \/>\n<input type=\"hidden\" name=\"_wpcf7cf_hidden_group_fields\" value=\"[]\" \/>\n<input type=\"hidden\" name=\"_wpcf7cf_hidden_groups\" value=\"[]\" \/>\n<input type=\"hidden\" name=\"_wpcf7cf_visible_groups\" value=\"[]\" \/>\n<input type=\"hidden\" name=\"_wpcf7cf_repeaters\" value=\"[]\" \/>\n<input type=\"hidden\" name=\"_wpcf7cf_steps\" value=\"{}\" \/>\n<input type=\"hidden\" name=\"_wpcf7cf_options\" value=\"{&quot;form_id&quot;:19236,&quot;conditions&quot;:[{&quot;then_field&quot;:&quot;-1&quot;,&quot;and_rules&quot;:[{&quot;if_field&quot;:&quot;la-tua-email&quot;,&quot;operator&quot;:&quot;equals&quot;,&quot;if_value&quot;:&quot;&quot;}]}],&quot;settings&quot;:{&quot;animation&quot;:&quot;yes&quot;,&quot;animation_intime&quot;:200,&quot;animation_outtime&quot;:200,&quot;conditions_ui&quot;:&quot;normal&quot;,&quot;notice_dismissed&quot;:false,&quot;notice_dismissed_update-cf7-5.5.3&quot;:true,&quot;notice_dismissed_update-cf7-6.0.4&quot;:true,&quot;notice_dismissed_update-cf7-6.0.5&quot;:true}}\" \/>\n<input type=\"hidden\" name=\"_wpcf7_recaptcha_response\" value=\"\" \/>\n<\/div>\n<fieldset class=\"container-fluid w-75 sc-campos\">\n<div class=\"col\">\n<div class=\"row\">\n<h2 class=\"col-12\">DONN\u00c9ES PERSONNELLES<\/h2>\n<\/div>\n<div class=\"form-group  row\">\n<p class=\" col-md-6\">\n                <label for=\"nome_segna\"> Pr\u00e9nom <\/label><br \/>\n                <span class=\"wpcf7-form-control-wrap nome\"><input type=\"text\" name=\"nome\" value=\"\" size=\"40\" class=\"wpcf7-form-control wpcf7-text form-control\" id=\"nome_segna\" aria-invalid=\"false\" \/><\/span>\n            <\/p>\n<p class=\"col-md-6\">\n                <label for=\"cognome_segna\"> Nom <\/label><br \/>\n                <span class=\"wpcf7-form-control-wrap cognome\"><input type=\"text\" name=\"cognome\" value=\"\" size=\"40\" class=\"wpcf7-form-control wpcf7-text form-control\" id=\"cognome_segna\" aria-invalid=\"false\" \/><\/span>\n            <\/p>\n<\/div>\n<div class=\"form-group  row\">\n<p class=\"col-md-6\">\n                <label for=\"azienda_segna\"> Compagnie <\/label><br \/>\n                <span class=\"wpcf7-form-control-wrap azienda\"><input type=\"text\" name=\"azienda\" value=\"\" size=\"40\" class=\"wpcf7-form-control wpcf7-text form-control\" id=\"azienda_segna\" aria-invalid=\"false\" \/><\/span>\n            <\/p>\n<p class=\"col-md-6\">\n                <label for=\"indirizz_segna\"> Adresse <\/label><br \/>\n                <span class=\"wpcf7-form-control-wrap indirizzo\"><input type=\"text\" name=\"indirizzo\" value=\"\" size=\"40\" class=\"wpcf7-form-control wpcf7-text form-control\" id=\"indirizz_segna\" aria-invalid=\"false\" \/><\/span>\n            <\/p>\n<\/div>\n<div class=\"form-group  row\">\n<p class=\"col-md-6\">\n\t\t        <label for=\"cap_segna\"> CAP.<\/label><br \/>\n\t\t        <span class=\"wpcf7-form-control-wrap cap\"><input type=\"number\" name=\"cap\" value=\"\" class=\"wpcf7-form-control wpcf7-number wpcf7-validates-as-number form-control\" id=\"cap_segna\" aria-invalid=\"false\" \/><\/span>\n\t\t    <\/p>\n<p class=\"col-md-6\">\n\t\t        <label for=\"city_segna\"> Ville<\/label><br \/>\n\t\t        <span class=\"wpcf7-form-control-wrap city\"><input type=\"text\" name=\"city\" value=\"\" size=\"40\" class=\"wpcf7-form-control wpcf7-text form-control\" id=\"city_segna\" aria-invalid=\"false\" \/><\/span>\n\t\t    <\/p>\n<\/div>\n<div class=\"form-group  row\">\n<p class=\"col-md-6\">\n                <label for=\"telefono_segna\"> T\u00e9l\u00e9phone <\/label><br \/>\n                <span class=\"wpcf7-form-control-wrap tel-213\"><input type=\"tel\" name=\"tel-213\" value=\"\" size=\"40\" class=\"wpcf7-form-control wpcf7-text wpcf7-tel wpcf7-validates-as-tel form-control\" id=\"telefono_segna\" aria-invalid=\"false\" \/><\/span>\n            <\/p>\n<p class=\"col-md-6\">\n                <label for=\"email_segna\"> Email <\/label><br \/>\n                <span class=\"wpcf7-form-control-wrap la-tua-email\"><input type=\"email\" name=\"la-tua-email\" value=\"\" size=\"40\" class=\"wpcf7-form-control wpcf7-text wpcf7-email wpcf7-validates-as-email form-control\" id=\"email_segna\" aria-invalid=\"false\" \/><\/span>\n            <\/p>\n<\/div>\n<\/div>\n<div class=\"col\">\n<div class=\"row\">\n<h2 class=\"col-12\">D\u00c9TAILS DU RAPPORT<\/h2>\n<\/div>\n<div class=\"form-group  row\">\n<p class=\" col-md-12 col-lg-6\">\n                <label for=\"oggetto_segna\"> Sujet (obligatoire) <\/label><br \/>\n               <span class=\"wpcf7-form-control-wrap oggetto_segnalazione\"><input type=\"text\" name=\"oggetto_segnalazione\" value=\"\" size=\"40\" class=\"wpcf7-form-control wpcf7-text wpcf7-validates-as-required form-control\" id=\"oggetto_segna\" aria-required=\"true\" aria-invalid=\"false\" \/><\/span>\n            <\/p>\n<p class=\" col-md-6 col-lg-3\">\n                <label for=\"luogo_segna\"> Lieu (obligatoire) <\/label><br \/>\n               <span class=\"wpcf7-form-control-wrap luogo_segnalazione\"><input type=\"text\" name=\"luogo_segnalazione\" value=\"\" size=\"40\" class=\"wpcf7-form-control wpcf7-text wpcf7-validates-as-required form-control\" id=\"luogo_segna\" aria-required=\"true\" aria-invalid=\"false\" \/><\/span>\n            <\/p>\n<p class=\"col-md-6 col-lg-3\">\n                <label for=\"data_segna\"> Date (obligatoire) <\/label><br \/>\n               <span class=\"wpcf7-form-control-wrap data_segnalazione\"><input type=\"date\" name=\"data_segnalazione\" value=\"\" class=\"wpcf7-form-control wpcf7-date wpcf7-validates-as-required wpcf7-validates-as-date form-control\" id=\"data_segna\" aria-required=\"true\" aria-invalid=\"false\" \/><\/span>\n            <\/p>\n<\/div>\n<div class=\"form-group  row\">\n<p class=\" col-12\">\n                <label for=\"des_segnalazione\"> Description du rapport (obligatoire) <\/label><br \/>\n               <span class=\"wpcf7-form-control-wrap descrizione_segnalazione\"><textarea name=\"descrizione_segnalazione\" cols=\"40\" rows=\"10\" class=\"wpcf7-form-control wpcf7-textarea wpcf7-validates-as-required form-control\" id=\"des_segnalazione\" aria-required=\"true\" aria-invalid=\"false\"><\/textarea><\/span>\n            <\/p>\n<\/div>\n<div class=\"row\">\n<div class=\"col mx-auto d-flex justify-content-start text-white\">\n<p>                [anr_nocaptcha g-recaptcha-response]<\/p>\n<p>                <input type=\"submit\" value=\"Envoyer\" class=\"wpcf7-form-control has-spinner wpcf7-submit\" \/><\/p>\n<\/div>\n<\/div>\n<\/div>\n<\/fieldset>\n<input type='hidden' class='wpcf7-pum' value='{\"closepopup\":false,\"closedelay\":0,\"openpopup\":false,\"openpopup_id\":0}' \/><div class=\"wpcf7-response-output\" aria-hidden=\"true\"><\/div><\/form><\/div>\n            <\/div>        <\/div>    <\/div><\/section>\n<\/div>\n<\/div><\/div><\/div><!-- close content main div --><\/div><div class='av-extra-border-element border-extra-arrow-down'><div class='av-extra-border-outer'><div class='av-extra-border-inner'  style='background-color:#f8f8f8;' ><\/div><\/div><\/div><\/div><div id='after_section_2'  class='main_color av_default_container_wrap container_wrap sidebar_left' style=' '  ><div class='container' ><div class='template-page content  av-content-small units'><div class='post-entry post-entry-type-page post-entry-18742'><div class='entry-content-wrapper clearfix'>\n","protected":false},"excerpt":{"rendered":"","protected":false},"author":1,"featured_media":0,"parent":0,"menu_order":0,"comment_status":"closed","ping_status":"closed","template":"","meta":[],"_links":{"self":[{"href":"https:\/\/www.icop.it\/fr\/wp-json\/wp\/v2\/pages\/18742"}],"collection":[{"href":"https:\/\/www.icop.it\/fr\/wp-json\/wp\/v2\/pages"}],"about":[{"href":"https:\/\/www.icop.it\/fr\/wp-json\/wp\/v2\/types\/page"}],"author":[{"embeddable":true,"href":"https:\/\/www.icop.it\/fr\/wp-json\/wp\/v2\/users\/1"}],"replies":[{"embeddable":true,"href":"https:\/\/www.icop.it\/fr\/wp-json\/wp\/v2\/comments?post=18742"}],"version-history":[{"count":7,"href":"https:\/\/www.icop.it\/fr\/wp-json\/wp\/v2\/pages\/18742\/revisions"}],"predecessor-version":[{"id":19656,"href":"https:\/\/www.icop.it\/fr\/wp-json\/wp\/v2\/pages\/18742\/revisions\/19656"}],"wp:attachment":[{"href":"https:\/\/www.icop.it\/fr\/wp-json\/wp\/v2\/media?parent=18742"}],"curies":[{"name":"wp","href":"https:\/\/api.w.org\/{rel}","templated":true}]}}