{"id":18733,"date":"2020-03-31T11:56:54","date_gmt":"2020-03-31T09:56:54","guid":{"rendered":"https:\/\/www.icop.it\/durabilite\/rete-con-il-territorio\/"},"modified":"2020-12-01T11:48:49","modified_gmt":"2020-12-01T10:48:49","slug":"reseau-avec-le-territoire","status":"publish","type":"page","link":"https:\/\/www.icop.it\/fr\/durabilite\/reseau-avec-le-territoire\/","title":{"rendered":"R\u00e9seau avec le territoire"},"content":{"rendered":"<div id='layer_slider_1'  class='avia-layerslider main_color avia-shadow  avia-builder-el-0  el_before_av_one_full  avia-builder-el-first  container_wrap sidebar_left' style='  height: 351px; max-width: 1280px; margin: 0 auto;' ><\/div><div id='after_layer_slider_1'  class='main_color av_default_container_wrap container_wrap sidebar_left' style=' '  ><div class='container' ><div class='template-page content  av-content-small units'><div class='post-entry post-entry-type-page post-entry-18733'><div class='entry-content-wrapper clearfix'>\n<div class=\"flex_column av_one_full  flex_column_div av-zero-column-padding first  avia-builder-el-1  el_after_av_layerslider  el_before_av_one_half  avia-builder-el-first  \" style='border-radius:0px; '><section class=\"av_textblock_section \"  itemscope=\"itemscope\" itemtype=\"https:\/\/schema.org\/CreativeWork\" ><div class='avia_textblock  '   itemprop=\"text\" ><h4 class=\"p1\"><span class=\"s1\">Le soutien de I.CO.P. pour le territoire<\/span><\/h4>\n<p class=\"p1\"><span class=\"s1\"> I.CO.P. s&rsquo;engage \u00e0 apporter sa contribution dans le domaine dans lequel il op\u00e8re, \u00e0 la fois de mani\u00e8re permanente et temporaire avec ses propres sites.<\/span><\/p>\n<\/div><\/section><\/div>\n<div class=\"flex_column av_one_half  flex_column_div av-zero-column-padding first  avia-builder-el-3  el_after_av_one_full  el_before_av_one_half  column-top-margin\" style='border-radius:0px; '><section class=\"av_textblock_section \"  itemscope=\"itemscope\" itemtype=\"https:\/\/schema.org\/CreativeWork\" ><div class='avia_textblock  '   itemprop=\"text\" ><h4 class=\"p1\"><span class=\"s2\">Collaboration avec Vicini di Casa Onlus<\/span><\/h4>\n<p class=\"p1\"><span class=\"s1\">I.CO.P. collabore avec l&rsquo;association Vicini di Casa Onlus dans la conception et le d\u00e9veloppement de <strong>solutions de logement pour les personnes en situation d\u00e9favoris\u00e9e<\/strong>. L&rsquo;entreprise apporte notamment des comp\u00e9tences manag\u00e9riales, g\u00e8re les activit\u00e9s administratives et de gestion et propose le d\u00e9tachement temporaire de ses salari\u00e9s au profit de <strong>Vicini di Casa<\/strong>.<\/span><\/p>\n<\/div><\/section><\/div>\n<div class=\"flex_column av_one_half  flex_column_div av-zero-column-padding   avia-builder-el-5  el_after_av_one_half  el_before_av_one_full  column-top-margin\" style='border-radius:0px; '><div  class='avia-image-container  av-styling-    avia-builder-el-6  avia-builder-el-no-sibling  avia-align-center '  itemprop=\"image\" itemscope=\"itemscope\" itemtype=\"https:\/\/schema.org\/ImageObject\"  ><div class='avia-image-container-inner'><div class='avia-image-overlay-wrap'><img class='avia_image' src='https:\/\/www.icop.it\/wp-content\/uploads\/2020\/05\/VICINI-DI-CASA_logo.png' alt='' title='' height=\"382\" width=\"819\"  itemprop=\"thumbnailUrl\"  \/><\/div><\/div><\/div><\/div>\n<div class=\"flex_column av_one_full  flex_column_div av-zero-column-padding first  avia-builder-el-7  el_after_av_one_half  el_before_av_hr  column-top-margin\" style='border-radius:0px; '><section class=\"av_textblock_section \"  itemscope=\"itemscope\" itemtype=\"https:\/\/schema.org\/CreativeWork\" ><div class='avia_textblock  '   itemprop=\"text\" ><h4 class=\"p1\"><span class=\"s2\"> Collaborations avec des \u00e9coles, des universit\u00e9s et des \u00e9tablissements de formation<\/span><\/h4>\n<p class=\"p1\"><span class=\"s1\"> L&rsquo;entreprise est tr\u00e8s sensible aux enjeux soulev\u00e9s par le monde de l&rsquo;\u00e9ducation et elle estime de pouvoir et devoir apporter une contribution significative tant dans les <strong>projets de formation<\/strong> que dans les projets d&rsquo;<strong>alternance \u00e9cole-travail<\/strong>. L&rsquo;entreprise collabore donc avec de nombreuses \u00e9coles, instituts et universit\u00e9s, notamment \u00e0 travers le financement de formations dipl\u00f4mantes.<\/span><\/p>\n<\/div><\/section><\/div>\n<div  style='height:1px; margin-top:-10px'  class='hr hr-invisible   avia-builder-el-9  el_after_av_one_full  el_before_av_one_half '><span class='hr-inner ' ><span class='hr-inner-style'><\/span><\/span><\/div>\n<div class=\"flex_column av_one_half  flex_column_div av-zero-column-padding first  avia-builder-el-10  el_after_av_hr  el_before_av_one_half  \" style='border-radius:0px; '><div  class='avia-image-container  av-styling-    avia-builder-el-11  avia-builder-el-no-sibling  avia-align-center '  itemprop=\"image\" itemscope=\"itemscope\" itemtype=\"https:\/\/schema.org\/ImageObject\"  ><div class='avia-image-container-inner'><div class='avia-image-overlay-wrap'><img class='avia_image' src='https:\/\/www.icop.it\/wp-content\/uploads\/2020\/04\/14_La-collaborazione-con-scuole-superiori-e-universita\u0300.jpg' alt='' title='14_La collaborazione con scuole superiori e universita\u0300' height=\"862\" width=\"1150\"  itemprop=\"thumbnailUrl\"  \/><\/div><\/div><\/div><\/div>\n<div class=\"flex_column av_one_half  flex_column_div av-zero-column-padding   avia-builder-el-12  el_after_av_one_half  el_before_av_one_full  \" style='border-radius:0px; '><div  class='avia-image-container  av-styling-    avia-builder-el-13  avia-builder-el-no-sibling  avia-align-center '  itemprop=\"image\" itemscope=\"itemscope\" itemtype=\"https:\/\/schema.org\/ImageObject\"  ><div class='avia-image-container-inner'><div class='avia-image-overlay-wrap'><img class='avia_image' src='https:\/\/www.icop.it\/wp-content\/uploads\/2020\/04\/15_Iniziative-congiunte-con-CEFS-scaled.jpg' alt='' title='' height=\"1920\" width=\"2560\"  itemprop=\"thumbnailUrl\"  \/><\/div><\/div><\/div><\/div>\n<div class=\"flex_column av_one_full  flex_column_div av-zero-column-padding first  avia-builder-el-14  el_after_av_one_half  el_before_av_hr  column-top-margin\" style='border-radius:0px; '><section class=\"av_textblock_section \"  itemscope=\"itemscope\" itemtype=\"https:\/\/schema.org\/CreativeWork\" ><div class='avia_textblock  '   itemprop=\"text\" ><h4 class=\"p1\"><span class=\"s2\"> Projets de logement social<\/span><\/h4>\n<p class=\"p1\"><span class=\"s1\">I.CO.P. est un membre fondateur du <strong>Social Housing Consortium FVG<\/strong>. Le logement social est un programme qui comprend l&rsquo;<strong>offre de logements, de services, d&rsquo;actions et d&rsquo;outils<\/strong> destin\u00e9s \u00e0 ceux qui sont incapables de r\u00e9pondre \u00e0 leurs besoins de logement sur le march\u00e9. L&rsquo;entreprise est engag\u00e9e dans un <strong>projet de logement r\u00e9gional<\/strong> pour la cr\u00e9ation d&rsquo;une communaut\u00e9 durable.<\/span><\/p>\n<\/div><\/section><br \/>\n<div  style='height:1px; margin-top:-10px'  class='hr hr-invisible   avia-builder-el-16  el_after_av_textblock  el_before_av_horizontal_gallery  avia-builder-el-last '><span class='hr-inner ' ><span class='hr-inner-style'><\/span><\/span><\/div><br \/>\n<div  class='av-horizontal-gallery av-horizontal-gallery-large-gap av-horizontal-gallery-enlarge-effect av-horizontal-gallery-1  avia-builder-el-17  el_after_av_hr  el_before_av_hr  av-control-default '  itemprop=\"image\" itemscope=\"itemscope\" itemtype=\"https:\/\/schema.org\/ImageObject\"  style='padding: 3.75% 0px;' data-av-enlarge='1.3'  ><div class='avia-slideshow-arrows avia-slideshow-controls'><a href='#prev' class='prev-slide av-horizontal-gallery-prev' aria-hidden='true' data-av_icon='\ue87c' data-av_iconfont='entypo-fontello'>Pr\u00e9c\u00e9dent<\/a><a href='#next' class='next-slide av-horizontal-gallery-next' aria-hidden='true' data-av_icon='\ue87d' data-av_iconfont='entypo-fontello'>Suivant <\/a><\/div><div class='av-horizontal-gallery-inner' style='padding-bottom:25%' data-av-height='25'><div class='av-horizontal-gallery-slider'><div class='av-horizontal-gallery-wrap noHover'><img class='av-horizontal-gallery-img' width='1030' height='705' src='https:\/\/www.icop.it\/wp-content\/uploads\/2020\/04\/12_Housing-sociale-1.png' title='12_Housing sociale (1)' alt='' \/><a href='https:\/\/www.icop.it\/wp-content\/uploads\/2020\/04\/12_Housing-sociale-1.png'  class='av-horizontal-gallery-link' aria-hidden='true' data-av_icon='\ue869' data-av_iconfont='entypo-fontello' title=''><\/a><\/div><div class='av-horizontal-gallery-wrap noHover'><img class='av-horizontal-gallery-img' width='1030' height='711' src='https:\/\/www.icop.it\/wp-content\/uploads\/2020\/04\/12_Housing-sociale-2.png' title='12_Housing sociale (2)' alt='' \/><a href='https:\/\/www.icop.it\/wp-content\/uploads\/2020\/04\/12_Housing-sociale-2.png'  class='av-horizontal-gallery-link' aria-hidden='true' data-av_icon='\ue869' data-av_iconfont='entypo-fontello' title=''><\/a><\/div><div class='av-horizontal-gallery-wrap noHover'><img class='av-horizontal-gallery-img' width='1030' height='742' src='https:\/\/www.icop.it\/wp-content\/uploads\/2020\/04\/12_Housing-sociale-3.png' title='12_Housing sociale (3)' alt='' \/><a href='https:\/\/www.icop.it\/wp-content\/uploads\/2020\/04\/12_Housing-sociale-3.png'  class='av-horizontal-gallery-link' aria-hidden='true' data-av_icon='\ue869' data-av_iconfont='entypo-fontello' title=''><\/a><\/div><div class='av-horizontal-gallery-wrap noHover'><img class='av-horizontal-gallery-img' width='1030' height='708' src='https:\/\/www.icop.it\/wp-content\/uploads\/2020\/04\/12_Housing-sociale-4.png' title='12_Housing sociale (4)' alt='' \/><a href='https:\/\/www.icop.it\/wp-content\/uploads\/2020\/04\/12_Housing-sociale-4.png'  class='av-horizontal-gallery-link' aria-hidden='true' data-av_icon='\ue869' data-av_iconfont='entypo-fontello' title=''><\/a><\/div><\/div><\/div><\/div><br \/>\n<div  style='height:10px' class='hr hr-invisible   avia-builder-el-18  el_after_av_horizontal_gallery  el_before_av_textblock  avia-builder-el-first '><span class='hr-inner ' ><span class='hr-inner-style'><\/span><\/span><\/div><br \/>\n<section class=\"av_textblock_section \"  itemscope=\"itemscope\" itemtype=\"https:\/\/schema.org\/CreativeWork\" ><div class='avia_textblock  '   itemprop=\"text\" ><h4><\/h4>\n<h4 class=\"p1\"><span class=\"s2\">Collaboration avec les services sociaux<\/span><\/h4>\n<p class=\"p1\"><span class=\"s1\"> L&rsquo;entreprise collabore avec les services sociaux locaux pour <strong>le placement des personnes en difficult\u00e9<\/strong>.<\/span><\/p>\n<h4 class=\"p1\"><span class=\"s1\">Collaborations avec les communaut\u00e9s locales<\/span><\/h4>\n<p class=\"p1\"><span class=\"s2\"> I.CO.P. finance et r\u00e9alise des travaux au profit des communaut\u00e9s r\u00e9sidantes dans les territoires o\u00f9 l&rsquo;entreprise op\u00e8re avec ses chantiers.<\/span><\/p>\n<p class=\"p1\"><span class=\"s2\">Des exemples de ces collaborations sont:<\/span><\/p>\n<\/div><\/section><\/p><\/div>\n<div  style='height:10px' class='hr hr-invisible   avia-builder-el-20  el_after_av_one_full  el_before_av_one_half '><span class='hr-inner ' ><span class='hr-inner-style'><\/span><\/span><\/div>\n<div class=\"flex_column av_one_half  flex_column_div av-zero-column-padding first  avia-builder-el-21  el_after_av_hr  el_before_av_one_half  \" style='border-radius:0px; '><p><div  style='height:30px' class='hr hr-invisible   avia-builder-el-22  el_before_av_textblock  avia-builder-el-first '><span class='hr-inner ' ><span class='hr-inner-style'><\/span><\/span><\/div><br \/>\n<section class=\"av_textblock_section \"  itemscope=\"itemscope\" itemtype=\"https:\/\/schema.org\/CreativeWork\" ><div class='avia_textblock  '   itemprop=\"text\" ><p><span class=\"s2\"><strong> Appui \u00e0 l&rsquo;\u00e9cole \u00abFrancisco I \u00b0 Madero\u00bb<\/strong>, situ\u00e9e \u00e0 proximit\u00e9 du chantier de construction du gazoduc \u00abTamacunchale &#8211; El Sauz\u00bb, au <strong>Mexique<\/strong>. L&rsquo;entreprise a fait don de mat\u00e9riel pour les activit\u00e9s sportives \u00e0 l&rsquo;\u00e9cole.<\/span><\/p>\n<\/div><\/section><\/p><\/div>\n<div class=\"flex_column av_one_half  flex_column_div av-zero-column-padding   avia-builder-el-24  el_after_av_one_half  el_before_av_one_half  \" style='border-radius:0px; '><div  class='avia-image-container  av-styling-    avia-builder-el-25  avia-builder-el-no-sibling  avia-align-center '  itemprop=\"image\" itemscope=\"itemscope\" itemtype=\"https:\/\/schema.org\/ImageObject\"  ><div class='avia-image-container-inner'><div class='avia-image-overlay-wrap'><img class='avia_image' src='https:\/\/www.icop.it\/wp-content\/uploads\/2020\/05\/Messico_Francisco-I-Madero.jpg' alt='' title='' height=\"576\" width=\"1024\"  itemprop=\"thumbnailUrl\"  \/><\/div><\/div><\/div><\/div>\n<div class=\"flex_column av_one_half  flex_column_div av-zero-column-padding first  avia-builder-el-26  el_after_av_one_half  el_before_av_one_half  column-top-margin\" style='border-radius:0px; '><p><div  style='height:30px' class='hr hr-invisible   avia-builder-el-27  el_before_av_textblock  avia-builder-el-first '><span class='hr-inner ' ><span class='hr-inner-style'><\/span><\/span><\/div><br \/>\n<section class=\"av_textblock_section \"  itemscope=\"itemscope\" itemtype=\"https:\/\/schema.org\/CreativeWork\" ><div class='avia_textblock  '   itemprop=\"text\" ><p><span class=\"s2\"><strong>R\u00e9alisation du championnat \u00abFuturi Olimpionici\u00bb<\/strong>, un \u00e9v\u00e9nement sportif organis\u00e9 pour les enfants de la communaut\u00e9 situ\u00e9e \u00e0 proximit\u00e9 du pont Honda, construit par I.CO.P. en <strong>Colombie<\/strong>. L&rsquo;entreprise a offert une contribution pour l&rsquo;achat d&rsquo;\u00e9quipement sportif pour le tournoi (uniformes, troph\u00e9es, cadeaux de participation) et pour des rafra\u00eechissements.<\/span><\/p>\n<\/div><\/section><\/p><\/div>\n<div class=\"flex_column av_one_half  flex_column_div av-zero-column-padding   avia-builder-el-29  el_after_av_one_half  el_before_av_one_full  column-top-margin\" style='border-radius:0px; '><div  class='avia-image-container  av-styling-    avia-builder-el-30  avia-builder-el-no-sibling  avia-align-center '  itemprop=\"image\" itemscope=\"itemscope\" itemtype=\"https:\/\/schema.org\/ImageObject\"  ><div class='avia-image-container-inner'><div class='avia-image-overlay-wrap'><img class='avia_image' src='https:\/\/www.icop.it\/wp-content\/uploads\/2020\/05\/Colombia_Futuri-olimpionici.png' alt='' title='' height=\"620\" width=\"1107\"  itemprop=\"thumbnailUrl\"  \/><\/div><\/div><\/div><\/div>\n<div class=\"flex_column av_one_full  flex_column_div first  avia-builder-el-31  el_after_av_one_half  avia-builder-el-last  column-top-margin\" style='box-shadow: 0 0 10px 0 #21315f; padding:0 5% 0 5% ; border-radius:0px; '><p><section class=\"av_textblock_section \"  itemscope=\"itemscope\" itemtype=\"https:\/\/schema.org\/CreativeWork\" ><div class='avia_textblock  '   itemprop=\"text\" ><p><strong><img loading=\"lazy\" class=\"wp-image-8089 alignright\" src=\"https:\/\/www.icop.it\/wp-content\/uploads\/2020\/04\/11_Campo-sportivo-Giarrizole-3.jpg\" alt=\"\" width=\"435\" height=\"580\" srcset=\"https:\/\/www.icop.it\/wp-content\/uploads\/2020\/04\/11_Campo-sportivo-Giarrizole-3.jpg 768w, https:\/\/www.icop.it\/wp-content\/uploads\/2020\/04\/11_Campo-sportivo-Giarrizole-3-60x80.jpg 60w, https:\/\/www.icop.it\/wp-content\/uploads\/2020\/04\/11_Campo-sportivo-Giarrizole-3-529x705.jpg 529w\" sizes=\"(max-width: 435px) 100vw, 435px\" \/><\/strong><\/p>\n<p class=\"p1\"><strong>Terrain de sport Giarizzole (Trieste)<\/strong><\/p>\n<p class=\"p1\">Dans les ann\u00e9es 1970-1980, la Maison de la Jeunesse, avec le champ adjacent de Giarizzole, \u00e9tait un centre important d&rsquo;agr\u00e9gation de jeunes dans le quartier dens\u00e9ment peupl\u00e9 qui s&rsquo;est d\u00e9velopp\u00e9 \u00e0 proximit\u00e9 d&rsquo;une ancienne aci\u00e9rie, \u00e9galement connue sous le nom de \u00ab\u00a0Ferriera\u00a0\u00bb. Au fil du temps, le centre a perdu sa fonction d&rsquo;origine en raison du manque de ressources n\u00e9cessaires \u00e0 son entretien; m\u00eame le terrain de football, initialement accessible aux clubs sportifs, a \u00e9t\u00e9 abandonn\u00e9 et la plupart des espaces ext\u00e9rieurs sont devenus inutilisables.<\/p>\n<p class=\"p1\">I.CO.P., soci\u00e9t\u00e9 m\u00e8re de l&rsquo;ATI des soci\u00e9t\u00e9s r\u00e9alisant les travaux de la Plateforme Logistique, a jug\u00e9 important de laisser une trace tangible dans la zone o\u00f9 elle a op\u00e9r\u00e9 pendant quatre ans. Il a impliqu\u00e9 des professionnels et des entreprises impliqu\u00e9s dans la r\u00e9alisation des travaux de ce projet, obtenant un soutien rapide et convaincu \u00e0 l&rsquo;initiative de tous. De cette mani\u00e8re, il a \u00e9t\u00e9 possible de proc\u00e9der \u00e0 la d\u00e9molition et \u00e0 la reconstruction du terrain de football et des tribunes attenantes, dont le co\u00fbt, d&rsquo;environ 450 000 euros, a \u00e9t\u00e9 enti\u00e8rement pris en charge par les entreprises.<\/p>\n<p class=\"p1\">En septembre 2018, le terrain de football historique de Giarizzole, enti\u00e8rement r\u00e9nov\u00e9, a \u00e9t\u00e9 inaugur\u00e9.<\/p>\n<p class=\"p1\">Cette intervention repr\u00e9sente un exemple important de responsabilit\u00e9 sociale des entreprises et un signe de l&rsquo;attention du monde productif envers le territoire qui l&rsquo;h\u00e9berge, en \u00e9troite collaboration entre des r\u00e9alit\u00e9s tr\u00e8s diff\u00e9rentes comme le monde des affaires et celui des associations.<\/p>\n<\/div><\/section><br \/>\n<div  class='avia-image-container  av-styling-    avia-builder-el-33  el_after_av_textblock  el_before_av_hr  avia-align-center '  itemprop=\"image\" itemscope=\"itemscope\" itemtype=\"https:\/\/schema.org\/ImageObject\"  ><div class='avia-image-container-inner'><div class='avia-image-overlay-wrap'><img class='avia_image' src='https:\/\/www.icop.it\/wp-content\/uploads\/2020\/04\/11_Campo-sportivo-Giarrizole-1.jpg' alt='' title='' height=\"777\" width=\"1299\"  itemprop=\"thumbnailUrl\"  \/><\/div><\/div><\/div><br \/>\n<div  style='height:10px' class='hr hr-invisible   avia-builder-el-34  el_after_av_image  avia-builder-el-last '><span class='hr-inner ' ><span class='hr-inner-style'><\/span><\/span><\/div><\/p><\/div>\n","protected":false},"excerpt":{"rendered":"","protected":false},"author":1,"featured_media":0,"parent":18702,"menu_order":0,"comment_status":"closed","ping_status":"closed","template":"","meta":[],"_links":{"self":[{"href":"https:\/\/www.icop.it\/fr\/wp-json\/wp\/v2\/pages\/18733"}],"collection":[{"href":"https:\/\/www.icop.it\/fr\/wp-json\/wp\/v2\/pages"}],"about":[{"href":"https:\/\/www.icop.it\/fr\/wp-json\/wp\/v2\/types\/page"}],"author":[{"embeddable":true,"href":"https:\/\/www.icop.it\/fr\/wp-json\/wp\/v2\/users\/1"}],"replies":[{"embeddable":true,"href":"https:\/\/www.icop.it\/fr\/wp-json\/wp\/v2\/comments?post=18733"}],"version-history":[{"count":4,"href":"https:\/\/www.icop.it\/fr\/wp-json\/wp\/v2\/pages\/18733\/revisions"}],"predecessor-version":[{"id":18883,"href":"https:\/\/www.icop.it\/fr\/wp-json\/wp\/v2\/pages\/18733\/revisions\/18883"}],"up":[{"embeddable":true,"href":"https:\/\/www.icop.it\/fr\/wp-json\/wp\/v2\/pages\/18702"}],"wp:attachment":[{"href":"https:\/\/www.icop.it\/fr\/wp-json\/wp\/v2\/media?parent=18733"}],"curies":[{"name":"wp","href":"https:\/\/api.w.org\/{rel}","templated":true}]}}