{"id":18707,"date":"2020-03-31T11:55:15","date_gmt":"2020-03-31T09:55:15","guid":{"rendered":"https:\/\/www.icop.it\/durabilite\/tecnologie-innovative-e-sostenibili\/"},"modified":"2020-12-01T11:45:07","modified_gmt":"2020-12-01T10:45:07","slug":"technologies-innovantes-et-durables","status":"publish","type":"page","link":"https:\/\/www.icop.it\/fr\/durabilite\/technologies-innovantes-et-durables\/","title":{"rendered":"Technologies innovantes et durables"},"content":{"rendered":"<div id='layer_slider_1'  class='avia-layerslider main_color avia-shadow  avia-builder-el-0  el_before_av_one_full  avia-builder-el-first  container_wrap sidebar_left' style='  height: 351px; max-width: 1280px; margin: 0 auto;' ><\/div><div id='after_layer_slider_1'  class='main_color av_default_container_wrap container_wrap sidebar_left' style=' '  ><div class='container' ><div class='template-page content  av-content-small units'><div class='post-entry post-entry-type-page post-entry-18707'><div class='entry-content-wrapper clearfix'>\n<div class=\"flex_column av_one_full  flex_column_div av-zero-column-padding first  avia-builder-el-1  el_after_av_layerslider  avia-builder-el-no-sibling  \" style='border-radius:0px; '><section class=\"av_textblock_section \"  itemscope=\"itemscope\" itemtype=\"https:\/\/schema.org\/CreativeWork\" ><div class='avia_textblock  '   itemprop=\"text\" ><h4 class=\"p1\"><span class=\"s1\"> La protection de l&rsquo;environnement et le talent pour l&rsquo;innovation coordonnent chaque activit\u00e9 de I.CO.P. S<\/span><\/h4>\n<p class=\"p1\"><span class=\"s1\">I.CO.P. a toujours accord\u00e9 une attention particuli\u00e8re au th\u00e8me de l&rsquo;<strong>innovation<\/strong> et de la durabilit\u00e9. L&rsquo;entreprise porte une grande attention au <strong>domaine<\/strong> dans lequel elle op\u00e8re et adopte des technologies, des syst\u00e8mes et des produits utiles pour <strong>limiter l&rsquo;impact sur l&rsquo;environnement<\/strong> caus\u00e9 par l&rsquo;utilisation de ses machines.<br \/>\n<\/span><\/p>\n<\/div><\/section><br \/>\n<div  class='avia-image-container  av-styling-    avia-builder-el-3  el_after_av_textblock  avia-builder-el-last  avia-align-center '  itemprop=\"image\" itemscope=\"itemscope\" itemtype=\"https:\/\/schema.org\/ImageObject\"  ><div class='avia-image-container-inner'><div class='avia-image-overlay-wrap'><img class='avia_image' src='https:\/\/www.icop.it\/wp-content\/uploads\/2020\/05\/arcobaleno-2-scaled.jpg' alt='' title='' height=\"1204\" width=\"2560\"  itemprop=\"thumbnailUrl\"  \/><\/div><\/div><\/div><\/p><\/div>\n","protected":false},"excerpt":{"rendered":"","protected":false},"author":1,"featured_media":0,"parent":18702,"menu_order":0,"comment_status":"closed","ping_status":"closed","template":"","meta":[],"_links":{"self":[{"href":"https:\/\/www.icop.it\/fr\/wp-json\/wp\/v2\/pages\/18707"}],"collection":[{"href":"https:\/\/www.icop.it\/fr\/wp-json\/wp\/v2\/pages"}],"about":[{"href":"https:\/\/www.icop.it\/fr\/wp-json\/wp\/v2\/types\/page"}],"author":[{"embeddable":true,"href":"https:\/\/www.icop.it\/fr\/wp-json\/wp\/v2\/users\/1"}],"replies":[{"embeddable":true,"href":"https:\/\/www.icop.it\/fr\/wp-json\/wp\/v2\/comments?post=18707"}],"version-history":[{"count":4,"href":"https:\/\/www.icop.it\/fr\/wp-json\/wp\/v2\/pages\/18707\/revisions"}],"predecessor-version":[{"id":18874,"href":"https:\/\/www.icop.it\/fr\/wp-json\/wp\/v2\/pages\/18707\/revisions\/18874"}],"up":[{"embeddable":true,"href":"https:\/\/www.icop.it\/fr\/wp-json\/wp\/v2\/pages\/18702"}],"wp:attachment":[{"href":"https:\/\/www.icop.it\/fr\/wp-json\/wp\/v2\/media?parent=18707"}],"curies":[{"name":"wp","href":"https:\/\/api.w.org\/{rel}","templated":true}]}}