{"id":18702,"date":"2020-02-28T19:09:08","date_gmt":"2020-02-28T18:09:08","guid":{"rendered":"https:\/\/www.icop.it\/sostenibilita\/"},"modified":"2020-12-01T11:57:31","modified_gmt":"2020-12-01T10:57:31","slug":"durabilite","status":"publish","type":"page","link":"https:\/\/www.icop.it\/fr\/durabilite\/","title":{"rendered":"Durabilit\u00e9"},"content":{"rendered":"<div id='layer_slider_1'  class='avia-layerslider main_color avia-shadow  avia-builder-el-0  el_before_av_one_half  avia-builder-el-first  container_wrap sidebar_left' style='  height: 351px; max-width: 1280px; margin: 0 auto;' ><\/div><div id='after_layer_slider_1'  class='main_color av_default_container_wrap container_wrap sidebar_left' style=' '  ><div class='container' ><div class='template-page content  av-content-small units'><div class='post-entry post-entry-type-page post-entry-18702'><div class='entry-content-wrapper clearfix'>\n<div class=\"flex_column av_one_half  flex_column_div av-zero-column-padding first  avia-builder-el-1  el_after_av_layerslider  el_before_av_one_half  avia-builder-el-first  \" style='border-radius:0px; '><section class=\"av_textblock_section \"  itemscope=\"itemscope\" itemtype=\"https:\/\/schema.org\/CreativeWork\" ><div class='avia_textblock  '   itemprop=\"text\" ><p class=\"p1\"><strong>L&rsquo;engagement de I.CO.P.<\/strong><\/p>\n<p class=\"p2\">I.CO.P. a toujours investi beaucoup d&rsquo;\u00e9nergie et de ressources financi\u00e8res dans le domaine du <strong>d\u00e9veloppement durable<\/strong>, principe cardinal pour l&rsquo;entreprise: l&rsquo;attention au respect des <strong>r\u00e8gles \u00e9thiques et de la responsabilit\u00e9 sociale<\/strong> dans l&rsquo;exercice de ses activit\u00e9s est un engagement constant de l&rsquo;entreprise.<\/p>\n<p class=\"p2\">I.CO.P. est membre de la fondation <strong>Sodalitas<\/strong> et adh\u00e8re au <strong>Pacte mondial des Nations Unies<\/strong>, afin de renforcer la coop\u00e9ration en mati\u00e8re de durabilit\u00e9.<\/p>\n<p class=\"p2\">L&rsquo;entreprise d\u00e9cline sa vocation sociale dans de <strong>nombreuses activit\u00e9s<\/strong>, qui se d\u00e9veloppent selon deux directives: la <strong>durabilit\u00e9 sociale<\/strong> (coop\u00e9ration internationale, bien-\u00eatre des entreprises, r\u00e9seau avec le territoire) et <strong>environnementale<\/strong> (technologies innovantes et durables, r\u00e9duction des \u00e9missions).<\/p>\n<\/div><\/section><\/div>\n<div class=\"flex_column av_one_half  flex_column_div av-zero-column-padding   avia-builder-el-3  el_after_av_one_half  avia-builder-el-last  \" style='border-radius:0px; '><div  class='avia-image-container  av-styling-    avia-builder-el-4  avia-builder-el-no-sibling  avia-align-center '  itemprop=\"image\" itemscope=\"itemscope\" itemtype=\"https:\/\/schema.org\/ImageObject\"  ><div class='avia-image-container-inner'><div class='avia-image-overlay-wrap'><img class='avia_image' src='https:\/\/www.icop.it\/wp-content\/uploads\/2020\/04\/sdg-icop-1_new.png' alt='' title='sdg-icop-1_new' height=\"900\" width=\"900\"  itemprop=\"thumbnailUrl\"  \/><\/div><\/div><\/div><\/div>\n","protected":false},"excerpt":{"rendered":"","protected":false},"author":1,"featured_media":0,"parent":0,"menu_order":0,"comment_status":"closed","ping_status":"closed","template":"","meta":[],"_links":{"self":[{"href":"https:\/\/www.icop.it\/fr\/wp-json\/wp\/v2\/pages\/18702"}],"collection":[{"href":"https:\/\/www.icop.it\/fr\/wp-json\/wp\/v2\/pages"}],"about":[{"href":"https:\/\/www.icop.it\/fr\/wp-json\/wp\/v2\/types\/page"}],"author":[{"embeddable":true,"href":"https:\/\/www.icop.it\/fr\/wp-json\/wp\/v2\/users\/1"}],"replies":[{"embeddable":true,"href":"https:\/\/www.icop.it\/fr\/wp-json\/wp\/v2\/comments?post=18702"}],"version-history":[{"count":4,"href":"https:\/\/www.icop.it\/fr\/wp-json\/wp\/v2\/pages\/18702\/revisions"}],"predecessor-version":[{"id":18889,"href":"https:\/\/www.icop.it\/fr\/wp-json\/wp\/v2\/pages\/18702\/revisions\/18889"}],"wp:attachment":[{"href":"https:\/\/www.icop.it\/fr\/wp-json\/wp\/v2\/media?parent=18702"}],"curies":[{"name":"wp","href":"https:\/\/api.w.org\/{rel}","templated":true}]}}