{"id":18689,"date":"2020-02-28T18:55:51","date_gmt":"2020-02-28T17:55:51","guid":{"rendered":"https:\/\/www.icop.it\/innovation\/tecnologie-costruttive\/"},"modified":"2020-12-01T11:42:29","modified_gmt":"2020-12-01T10:42:29","slug":"technologies-de-construction","status":"publish","type":"page","link":"https:\/\/www.icop.it\/fr\/innovation\/technologies-de-construction\/","title":{"rendered":"Technologies de construction"},"content":{"rendered":"<div id='layer_slider_1'  class='avia-layerslider main_color avia-shadow  avia-builder-el-0  el_before_av_one_full  avia-builder-el-first  container_wrap sidebar_left' style='  height: 351px; max-width: 1280px; margin: 0 auto;' ><\/div><div id='after_layer_slider_1'  class='main_color av_default_container_wrap container_wrap sidebar_left' style=' '  ><div class='container' ><div class='template-page content  av-content-small units'><div class='post-entry post-entry-type-page post-entry-18689'><div class='entry-content-wrapper clearfix'>\n<div class=\"flex_column av_one_full  flex_column_div av-zero-column-padding first  avia-builder-el-1  el_after_av_layerslider  el_before_av_hr  avia-builder-el-first  \" style='border-radius:0px; '><section class=\"av_textblock_section \"  itemscope=\"itemscope\" itemtype=\"https:\/\/schema.org\/CreativeWork\" ><div class='avia_textblock  '   itemprop=\"text\" ><h4 class=\"p1\"><strong><span class=\"s1\"> Pour I.CO.P. \u00eatre un leader signifie agir en visant l&rsquo;avenir, en \u00e9valuant les exp\u00e9riences pr\u00e9c\u00e9dentes avec la sagesse <\/span><\/strong><\/h4>\n<p class=\"p1\"><span class=\"s1\">L&rsquo;objectif principal de I.CO.P. est de garantir la<strong> qualit\u00e9 et la pr\u00e9cision des travaux de fondation, des microtunnels et \u00ab\u00a0direct pipe\u00a0\u00bb, des travaux maritimes et des constructions de b\u00e2timents et de routes<\/strong>. L&rsquo;entreprise, <strong>depuis plus de 100 ans<\/strong>, se distingue par son engagement fort et continu dans le domaine de la Recherche et D\u00e9veloppement.<\/span><\/p>\n<\/div><\/section><\/div>\n<div  style='height:1px; margin-top:-50px'  class='hr hr-invisible   avia-builder-el-3  el_after_av_one_full  el_before_av_one_half '><span class='hr-inner ' ><span class='hr-inner-style'><\/span><\/span><\/div>\n<div class=\"flex_column av_one_half  flex_column_div av-zero-column-padding first  avia-builder-el-4  el_after_av_hr  el_before_av_one_half  \" style='border-radius:0px; '><section class=\"av_textblock_section \"  itemscope=\"itemscope\" itemtype=\"https:\/\/schema.org\/CreativeWork\" ><div class='avia_textblock  '   itemprop=\"text\" ><p class=\"p1\">Constante est <strong>l&rsquo;innovation d\u2019I.CO.P<\/strong>. gr\u00e2ce \u00e0 l&rsquo;utilisation de la technologie, des machines et des normes les plus avanc\u00e9es, sans jamais perdre de vue la tradition et les r\u00e8gles de l&rsquo;art.<\/p>\n<p class=\"p1\">Le secteur Recherche et D\u00e9veloppement de la Soci\u00e9t\u00e9 se caract\u00e9rise par le besoin permanent de <strong>trouver des solutions simples \u00e0 des probl\u00e8mes complexes<\/strong> et de rendre r\u00e9alisables les travaux et structures relatifs aux contrats acquis selon des crit\u00e8res de qualit\u00e9 et de compatibilit\u00e9 \u00e9conomique. Par cons\u00e9quent, des <strong>nouvelles technologies<\/strong> sont d\u00e9velopp\u00e9es, adapt\u00e9es \u00e0 chaque conception avec un niveau de d\u00e9tail \u00e9lev\u00e9 et, par cons\u00e9quent, un niveau de contr\u00f4le \u00e9lev\u00e9.<\/p>\n<\/div><\/section><br \/>\n<section class=\"av_textblock_section \"  itemscope=\"itemscope\" itemtype=\"https:\/\/schema.org\/CreativeWork\" ><div class='avia_textblock  '   itemprop=\"text\" ><p class=\"p1\">Au cours de sa longue histoire, I.CO.P. a introduit divers proc\u00e9d\u00e9s sur le territoire national, ayant \u00e9t\u00e9 parmi les premi\u00e8res entreprises \u00e0 traiter d&rsquo;abord les ponts avec un tablier en dalle continue, les microtunnels, les fondations profondes, puis aussi la cong\u00e9lation de sol.<\/p>\n<p class=\"p1\">La collaboration avec certains fournisseurs de machines et d\u2019engins est d\u00e9sormais de longue date, conduisant au d\u00e9veloppement de nouveaux outils, mat\u00e9riels et machines. De plus, plus d&rsquo;une douzaine de brevets ont \u00e9t\u00e9 d\u00e9velopp\u00e9s et d\u00e9pos\u00e9s.<\/p>\n<p class=\"p1\">Aussi pour la construction de la plate-forme logistique de Trieste qui impliquait, entre autres, la construction de 800 pieux en mer, sans r\u00e9f\u00e9rence fixe, \u00e0 une distance mutuelle de dix m\u00e8tres avec une tol\u00e9rance maximale de quelques centim\u00e8tres, un gabarit sp\u00e9cial flottant a \u00e9t\u00e9 construit. Il se constitue d&rsquo;\u00e9l\u00e9ments pour un d\u00e9montage et un remontage rapides, une unit\u00e9 hydraulique et des dispositifs de centrage qui garantissent un positionnement pr\u00e9cis, permettant aux travailleurs de travailler confortablement, en toute s\u00e9curit\u00e9 et avec pr\u00e9cision.<\/p>\n<\/div><\/section><\/p><\/div>\n<div class=\"flex_column av_one_half  flex_column_div av-zero-column-padding   avia-builder-el-7  el_after_av_one_half  el_before_av_one_full  \" style='border-radius:0px; '><p><div  style='height:20px' class='hr hr-invisible   avia-builder-el-8  el_before_av_image  avia-builder-el-first '><span class='hr-inner ' ><span class='hr-inner-style'><\/span><\/span><\/div><br \/>\n<div  class='avia-image-container  av-styling-    avia-builder-el-9  el_after_av_hr  avia-builder-el-last  avia-align-center '  itemprop=\"image\" itemscope=\"itemscope\" itemtype=\"https:\/\/schema.org\/ImageObject\"  ><div class='avia-image-container-inner'><div class='avia-image-overlay-wrap'><img class='avia_image' src='https:\/\/www.icop.it\/wp-content\/uploads\/2020\/05\/IMG_2369.jpg' alt='' title='' height=\"1600\" width=\"1200\"  itemprop=\"thumbnailUrl\"  \/><\/div><\/div><\/div><\/p><\/div>\n<div class=\"flex_column av_one_full  flex_column_div av-zero-column-padding first  avia-builder-el-10  el_after_av_one_half  avia-builder-el-last  column-top-margin\" style='border-radius:0px; '><div  class='av-horizontal-gallery av-horizontal-gallery-large-gap av-horizontal-gallery-enlarge-effect av-horizontal-gallery-1  avia-builder-el-11  avia-builder-el-no-sibling  av-control-default '  itemprop=\"image\" itemscope=\"itemscope\" itemtype=\"https:\/\/schema.org\/ImageObject\"  style='padding: 3.75% 0px;' data-av-enlarge='1.3'  ><div class='avia-slideshow-arrows avia-slideshow-controls'><a href='#prev' class='prev-slide av-horizontal-gallery-prev' aria-hidden='true' data-av_icon='\ue87c' data-av_iconfont='entypo-fontello'>Pr\u00e9c\u00e9dent<\/a><a href='#next' class='next-slide av-horizontal-gallery-next' aria-hidden='true' data-av_icon='\ue87d' data-av_iconfont='entypo-fontello'>Suivant <\/a><\/div><div class='av-horizontal-gallery-inner' style='padding-bottom:25%' data-av-height='25'><div class='av-horizontal-gallery-slider'><div class='av-horizontal-gallery-wrap noHover'><img class='av-horizontal-gallery-img' width='1030' height='579' src='https:\/\/www.icop.it\/wp-content\/uploads\/2020\/05\/WP_20170622_10_19_00_Pro.jpg' title='' alt='' \/><a href='https:\/\/www.icop.it\/wp-content\/uploads\/2020\/05\/WP_20170622_10_19_00_Pro.jpg'  class='av-horizontal-gallery-link' aria-hidden='true' data-av_icon='\ue869' data-av_iconfont='entypo-fontello' title=''><\/a><\/div><div class='av-horizontal-gallery-wrap noHover'><img class='av-horizontal-gallery-img' width='1030' height='579' src='https:\/\/www.icop.it\/wp-content\/uploads\/2020\/05\/P1460720-scaled.jpg' title='' alt='' \/><a href='https:\/\/www.icop.it\/wp-content\/uploads\/2020\/05\/P1460720-scaled.jpg'  class='av-horizontal-gallery-link' aria-hidden='true' data-av_icon='\ue869' data-av_iconfont='entypo-fontello' title=''><\/a><\/div><div class='av-horizontal-gallery-wrap noHover'><img class='av-horizontal-gallery-img' width='773' height='1030' src='https:\/\/www.icop.it\/wp-content\/uploads\/2020\/05\/IMG_2369.jpg' title='' alt='' \/><a href='https:\/\/www.icop.it\/wp-content\/uploads\/2020\/05\/IMG_2369.jpg'  class='av-horizontal-gallery-link' aria-hidden='true' data-av_icon='\ue869' data-av_iconfont='entypo-fontello' title=''><\/a><\/div><div class='av-horizontal-gallery-wrap noHover'><img class='av-horizontal-gallery-img' width='1030' height='773' src='https:\/\/www.icop.it\/wp-content\/uploads\/2020\/05\/IMG_4343-scaled.jpg' title='' alt='' \/><a href='https:\/\/www.icop.it\/wp-content\/uploads\/2020\/05\/IMG_4343-scaled.jpg'  class='av-horizontal-gallery-link' aria-hidden='true' data-av_icon='\ue869' data-av_iconfont='entypo-fontello' title=''><\/a><\/div><div class='av-horizontal-gallery-wrap noHover'><img class='av-horizontal-gallery-img' width='687' height='1030' src='https:\/\/www.icop.it\/wp-content\/uploads\/2020\/05\/2017_11_02_5837-scaled.jpg' title='' alt='' \/><a href='https:\/\/www.icop.it\/wp-content\/uploads\/2020\/05\/2017_11_02_5837-scaled.jpg'  class='av-horizontal-gallery-link' aria-hidden='true' data-av_icon='\ue869' data-av_iconfont='entypo-fontello' title=''><\/a><\/div><\/div><\/div><\/div><\/div>\n","protected":false},"excerpt":{"rendered":"","protected":false},"author":1,"featured_media":0,"parent":18680,"menu_order":0,"comment_status":"closed","ping_status":"closed","template":"","meta":[],"_links":{"self":[{"href":"https:\/\/www.icop.it\/fr\/wp-json\/wp\/v2\/pages\/18689"}],"collection":[{"href":"https:\/\/www.icop.it\/fr\/wp-json\/wp\/v2\/pages"}],"about":[{"href":"https:\/\/www.icop.it\/fr\/wp-json\/wp\/v2\/types\/page"}],"author":[{"embeddable":true,"href":"https:\/\/www.icop.it\/fr\/wp-json\/wp\/v2\/users\/1"}],"replies":[{"embeddable":true,"href":"https:\/\/www.icop.it\/fr\/wp-json\/wp\/v2\/comments?post=18689"}],"version-history":[{"count":4,"href":"https:\/\/www.icop.it\/fr\/wp-json\/wp\/v2\/pages\/18689\/revisions"}],"predecessor-version":[{"id":18857,"href":"https:\/\/www.icop.it\/fr\/wp-json\/wp\/v2\/pages\/18689\/revisions\/18857"}],"up":[{"embeddable":true,"href":"https:\/\/www.icop.it\/fr\/wp-json\/wp\/v2\/pages\/18680"}],"wp:attachment":[{"href":"https:\/\/www.icop.it\/fr\/wp-json\/wp\/v2\/media?parent=18689"}],"curies":[{"name":"wp","href":"https:\/\/api.w.org\/{rel}","templated":true}]}}