{"id":18684,"date":"2020-04-17T19:44:53","date_gmt":"2020-04-17T17:44:53","guid":{"rendered":"https:\/\/www.icop.it\/innovation\/digitalizzazione\/"},"modified":"2020-12-01T11:41:38","modified_gmt":"2020-12-01T10:41:38","slug":"digitalisation","status":"publish","type":"page","link":"https:\/\/www.icop.it\/fr\/innovation\/digitalisation\/","title":{"rendered":"Digitalisation"},"content":{"rendered":"<div id='layer_slider_1'  class='avia-layerslider main_color avia-shadow  avia-builder-el-0  el_before_av_one_full  avia-builder-el-first  container_wrap sidebar_left' style='  height: 351px; max-width: 1280px; margin: 0 auto;' ><\/div><div id='after_layer_slider_1'  class='main_color av_default_container_wrap container_wrap sidebar_left' style=' '  ><div class='container' ><div class='template-page content  av-content-small units'><div class='post-entry post-entry-type-page post-entry-18684'><div class='entry-content-wrapper clearfix'>\n<div class=\"flex_column av_one_full  flex_column_div av-zero-column-padding first  avia-builder-el-1  el_after_av_layerslider  el_before_av_one_full  avia-builder-el-first  \" style='border-radius:0px; '><section class=\"av_textblock_section \"  itemscope=\"itemscope\" itemtype=\"https:\/\/schema.org\/CreativeWork\" ><div class='avia_textblock  '   itemprop=\"text\" ><h4 class=\"p1\"><span class=\"s1\"> De la mod\u00e9lisation des informations du b\u00e2timent aux plateformes informatiques d\u00e9velopp\u00e9es pour la gestion de la production. Le tout dans le mod\u00e8le num\u00e9rique I.CO.P. c&rsquo;est efficace et efficient.<\/span><\/h4>\n<p class=\"p1\">\u00c0 partir de 2016, <strong>I.CO.P.<\/strong> conjointement avec le secteur <strong>R&amp;D et TIC<\/strong>, ils se sont consacr\u00e9s au projet d&rsquo;introduction et de mise en \u0153uvre du <strong>BIM<\/strong> dans l&rsquo;entreprise. La mod\u00e9lisation de l&rsquo;information des infrastructures \u00e0 r\u00e9aliser est une m\u00e9thodologie et une approche innovantes de la <strong>conception, de la construction et de la gestion des projets<\/strong>, ainsi que de la num\u00e9risation des processus commerciaux.<\/p>\n<p class=\"p1\">Le projet de d<strong>igitalisation de l&rsquo;entreprise<\/strong> se caract\u00e9rise par une \u00e9volution et un raffinement constants des flux li\u00e9s aux innovations introduites, tant par le <strong>BIM<\/strong> que par les <strong>plateformes informatiques d\u00e9velopp\u00e9es ad hoc<\/strong> pour la gestion de la production, pour am\u00e9liorer l&rsquo;efficacit\u00e9 du partage des donn\u00e9es et pour le <strong>Contr\u00f4le de qualit\u00e9<\/strong>.<\/p>\n<\/div><\/section><\/div>\n<div class=\"flex_column av_one_full  flex_column_div av-zero-column-padding first  avia-builder-el-3  el_after_av_one_full  el_before_av_one_half  column-top-margin\" style='border-radius:0px; '><div  class='avia-image-container  av-styling-    avia-builder-el-4  avia-builder-el-no-sibling  avia-align-center '  itemprop=\"image\" itemscope=\"itemscope\" itemtype=\"https:\/\/schema.org\/ImageObject\"  ><div class='avia-image-container-inner'><div class='avia-image-overlay-wrap'><img class='avia_image' src='https:\/\/www.icop.it\/wp-content\/uploads\/2020\/05\/Progettazione-2.png' alt='' title='' height=\"1200\" width=\"1920\"  itemprop=\"thumbnailUrl\"  \/><\/div><\/div><\/div><\/div>\n<div class=\"flex_column av_one_half  flex_column_div av-zero-column-padding first  avia-builder-el-5  el_after_av_one_full  el_before_av_one_half  column-top-margin\" style='border-radius:0px; '><section class=\"av_textblock_section \"  itemscope=\"itemscope\" itemtype=\"https:\/\/schema.org\/CreativeWork\" ><div class='avia_textblock  '   itemprop=\"text\" ><p class=\"p1\">Parmi les innovations introduites dans ce processus \u00e9volutif, la collaboration entre le bureau technique et le chantier a \u00e9t\u00e9 rendue encore plus efficace gr\u00e2ce \u00e0 l&rsquo;utilisation d&rsquo;une plateforme de <strong>collaboration de projet bas\u00e9e sur le cloud<\/strong>. Cela vous permet de <strong>partager en temps r\u00e9el les mod\u00e8les BIM<\/strong> et les donn\u00e9es param\u00e9triques qu&rsquo;ils contiennent. Les techniciens du projet, pendant toutes les phases de la construction de l&rsquo;ouvrage, de la conception \u00e0 la gestion, peuvent en effet facilement visualiser, partager, coordonner et commenter les mod\u00e8les <strong>BIM<\/strong> de partout et \u00e0 tout moment. Ces informations sont accessibles via une tablette depuis le site qui, de m\u00eame, renvoie des informations sur les interf\u00e9rences ou les non-conformit\u00e9s, cr\u00e9ant un lien direct et rapide entre le si\u00e8ge social et le site. Le projet de <strong>Trieste Logistics Platform<\/strong> a \u00e9t\u00e9 la premi\u00e8re opportunit\u00e9 pour une application extensive du nouveau logiciel, qui est suivie par d&rsquo;autres activit\u00e9s sur d&rsquo;autres chantiers de construction.<\/p>\n<\/div><\/section><\/div>\n<div class=\"flex_column av_one_half  flex_column_div av-zero-column-padding   avia-builder-el-7  el_after_av_one_half  el_before_av_one_half  column-top-margin\" style='border-radius:0px; '><p><div  style='height:30px' class='hr hr-invisible   avia-builder-el-8  el_before_av_image  avia-builder-el-first '><span class='hr-inner ' ><span class='hr-inner-style'><\/span><\/span><\/div><br \/>\n<div  class='avia-image-container  av-styling-    avia-builder-el-9  el_after_av_hr  el_before_av_image  avia-align-center '  itemprop=\"image\" itemscope=\"itemscope\" itemtype=\"https:\/\/schema.org\/ImageObject\"  ><div class='avia-image-container-inner'><div class='avia-image-overlay-wrap'><img class='avia_image' src='https:\/\/www.icop.it\/wp-content\/uploads\/2020\/05\/Progettazione-1-scaled.jpg' alt='' title='' height=\"1707\" width=\"2560\"  itemprop=\"thumbnailUrl\"  \/><\/div><\/div><\/div><br \/>\n<div  class='avia-image-container  av-styling-    avia-builder-el-10  el_after_av_image  avia-builder-el-last  avia-align-center '  itemprop=\"image\" itemscope=\"itemscope\" itemtype=\"https:\/\/schema.org\/ImageObject\"  ><div class='avia-image-container-inner'><div class='avia-image-overlay-wrap'><img class='avia_image' src='https:\/\/www.icop.it\/wp-content\/uploads\/2020\/05\/Progettazione-2.jpg' alt='' title='' height=\"960\" width=\"1848\"  itemprop=\"thumbnailUrl\"  \/><\/div><\/div><\/div><\/p><\/div>\n<div class=\"flex_column av_one_half  flex_column_div av-zero-column-padding first  avia-builder-el-11  el_after_av_one_half  el_before_av_one_half  column-top-margin\" style='border-radius:0px; '><p><div  class='avia-image-container  av-styling-    avia-builder-el-12  el_before_av_image  avia-builder-el-first  avia-align-center '  itemprop=\"image\" itemscope=\"itemscope\" itemtype=\"https:\/\/schema.org\/ImageObject\"  ><div class='avia-image-container-inner'><div class='avia-image-overlay-wrap'><img class='avia_image' src='https:\/\/www.icop.it\/wp-content\/uploads\/2020\/05\/Scambio-dati-3.png' alt='' title='' height=\"1080\" width=\"1920\"  itemprop=\"thumbnailUrl\"  \/><\/div><\/div><\/div><br \/>\n<div  class='avia-image-container  av-styling-    avia-builder-el-13  el_after_av_image  avia-builder-el-last  avia-align-center '  itemprop=\"image\" itemscope=\"itemscope\" itemtype=\"https:\/\/schema.org\/ImageObject\"  ><div class='avia-image-container-inner'><div class='avia-image-overlay-wrap'><img class='avia_image' src='https:\/\/www.icop.it\/wp-content\/uploads\/2020\/05\/Scambio-dati-2.png' alt='' title='' height=\"480\" width=\"848\"  itemprop=\"thumbnailUrl\"  \/><\/div><\/div><\/div><\/p><\/div>\n<div class=\"flex_column av_one_half  flex_column_div av-zero-column-padding   avia-builder-el-14  el_after_av_one_half  avia-builder-el-last  column-top-margin\" style='border-radius:0px; '><section class=\"av_textblock_section \"  itemscope=\"itemscope\" itemtype=\"https:\/\/schema.org\/CreativeWork\" ><div class='avia_textblock  '   itemprop=\"text\" ><p class=\"p1\">Le chemin emprunt\u00e9 par I.CO.P. pour rationaliser la structure des \u00e9changes, son objectif principal, a \u00e9t\u00e9 l&rsquo;interconnexion des diff\u00e9rentes fonctions de l&rsquo;entreprise \u00e0 travers le <strong>partage des informations<\/strong> produites gr\u00e2ce \u00e0 l&rsquo;utilisation de <strong>logiciels de mod\u00e9lisation<\/strong>, de plateformes de gestion et de donn\u00e9es issues des portails machines du site.<\/p>\n<p class=\"p1\">De <strong>nombreuses machines<\/strong> de forage pour les fondations ainsi que les <strong>microtunneliers<\/strong>, ont \u00e9t\u00e9 \u00e9quip\u00e9es d&rsquo;un \u00e9change de donn\u00e9es \u00e0 distance, permettant ainsi \u00e0 la fois un suivi<span class=\"Apple-converted-space\">\u00a0 <\/span>de la maintenance et une gestion plus efficace des donn\u00e9es de production. Gr\u00e2ce \u00e0 la <strong>gestion \u00e0 distance des donn\u00e9es<\/strong>, il a \u00e9galement \u00e9t\u00e9 possible d&rsquo;int\u00e9grer une section d\u00e9di\u00e9e \u00e0 l&rsquo;avancement du chantier par rapport \u00e0 la production avec des mises \u00e0 jour en temps r\u00e9el sur l&rsquo;<strong>intranet de l&rsquo;entreprise<\/strong>.<\/p>\n<\/div><\/section><\/div>\n","protected":false},"excerpt":{"rendered":"","protected":false},"author":1,"featured_media":0,"parent":18680,"menu_order":0,"comment_status":"closed","ping_status":"closed","template":"","meta":[],"_links":{"self":[{"href":"https:\/\/www.icop.it\/fr\/wp-json\/wp\/v2\/pages\/18684"}],"collection":[{"href":"https:\/\/www.icop.it\/fr\/wp-json\/wp\/v2\/pages"}],"about":[{"href":"https:\/\/www.icop.it\/fr\/wp-json\/wp\/v2\/types\/page"}],"author":[{"embeddable":true,"href":"https:\/\/www.icop.it\/fr\/wp-json\/wp\/v2\/users\/1"}],"replies":[{"embeddable":true,"href":"https:\/\/www.icop.it\/fr\/wp-json\/wp\/v2\/comments?post=18684"}],"version-history":[{"count":4,"href":"https:\/\/www.icop.it\/fr\/wp-json\/wp\/v2\/pages\/18684\/revisions"}],"predecessor-version":[{"id":18854,"href":"https:\/\/www.icop.it\/fr\/wp-json\/wp\/v2\/pages\/18684\/revisions\/18854"}],"up":[{"embeddable":true,"href":"https:\/\/www.icop.it\/fr\/wp-json\/wp\/v2\/pages\/18680"}],"wp:attachment":[{"href":"https:\/\/www.icop.it\/fr\/wp-json\/wp\/v2\/media?parent=18684"}],"curies":[{"name":"wp","href":"https:\/\/api.w.org\/{rel}","templated":true}]}}