{"id":18680,"date":"2020-02-28T18:51:57","date_gmt":"2020-02-28T17:51:57","guid":{"rendered":"https:\/\/www.icop.it\/innovazione\/"},"modified":"2020-12-01T12:02:40","modified_gmt":"2020-12-01T11:02:40","slug":"innovation","status":"publish","type":"page","link":"https:\/\/www.icop.it\/fr\/innovation\/","title":{"rendered":"Innovation"},"content":{"rendered":"<div id='layer_slider_1'  class='avia-layerslider main_color avia-shadow  avia-builder-el-0  el_before_av_one_full  avia-builder-el-first  container_wrap sidebar_left' style='  height: 351px; max-width: 1280px; margin: 0 auto;' ><\/div><div id='after_layer_slider_1'  class='main_color av_default_container_wrap container_wrap sidebar_left' style=' '  ><div class='container' ><div class='template-page content  av-content-small units'><div class='post-entry post-entry-type-page post-entry-18680'><div class='entry-content-wrapper clearfix'>\n<div class=\"flex_column av_one_full  flex_column_div av-zero-column-padding first  avia-builder-el-1  el_after_av_layerslider  el_before_av_hr  avia-builder-el-first  \" style='border-radius:0px; '><section class=\"av_textblock_section \"  itemscope=\"itemscope\" itemtype=\"https:\/\/schema.org\/CreativeWork\" ><div class='avia_textblock  '   itemprop=\"text\" ><h4><\/h4>\n<h4 class=\"p1\"><span class=\"s1\">Innovation, pour concevoir de nouvelles solutions et identifier des nouvelles technologies de construction. Digitalisation de l&rsquo;entreprise, pour qu&rsquo;aucun chantier de construction ne soit jamais trop loin pour I.CO.P.<\/span><\/h4>\n<p><span class=\"s2\">La Soci\u00e9t\u00e9 maintient ses <strong>techniques et technologies au plus haut niveau<\/strong> et a toujours fait un effort constant en <strong>Recherche et D\u00e9veloppement<\/strong>, mettant au service du client de <strong>nouvelles technologies<\/strong> capables d&rsquo;attaquer des secteurs de niche, dans lesquels assumer des positions de leadership technologique.<\/span><span class=\"s3\"><br \/>\n<\/span><span class=\"s2\">L&rsquo;activit\u00e9 se d\u00e9veloppe dans tous les secteurs typiques des activit\u00e9s I.CO.P., directement ou avec l&rsquo;implication d&rsquo;autres op\u00e9rateurs.<\/span><\/p>\n<\/div><\/section><\/div>\n<div  style='height:1px; margin-top:-50px'  class='hr hr-invisible   avia-builder-el-3  el_after_av_one_full  el_before_av_one_full '><span class='hr-inner ' ><span class='hr-inner-style'><\/span><\/span><\/div>\n<div class=\"flex_column av_one_full  flex_column_div av-zero-column-padding first  avia-builder-el-4  el_after_av_hr  avia-builder-el-last  \" style='border-radius:0px; '><section class=\"av_textblock_section \"  itemscope=\"itemscope\" itemtype=\"https:\/\/schema.org\/CreativeWork\" ><div class='avia_textblock  '   itemprop=\"text\" ><p style=\"text-align: center;\"><iframe loading=\"lazy\" src=\"https:\/\/www.youtube-nocookie.com\/embed\/wjuYYsQLmdI?color=white\" width=\"1200\" height=\"675\" frameborder=\"0\" allowfullscreen=\"allowfullscreen\"><\/iframe><\/p>\n<\/div><\/section><\/div>\n","protected":false},"excerpt":{"rendered":"","protected":false},"author":1,"featured_media":0,"parent":0,"menu_order":0,"comment_status":"closed","ping_status":"closed","template":"","meta":[],"_links":{"self":[{"href":"https:\/\/www.icop.it\/fr\/wp-json\/wp\/v2\/pages\/18680"}],"collection":[{"href":"https:\/\/www.icop.it\/fr\/wp-json\/wp\/v2\/pages"}],"about":[{"href":"https:\/\/www.icop.it\/fr\/wp-json\/wp\/v2\/types\/page"}],"author":[{"embeddable":true,"href":"https:\/\/www.icop.it\/fr\/wp-json\/wp\/v2\/users\/1"}],"replies":[{"embeddable":true,"href":"https:\/\/www.icop.it\/fr\/wp-json\/wp\/v2\/comments?post=18680"}],"version-history":[{"count":3,"href":"https:\/\/www.icop.it\/fr\/wp-json\/wp\/v2\/pages\/18680\/revisions"}],"predecessor-version":[{"id":18891,"href":"https:\/\/www.icop.it\/fr\/wp-json\/wp\/v2\/pages\/18680\/revisions\/18891"}],"wp:attachment":[{"href":"https:\/\/www.icop.it\/fr\/wp-json\/wp\/v2\/media?parent=18680"}],"curies":[{"name":"wp","href":"https:\/\/api.w.org\/{rel}","templated":true}]}}