{"id":18649,"date":"2020-02-21T19:13:52","date_gmt":"2020-02-21T18:13:52","guid":{"rendered":"https:\/\/www.icop.it\/secteurs\/opere-marittime\/"},"modified":"2020-12-18T16:21:54","modified_gmt":"2020-12-18T15:21:54","slug":"ouvrages-maritimes","status":"publish","type":"page","link":"https:\/\/www.icop.it\/fr\/secteurs\/ouvrages-maritimes\/","title":{"rendered":"Ouvrages maritimes"},"content":{"rendered":"<div id='layer_slider_1'  class='avia-layerslider main_color avia-shadow  avia-builder-el-0  el_before_av_one_full  avia-builder-el-first  container_wrap sidebar_left' style='  height: 351px; max-width: 1280px; margin: 0 auto;' ><\/div><div id='after_layer_slider_1'  class='main_color av_default_container_wrap container_wrap sidebar_left' style=' '  ><div class='container' ><div class='template-page content  av-content-small units'><div class='post-entry post-entry-type-page post-entry-18649'><div class='entry-content-wrapper clearfix'>\n<div class=\"flex_column av_one_full  flex_column_div av-zero-column-padding first  avia-builder-el-1  el_after_av_layerslider  el_before_av_one_full  avia-builder-el-first  \" style='border-radius:0px; '><section class=\"av_textblock_section \"  itemscope=\"itemscope\" itemtype=\"https:\/\/schema.org\/CreativeWork\" ><div class='avia_textblock  '   itemprop=\"text\" ><p class=\"p1\">Il s&rsquo;agit d&rsquo;un nouveau domaine d&rsquo;activit\u00e9 qui s&rsquo;est structur\u00e9 \u00e0 l&rsquo;occasion de la construction de la <strong>Trieste Logistics Platform (PLT)<\/strong>, le plus grand ouvrage portuaire construit en Italie ces derni\u00e8res ann\u00e9es.<\/p>\n<p class=\"p1\">Il s&rsquo;agit d&rsquo;un terminal d&rsquo;environ 13 hectares connect\u00e9 au r\u00e9seau ferroviaire et <strong>\u00e9quip\u00e9 d&rsquo;un quai de 420 m<\/strong> le long duquel la mer a une profondeur de 14,0 m. Le bord de mer, d&rsquo;une superficie d&rsquo;environ 7,5 hectares, a \u00e9t\u00e9 construit en cr\u00e9ant une dalle post-tendu sur pieux de grand diam\u00e8tre (DN 1.270 et DN 1.600) ancr\u00e9s dans la couche rocheuse sous-jacente qui est \u00e0 une profondeur variant de 25, 0 \u00e0 40,0 m. La surface en rive d&rsquo;environ 4,5 hectares a \u00e9t\u00e9 <strong>r\u00e9cup\u00e9r\u00e9e et asphalt\u00e9e<\/strong>.<\/p>\n<p class=\"p1\">Dans le cadre des travaux de la <strong>plate-forme logistique de Trieste<\/strong>, des \u00e9quipements sp\u00e9ciaux ont \u00e9t\u00e9 con\u00e7us et construits pour le positionnement rapide et pr\u00e9cis des pieux en mer. Des pontons et des remorqueurs capables de transporter des machines de forage de plus de 100 t ont \u00e9t\u00e9 utilis\u00e9s.<\/p>\n<p class=\"p1\">En outre, il a \u00e9t\u00e9 d\u00e9velopp\u00e9 et brevet\u00e9, en collaboration avec Tecnostructures et l\u2019<strong>Ing. Pedrocco<\/strong>, une solution pour la <strong>construction de quais portuaires<\/strong> qui am\u00e9liore la capacit\u00e9 de charge et les caract\u00e9ristiques de durabilit\u00e9 par rapport aux structures traditionnelles.<\/p>\n<p class=\"p1\">Cette exp\u00e9rience a permis \u00e0 I.CO.P. de devenir l&rsquo;un des interlocuteurs les plus qualifi\u00e9s pour la <strong>construction des quais portuaires<\/strong>.<\/p>\n<\/div><\/section><\/div>\n<div class=\"flex_column av_one_full  flex_column_div av-zero-column-padding first  avia-builder-el-3  el_after_av_one_full  el_before_av_one_full  column-top-margin\" style='border-radius:0px; '><div  class='av-horizontal-gallery av-horizontal-gallery-large-gap av-horizontal-gallery-enlarge-effect av-horizontal-gallery-1  avia-builder-el-4  avia-builder-el-no-sibling  av-control-default '  itemprop=\"image\" itemscope=\"itemscope\" itemtype=\"https:\/\/schema.org\/ImageObject\"  style='padding: 3.75% 0px;' data-av-enlarge='1.3'  ><div class='avia-slideshow-arrows avia-slideshow-controls'><a href='#prev' class='prev-slide av-horizontal-gallery-prev' aria-hidden='true' data-av_icon='\ue87c' data-av_iconfont='entypo-fontello'>Pr\u00e9c\u00e9dent<\/a><a href='#next' class='next-slide av-horizontal-gallery-next' aria-hidden='true' data-av_icon='\ue87d' data-av_iconfont='entypo-fontello'>Suivant <\/a><\/div><div class='av-horizontal-gallery-inner' style='padding-bottom:25%' data-av-height='25'><div class='av-horizontal-gallery-slider'><div class='av-horizontal-gallery-wrap noHover'><img class='av-horizontal-gallery-img' width='1030' height='773' src='https:\/\/www.icop.it\/wp-content\/uploads\/2020\/04\/18_Opere-marittime-3.jpg' title='18_Opere marittime (3)' alt='' \/><a href='https:\/\/www.icop.it\/wp-content\/uploads\/2020\/04\/18_Opere-marittime-3.jpg'  class='av-horizontal-gallery-link' aria-hidden='true' data-av_icon='\ue869' data-av_iconfont='entypo-fontello' title=''><\/a><\/div><div class='av-horizontal-gallery-wrap noHover'><img class='av-horizontal-gallery-img' width='773' height='1030' src='https:\/\/www.icop.it\/wp-content\/uploads\/2020\/04\/18_Opere-marittime-4-scaled.jpg' title='18_Opere marittime (4)' alt='' \/><a href='https:\/\/www.icop.it\/wp-content\/uploads\/2020\/04\/18_Opere-marittime-4-scaled.jpg'  class='av-horizontal-gallery-link' aria-hidden='true' data-av_icon='\ue869' data-av_iconfont='entypo-fontello' title=''><\/a><\/div><div class='av-horizontal-gallery-wrap noHover'><img class='av-horizontal-gallery-img' width='1030' height='773' src='https:\/\/www.icop.it\/wp-content\/uploads\/2020\/04\/18_Opere-marittime-5-scaled.jpg' title='DCIM100MEDIADJI_0102.JPG' alt='' \/><a href='https:\/\/www.icop.it\/wp-content\/uploads\/2020\/04\/18_Opere-marittime-5-scaled.jpg'  class='av-horizontal-gallery-link' aria-hidden='true' data-av_icon='\ue869' data-av_iconfont='entypo-fontello' title=''><\/a><\/div><div class='av-horizontal-gallery-wrap noHover'><img class='av-horizontal-gallery-img' width='1030' height='773' src='https:\/\/www.icop.it\/wp-content\/uploads\/2020\/04\/18_Opere-marittime-6-scaled.jpg' title='dav' alt='' \/><a href='https:\/\/www.icop.it\/wp-content\/uploads\/2020\/04\/18_Opere-marittime-6-scaled.jpg'  class='av-horizontal-gallery-link' aria-hidden='true' data-av_icon='\ue869' data-av_iconfont='entypo-fontello' title=''><\/a><\/div><div class='av-horizontal-gallery-wrap noHover'><img class='av-horizontal-gallery-img' width='773' height='1030' src='https:\/\/www.icop.it\/wp-content\/uploads\/2020\/04\/2018_FrederikssundLink-4-scaled.jpg' title='2018_FrederikssundLink (4)' alt='' \/><a href='https:\/\/www.icop.it\/wp-content\/uploads\/2020\/04\/2018_FrederikssundLink-4-scaled.jpg'  class='av-horizontal-gallery-link' aria-hidden='true' data-av_icon='\ue869' data-av_iconfont='entypo-fontello' title=''><\/a><\/div><div class='av-horizontal-gallery-wrap noHover'><img class='av-horizontal-gallery-img' width='1030' height='773' src='https:\/\/www.icop.it\/wp-content\/uploads\/2020\/04\/2018_Frederikssund-6-scaled.jpg' title='2018_Frederikssund (6)' alt='' \/><a href='https:\/\/www.icop.it\/wp-content\/uploads\/2020\/04\/2018_Frederikssund-6-scaled.jpg'  class='av-horizontal-gallery-link' aria-hidden='true' data-av_icon='\ue869' data-av_iconfont='entypo-fontello' title=''><\/a><\/div><div class='av-horizontal-gallery-wrap noHover'><img class='av-horizontal-gallery-img' width='1030' height='773' src='https:\/\/www.icop.it\/wp-content\/uploads\/2020\/04\/2018_FrederikssundLink-3-scaled.jpg' title='2018_FrederikssundLink (3)' alt='' \/><a href='https:\/\/www.icop.it\/wp-content\/uploads\/2020\/04\/2018_FrederikssundLink-3-scaled.jpg'  class='av-horizontal-gallery-link' aria-hidden='true' data-av_icon='\ue869' data-av_iconfont='entypo-fontello' title=''><\/a><\/div><\/div><\/div><\/div><\/div>\n<div class=\"flex_column av_one_full  flex_column_div av-zero-column-padding first  avia-builder-el-5  el_after_av_one_full  el_before_av_one_full  column-top-margin\" style='border-radius:0px; '><section class=\"av_textblock_section \"  itemscope=\"itemscope\" itemtype=\"https:\/\/schema.org\/CreativeWork\" ><div class='avia_textblock  '   itemprop=\"text\" ><p class=\"p1\">En plus du monde des travaux portuaires, \u00e0 travers la filiale <strong>TAVERNA S.r.l<\/strong>., une entreprise historique dans le secteur des <strong>travaux maritimes<\/strong> dans la r\u00e9gion du <strong>Friuli-Venezia-Giulia<\/strong> et partie du <strong>groupe I.CO.P<\/strong>. depuis pr\u00e8s de 20 ans, l&rsquo;entreprise a \u00e9t\u00e9 en mesure de fournir la gamme compl\u00e8te des travaux et services requis dans la zone de la lagune o\u00f9 des engins sp\u00e9ciaux sont n\u00e9cessaires et capables de se d\u00e9placer \u00e0 des profondeurs limit\u00e9es.<\/p>\n<p class=\"p1\">La <strong>flotte<\/strong> se compose de 2 remorqueurs, 6 pontons, un ferry. En outre, <strong>TAVERNA S.r.l.<\/strong> a une cale priv\u00e9e pour l&rsquo;entretien des engins.<\/p>\n<p class=\"p1\">Les <strong>travaux maritimes<\/strong> peuvent \u00e9galement inclure des <strong>pieux de fondation r\u00e9alis\u00e9s en mer<\/strong> dans le cadre des travaux de construction du pont qui traverse le fjord de Roskilde au Danemark, inaugur\u00e9 le 28 septembre 2019 par la princesse Mary du <strong>Danemark<\/strong> et qui lui est d\u00e9di\u00e9.<\/p>\n<p class=\"p1\">Le pont fait partie de l&rsquo;important projet <strong>Frederikssund Link<\/strong>, pour l&rsquo;am\u00e9lioration de la viabilit\u00e9 de l&rsquo;ensemble de la zone. I.CO.P. a r\u00e9alis\u00e9 les <strong>pieux de fondation en rive et en mer<\/strong>, mais c\u2019est surtout les pieux en mer qui repr\u00e9sentaient un d\u00e9fi, d\u00e9finitivement gagn\u00e9.<\/p>\n<p class=\"p1\">Les travaux ont \u00e9t\u00e9 finalement achev\u00e9s 3 mois plus t\u00f4t que pr\u00e9vu.<\/p>\n<\/div><\/section><\/div>\n<div class=\"flex_column av_one_full  flex_column_div av-zero-column-padding first  avia-builder-el-7  el_after_av_one_full  el_before_av_one_full  column-top-margin\" style='border-radius:0px; '><div  class='avia-image-container  av-styling-    avia-builder-el-8  avia-builder-el-no-sibling  avia-align-center '  itemprop=\"image\" itemscope=\"itemscope\" itemtype=\"https:\/\/schema.org\/ImageObject\"  ><div class='avia-image-container-inner'><div class='avia-image-overlay-wrap'><img class='avia_image' src='https:\/\/www.icop.it\/wp-content\/uploads\/2020\/04\/9984_Canon-5DIII_B_98A0880-HDR-scaled.jpg' alt='' title='9984_Canon 5DIII_B_98A0880-HDR' height=\"1707\" width=\"2560\"  itemprop=\"thumbnailUrl\"  \/><\/div><\/div><\/div><\/div>\n<div class=\"flex_column av_one_full  flex_column_div av-zero-column-padding first  avia-builder-el-9  el_after_av_one_full  avia-builder-el-last  column-top-margin\" style='border-radius:0px; '><p><div  style='padding-bottom:10px; color:#172f62;' class='av-special-heading av-special-heading-h2 custom-color-heading   avia-builder-el-10  el_before_av_masonry_entries  avia-builder-el-no-sibling  '><h2 class='av-special-heading-tag '  itemprop=\"headline\"  >Fiches des metiers<\/h2><div class='special-heading-border'><div class='special-heading-inner-border' style='border-color:#172f62'><\/div><\/div><\/div><br \/>\n<div style='display:none'>18649<\/div><div id='unidea-filter-paesi'><span class='unidea-filter-paesi-all unidea-filter-paesi-active'>Tout<\/span> \/ <span class='unidea-filter-paesi-item ' data-filterpaese='Italie'>Italie<\/span> \/ <span class='unidea-filter-paesi-item ' data-filterpaese='Danemark'>Danemark<\/span><\/div><div id='av-masonry-1' class='av-masonry  noHover av-fixed-size av-large-gap av-hover-overlay-active av-masonry-animation-active av-masonry-col-3 av-caption-always av-caption-style-    '  ><div class='av-masonry-container isotope av-js-disabled ' ><div class='av-masonry-entry isotope-item av-masonry-item-no-image all_sort csm-fr-fondazioni-opere-speciali-fr_sort  deep-mixing-fr_sort  fondations-speciales-et-travaux_sort  jet-grouting-fr-fondazioni-opere-speciali-fr_sort  micropiles-fondazioni-opere-speciali-fr_sort  ouvrages-maritimes_sort  pieux-fores_sort  tirants_sort  injections-a-base-de-coulis-de-ciment_sort '><\/div><a href=\"https:\/\/www.icop.it\/fr\/works\/1359-trieste-plt-italie\/\" data-settore='CSM|Deep Mixing|Fondations sp\u00e9ciales et travaux|Jet grouting|Micropiles|Ouvrages maritimes|Pieux Fores|Tirants' data-paese='Italie' id='av-masonry-1-item-19042' data-av-masonry-item='19042' class='av-masonry-entry isotope-item post-19042 prodotti type-prodotti status-publish has-post-thumbnail hentry settori-csm-fr-fondazioni-opere-speciali-fr settori-deep-mixing-fr settori-fondations-speciales-et-travaux settori-jet-grouting-fr-fondazioni-opere-speciali-fr settori-micropiles-fondazioni-opere-speciali-fr settori-ouvrages-maritimes settori-pieux-fores settori-tirants paesi-italie all_sort csm-fr-fondazioni-opere-speciali-fr_sort  deep-mixing-fr_sort  fondations-speciales-et-travaux_sort  jet-grouting-fr-fondazioni-opere-speciali-fr_sort  micropiles-fondazioni-opere-speciali-fr_sort  ouvrages-maritimes_sort  pieux-fores_sort  tirants_sort  av-masonry-item-with-image ' title=\"37_TriestePLT (2)\"  itemscope=\"itemscope\" itemtype=\"https:\/\/schema.org\/CreativeWork\"  ><div class='av-inner-masonry-sizer'><\/div><figure class='av-inner-masonry main_color'><div class=\"av-masonry-outerimage-container\"><div class=\"av-masonry-image-container\" style=\"background-image: url(https:\/\/www.icop.it\/wp-content\/uploads\/2020\/07\/37_TriestePLT-2-705x470.jpg);\" title=\"37_TriestePLT (2)\" ><\/div><\/div><figcaption class='av-inner-masonry-content site-background'><div class='av-inner-masonry-content-pos'><div class='av-inner-masonry-content-pos-content'><div class='avia-arrow'><\/div><h3 class='av-masonry-entry-title entry-title '  itemprop=\"headline\" >1359 &#8211; Trieste PLT (Italie)<\/h3><\/div><\/div><\/figcaption><\/figure><\/a><!--end av-masonry entry--><a href=\"https:\/\/www.icop.it\/fr\/works\/1392-frederikssund-link-danemark\/\" data-settore='Fondations sp\u00e9ciales et travaux|Injections a base de coulis de ciment|Ouvrages maritimes|Pieux Fores' data-paese='Danemark' id='av-masonry-1-item-19046' data-av-masonry-item='19046' class='av-masonry-entry isotope-item post-19046 prodotti type-prodotti status-publish has-post-thumbnail hentry settori-fondations-speciales-et-travaux settori-injections-a-base-de-coulis-de-ciment settori-ouvrages-maritimes settori-pieux-fores paesi-danemark all_sort fondations-speciales-et-travaux_sort  injections-a-base-de-coulis-de-ciment_sort  ouvrages-maritimes_sort  pieux-fores_sort  av-masonry-item-with-image ' title=\"47_Frederikssund_COPERTINA\"  itemscope=\"itemscope\" itemtype=\"https:\/\/schema.org\/CreativeWork\"  ><div class='av-inner-masonry-sizer'><\/div><figure class='av-inner-masonry main_color'><div class=\"av-masonry-outerimage-container\"><div class=\"av-masonry-image-container\" style=\"background-image: url(https:\/\/www.icop.it\/wp-content\/uploads\/2020\/07\/47_Frederikssund_COPERTINA-705x529.jpg);\" title=\"47_Frederikssund_COPERTINA\" ><\/div><\/div><figcaption class='av-inner-masonry-content site-background'><div class='av-inner-masonry-content-pos'><div class='av-inner-masonry-content-pos-content'><div class='avia-arrow'><\/div><h3 class='av-masonry-entry-title entry-title '  itemprop=\"headline\" >1392 &#8211; Frederikssund Link (Danemark)<\/h3><\/div><\/div><\/figcaption><\/figure><\/a><!--end av-masonry entry--><\/div><\/div><\/p><\/div>\n","protected":false},"excerpt":{"rendered":"","protected":false},"author":1,"featured_media":0,"parent":18565,"menu_order":0,"comment_status":"closed","ping_status":"closed","template":"","meta":[],"_links":{"self":[{"href":"https:\/\/www.icop.it\/fr\/wp-json\/wp\/v2\/pages\/18649"}],"collection":[{"href":"https:\/\/www.icop.it\/fr\/wp-json\/wp\/v2\/pages"}],"about":[{"href":"https:\/\/www.icop.it\/fr\/wp-json\/wp\/v2\/types\/page"}],"author":[{"embeddable":true,"href":"https:\/\/www.icop.it\/fr\/wp-json\/wp\/v2\/users\/1"}],"replies":[{"embeddable":true,"href":"https:\/\/www.icop.it\/fr\/wp-json\/wp\/v2\/comments?post=18649"}],"version-history":[{"count":6,"href":"https:\/\/www.icop.it\/fr\/wp-json\/wp\/v2\/pages\/18649\/revisions"}],"predecessor-version":[{"id":19611,"href":"https:\/\/www.icop.it\/fr\/wp-json\/wp\/v2\/pages\/18649\/revisions\/19611"}],"up":[{"embeddable":true,"href":"https:\/\/www.icop.it\/fr\/wp-json\/wp\/v2\/pages\/18565"}],"wp:attachment":[{"href":"https:\/\/www.icop.it\/fr\/wp-json\/wp\/v2\/media?parent=18649"}],"curies":[{"name":"wp","href":"https:\/\/api.w.org\/{rel}","templated":true}]}}