{"id":18615,"date":"2020-04-06T17:34:39","date_gmt":"2020-04-06T15:34:39","guid":{"rendered":"https:\/\/www.icop.it\/secteurs\/fondations-speciales-et-travaux-dinfrastructure\/deep-mixing\/"},"modified":"2020-11-26T15:59:50","modified_gmt":"2020-11-26T14:59:50","slug":"deep-mixing","status":"publish","type":"page","link":"https:\/\/www.icop.it\/fr\/secteurs\/fondations-speciales-et-travaux\/deep-mixing\/","title":{"rendered":"Deep Mixing"},"content":{"rendered":"<div id='layer_slider_1'  class='avia-layerslider main_color avia-shadow  avia-builder-el-0  el_before_av_one_full  avia-builder-el-first  container_wrap sidebar_left' style='  height: 351px; max-width: 1280px; margin: 0 auto;' ><\/div><div id='after_layer_slider_1'  class='main_color av_default_container_wrap container_wrap sidebar_left' style=' '  ><div class='container' ><div class='template-page content  av-content-small units'><div class='post-entry post-entry-type-page post-entry-18615'><div class='entry-content-wrapper clearfix'>\n<div class=\"flex_column av_one_full  flex_column_div av-zero-column-padding first  avia-builder-el-1  el_after_av_layerslider  el_before_av_one_fourth  avia-builder-el-first  \" style='border-radius:0px; '><section class=\"av_textblock_section \"  itemscope=\"itemscope\" itemtype=\"https:\/\/schema.org\/CreativeWork\" ><div class='avia_textblock  '   itemprop=\"text\" ><h4><strong>DEEP MIXING <\/strong>ou M\u00c9LANGE PROFOND<\/h4>\n<p class=\"p1\">De m\u00eame que le CSM, mais pour <strong>obtenir des consolidations \u00abunidirectionnelles\u00bb<\/strong>, des techniques de Deep Mixing sont utilis\u00e9es: une t<strong>ari\u00e8re rotative<\/strong>, de forme appropri\u00e9e, qui <strong>remanie le sol en le m\u00e9langeant au ciment<\/strong>.<\/p>\n<p class=\"p1\"><strong>Le r\u00e9sultat du traitement est un ensemble de colonnes de diam\u00e8tre allant de 50 \u00e0 120 cm<\/strong>, qui peuvent \u00eatre <strong>utilis\u00e9es pour la cr\u00e9ation d\u2019\u00e9cran dans le sol<\/strong> ou de renforcement de sol sous remblais.<\/p>\n<\/div><\/section><\/div>\n<div class=\"flex_column av_one_fourth  flex_column_div av-zero-column-padding first  avia-builder-el-3  el_after_av_one_full  el_before_av_one_half  column-top-margin\" style='border-radius:0px; '><\/div>\n<div class=\"flex_column av_one_half  flex_column_div av-zero-column-padding   avia-builder-el-4  el_after_av_one_fourth  el_before_av_one_fourth  column-top-margin\" style='border-radius:0px; '><div  class='avia-image-container  av-styling-    avia-builder-el-5  avia-builder-el-no-sibling  avia-align-center '  itemprop=\"image\" itemscope=\"itemscope\" itemtype=\"https:\/\/schema.org\/ImageObject\"  ><div class='avia-image-container-inner'><div class='avia-image-overlay-wrap'><img class='avia_image' src='https:\/\/www.icop.it\/wp-content\/uploads\/2020\/04\/11_Deep-mixing-1-scaled.jpg' alt='' title='' height=\"2560\" width=\"1920\"  itemprop=\"thumbnailUrl\"  \/><\/div><\/div><\/div><\/div>\n<div class=\"flex_column av_one_fourth  flex_column_div av-zero-column-padding   avia-builder-el-6  el_after_av_one_half  el_before_av_one_full  column-top-margin\" style='border-radius:0px; '><\/div>\n<div class=\"flex_column av_one_full  flex_column_div av-zero-column-padding first  avia-builder-el-7  el_after_av_one_fourth  el_before_av_one_full  column-top-margin\" style='border-radius:0px; '><\/div>\n<div class=\"flex_column av_one_full  flex_column_div av-zero-column-padding first  avia-builder-el-9  el_after_av_one_full  avia-builder-el-last  column-top-margin\" style='border-radius:0px; '><p><div  style='padding-bottom:10px; color:#172f62;' class='av-special-heading av-special-heading-h2 custom-color-heading   avia-builder-el-10  el_before_av_masonry_entries  avia-builder-el-no-sibling  '><h2 class='av-special-heading-tag '  itemprop=\"headline\"  >Fiches des metiers<\/h2><div class='special-heading-border'><div class='special-heading-inner-border' style='border-color:#172f62'><\/div><\/div><\/div><br \/>\n<div style='display:none'>18615<\/div><div id='unidea-filter-paesi'><span class='unidea-filter-paesi-all unidea-filter-paesi-active'>Tout<\/span> \/ <span class='unidea-filter-paesi-item ' data-filterpaese='Italie'>Italie<\/span><\/div><div id='av-masonry-1' class='av-masonry  noHover av-fixed-size av-large-gap av-hover-overlay-active av-masonry-animation-active av-masonry-col-3 av-caption-always av-caption-style-    '  ><div class='av-masonry-container isotope av-js-disabled ' ><div class='av-masonry-entry isotope-item av-masonry-item-no-image all_sort csm-fr-fondazioni-opere-speciali-fr_sort  deep-mixing-fr_sort  fondations-speciales-et-travaux_sort  jet-grouting-fr-fondazioni-opere-speciali-fr_sort  micropiles-fondazioni-opere-speciali-fr_sort  ouvrages-maritimes_sort  pieux-fores_sort  tirants_sort '><\/div><a href=\"https:\/\/www.icop.it\/fr\/works\/1359-trieste-plt-italie\/\" data-settore='CSM|Deep Mixing|Fondations sp\u00e9ciales et travaux|Jet grouting|Micropiles|Ouvrages maritimes|Pieux Fores|Tirants' data-paese='Italie' id='av-masonry-1-item-19042' data-av-masonry-item='19042' class='av-masonry-entry isotope-item post-19042 prodotti type-prodotti status-publish has-post-thumbnail hentry settori-csm-fr-fondazioni-opere-speciali-fr settori-deep-mixing-fr settori-fondations-speciales-et-travaux settori-jet-grouting-fr-fondazioni-opere-speciali-fr settori-micropiles-fondazioni-opere-speciali-fr settori-ouvrages-maritimes settori-pieux-fores settori-tirants paesi-italie all_sort csm-fr-fondazioni-opere-speciali-fr_sort  deep-mixing-fr_sort  fondations-speciales-et-travaux_sort  jet-grouting-fr-fondazioni-opere-speciali-fr_sort  micropiles-fondazioni-opere-speciali-fr_sort  ouvrages-maritimes_sort  pieux-fores_sort  tirants_sort  av-masonry-item-with-image ' title=\"37_TriestePLT (2)\"  itemscope=\"itemscope\" itemtype=\"https:\/\/schema.org\/CreativeWork\"  ><div class='av-inner-masonry-sizer'><\/div><figure class='av-inner-masonry main_color'><div class=\"av-masonry-outerimage-container\"><div class=\"av-masonry-image-container\" style=\"background-image: url(https:\/\/www.icop.it\/wp-content\/uploads\/2020\/07\/37_TriestePLT-2-705x470.jpg);\" title=\"37_TriestePLT (2)\" ><\/div><\/div><figcaption class='av-inner-masonry-content site-background'><div class='av-inner-masonry-content-pos'><div class='av-inner-masonry-content-pos-content'><div class='avia-arrow'><\/div><h3 class='av-masonry-entry-title entry-title '  itemprop=\"headline\" >1359 &#8211; Trieste PLT (Italie)<\/h3><\/div><\/div><\/figcaption><\/figure><\/a><!--end av-masonry entry--><\/div><\/div><\/p><\/div>\n","protected":false},"excerpt":{"rendered":"","protected":false},"author":1,"featured_media":0,"parent":18570,"menu_order":0,"comment_status":"closed","ping_status":"closed","template":"","meta":[],"_links":{"self":[{"href":"https:\/\/www.icop.it\/fr\/wp-json\/wp\/v2\/pages\/18615"}],"collection":[{"href":"https:\/\/www.icop.it\/fr\/wp-json\/wp\/v2\/pages"}],"about":[{"href":"https:\/\/www.icop.it\/fr\/wp-json\/wp\/v2\/types\/page"}],"author":[{"embeddable":true,"href":"https:\/\/www.icop.it\/fr\/wp-json\/wp\/v2\/users\/1"}],"replies":[{"embeddable":true,"href":"https:\/\/www.icop.it\/fr\/wp-json\/wp\/v2\/comments?post=18615"}],"version-history":[{"count":4,"href":"https:\/\/www.icop.it\/fr\/wp-json\/wp\/v2\/pages\/18615\/revisions"}],"predecessor-version":[{"id":18807,"href":"https:\/\/www.icop.it\/fr\/wp-json\/wp\/v2\/pages\/18615\/revisions\/18807"}],"up":[{"embeddable":true,"href":"https:\/\/www.icop.it\/fr\/wp-json\/wp\/v2\/pages\/18570"}],"wp:attachment":[{"href":"https:\/\/www.icop.it\/fr\/wp-json\/wp\/v2\/media?parent=18615"}],"curies":[{"name":"wp","href":"https:\/\/api.w.org\/{rel}","templated":true}]}}