{"id":18610,"date":"2020-04-06T17:12:34","date_gmt":"2020-04-06T15:12:34","guid":{"rendered":"https:\/\/www.icop.it\/secteurs\/fondations-speciales-et-travaux-dinfrastructure\/csm\/"},"modified":"2020-11-26T15:58:56","modified_gmt":"2020-11-26T14:58:56","slug":"csm","status":"publish","type":"page","link":"https:\/\/www.icop.it\/fr\/secteurs\/fondations-speciales-et-travaux\/csm\/","title":{"rendered":"CSM"},"content":{"rendered":"<div id='layer_slider_1'  class='avia-layerslider main_color avia-shadow  avia-builder-el-0  el_before_av_one_full  avia-builder-el-first  container_wrap sidebar_left' style='  height: 351px; max-width: 1280px; margin: 0 auto;' ><\/div><div id='after_layer_slider_1'  class='main_color av_default_container_wrap container_wrap sidebar_left' style=' '  ><div class='container' ><div class='template-page content  av-content-small units'><div class='post-entry post-entry-type-page post-entry-18610'><div class='entry-content-wrapper clearfix'>\n<div class=\"flex_column av_one_full  flex_column_div av-zero-column-padding first  avia-builder-el-1  el_after_av_layerslider  el_before_av_one_full  avia-builder-el-first  \" style='border-radius:0px; '><section class=\"av_textblock_section \"  itemscope=\"itemscope\" itemtype=\"https:\/\/schema.org\/CreativeWork\" ><div class='avia_textblock  '   itemprop=\"text\" ><h4><strong>CSM<\/strong><\/h4>\n<p class=\"p1\">Le <strong>Cutter Soil Mix<\/strong> permet de cr\u00e9er des <strong>panneaux de sol consolid\u00e9 d&rsquo;une \u00e9paisseur allant de 50 cm \u00e0 plus de 1 m et d&rsquo;une profondeur de plusieurs dizaines de m\u00e8tres<\/strong>.<\/p>\n<p class=\"p1\">La fraise, compos\u00e9e de <strong>deux roues tournant dans le plan vertical, brise le sol<\/strong> qui est <strong>m\u00e9lang\u00e9 avec le m\u00e9lange de ciment inject\u00e9 simultan\u00e9ment \u00e0 basse pression<\/strong>.<\/p>\n<p class=\"p1\">Le r\u00e9sultat est la production de panneaux de section rectangulaire qui, plac\u00e9s c\u00f4te \u00e0 c\u00f4te et r\u00e9alis\u00e9s selon la technique du \u00ab<strong>fresh to fresh<\/strong>\u00bb, cr\u00e9ent des <strong>barri\u00e8res continues<\/strong>. L&rsquo;ajout de bentonite au m\u00e9lange de traitement du sol permet la cr\u00e9ation de <strong>structures plastiques et imperm\u00e9ables<\/strong>. Cette solution est principalement utilis\u00e9e pour le confinement de d\u00e9chets, eaux pollu\u00e9es et renforcement de berges.<\/p>\n<p class=\"p1\">Cette m\u00e9thode offre un certain <strong>nombre d&rsquo;avantages<\/strong>:<\/p>\n<p class=\"p1\">&#8211; <strong>il n&rsquo;y a pas d&rsquo;enl\u00e8vement direct des terres qui doivent \u00eatre transport\u00e9es ailleurs<\/strong>. Cela devient particuli\u00e8rement avantageux lorsque le terrain est pollu\u00e9 ou lorsque les d\u00e9charges sont \u00e0 une distance consid\u00e9rable;<\/p>\n<p class=\"p1\">&#8211; <strong>la productivit\u00e9 est \u00e9lev\u00e9e<\/strong>.<\/p>\n<\/div><\/section><\/div>\n<div class=\"flex_column av_one_full  flex_column_div av-zero-column-padding first  avia-builder-el-3  el_after_av_one_full  el_before_av_one_full  column-top-margin\" style='border-radius:0px; '><div  class='av-horizontal-gallery av-horizontal-gallery-large-gap av-horizontal-gallery-enlarge-effect av-horizontal-gallery-1  avia-builder-el-4  avia-builder-el-no-sibling  av-control-default '  itemprop=\"image\" itemscope=\"itemscope\" itemtype=\"https:\/\/schema.org\/ImageObject\"  style='padding: 3.75% 0px;' data-av-enlarge='1.3'  ><div class='avia-slideshow-arrows avia-slideshow-controls'><a href='#prev' class='prev-slide av-horizontal-gallery-prev' aria-hidden='true' data-av_icon='\ue87c' data-av_iconfont='entypo-fontello'>Pr\u00e9c\u00e9dent<\/a><a href='#next' class='next-slide av-horizontal-gallery-next' aria-hidden='true' data-av_icon='\ue87d' data-av_iconfont='entypo-fontello'>Suivant <\/a><\/div><div class='av-horizontal-gallery-inner' style='padding-bottom:25%' data-av-height='25'><div class='av-horizontal-gallery-slider'><div class='av-horizontal-gallery-wrap noHover'><img class='av-horizontal-gallery-img' width='773' height='1030' src='https:\/\/www.icop.it\/wp-content\/uploads\/2020\/06\/10_CSM-1-rotated.jpg' title='' alt='' \/><a href='https:\/\/www.icop.it\/wp-content\/uploads\/2020\/06\/10_CSM-1-rotated.jpg'  class='av-horizontal-gallery-link' aria-hidden='true' data-av_icon='\ue869' data-av_iconfont='entypo-fontello' title=''><\/a><\/div><div class='av-horizontal-gallery-wrap noHover'><img class='av-horizontal-gallery-img' width='432' height='768' src='https:\/\/www.icop.it\/wp-content\/uploads\/2020\/06\/10_CSM-2.jpg' title='' alt='' \/><a href='https:\/\/www.icop.it\/wp-content\/uploads\/2020\/06\/10_CSM-2.jpg'  class='av-horizontal-gallery-link' aria-hidden='true' data-av_icon='\ue869' data-av_iconfont='entypo-fontello' title=''><\/a><\/div><div class='av-horizontal-gallery-wrap noHover'><img class='av-horizontal-gallery-img' width='773' height='1030' src='https:\/\/www.icop.it\/wp-content\/uploads\/2020\/06\/10_CSM-3.jpg' title='' alt='' \/><a href='https:\/\/www.icop.it\/wp-content\/uploads\/2020\/06\/10_CSM-3.jpg'  class='av-horizontal-gallery-link' aria-hidden='true' data-av_icon='\ue869' data-av_iconfont='entypo-fontello' title=''><\/a><\/div><\/div><\/div><\/div><\/div>\n<div class=\"flex_column av_one_full  flex_column_div av-zero-column-padding first  avia-builder-el-5  el_after_av_one_full  el_before_av_one_full  column-top-margin\" style='border-radius:0px; '><\/div>\n<div class=\"flex_column av_one_full  flex_column_div av-zero-column-padding first  avia-builder-el-7  el_after_av_one_full  avia-builder-el-last  column-top-margin\" style='border-radius:0px; '><p><div  style='padding-bottom:10px; color:#172f62;' class='av-special-heading av-special-heading-h2 custom-color-heading   avia-builder-el-8  el_before_av_masonry_entries  avia-builder-el-no-sibling  '><h2 class='av-special-heading-tag '  itemprop=\"headline\"  >Fiches des metiers<\/h2><div class='special-heading-border'><div class='special-heading-inner-border' style='border-color:#172f62'><\/div><\/div><\/div><br \/>\n<div style='display:none'>18610<\/div><div id='unidea-filter-paesi'><span class='unidea-filter-paesi-all unidea-filter-paesi-active'>Tout<\/span> \/ <span class='unidea-filter-paesi-item ' data-filterpaese='Italie'>Italie<\/span><\/div><div id='av-masonry-1' class='av-masonry  noHover av-fixed-size av-large-gap av-hover-overlay-active av-masonry-animation-active av-masonry-col-3 av-caption-always av-caption-style-    '  ><div class='av-masonry-container isotope av-js-disabled ' ><div class='av-masonry-entry isotope-item av-masonry-item-no-image all_sort csm-fr-fondazioni-opere-speciali-fr_sort  deep-mixing-fr_sort  fondations-speciales-et-travaux_sort  jet-grouting-fr-fondazioni-opere-speciali-fr_sort  micropiles-fondazioni-opere-speciali-fr_sort  ouvrages-maritimes_sort  pieux-fores_sort  tirants_sort '><\/div><a href=\"https:\/\/www.icop.it\/fr\/works\/1359-trieste-plt-italie\/\" data-settore='CSM|Deep Mixing|Fondations sp\u00e9ciales et travaux|Jet grouting|Micropiles|Ouvrages maritimes|Pieux Fores|Tirants' data-paese='Italie' id='av-masonry-1-item-19042' data-av-masonry-item='19042' class='av-masonry-entry isotope-item post-19042 prodotti type-prodotti status-publish has-post-thumbnail hentry settori-csm-fr-fondazioni-opere-speciali-fr settori-deep-mixing-fr settori-fondations-speciales-et-travaux settori-jet-grouting-fr-fondazioni-opere-speciali-fr settori-micropiles-fondazioni-opere-speciali-fr settori-ouvrages-maritimes settori-pieux-fores settori-tirants paesi-italie all_sort csm-fr-fondazioni-opere-speciali-fr_sort  deep-mixing-fr_sort  fondations-speciales-et-travaux_sort  jet-grouting-fr-fondazioni-opere-speciali-fr_sort  micropiles-fondazioni-opere-speciali-fr_sort  ouvrages-maritimes_sort  pieux-fores_sort  tirants_sort  av-masonry-item-with-image ' title=\"37_TriestePLT (2)\"  itemscope=\"itemscope\" itemtype=\"https:\/\/schema.org\/CreativeWork\"  ><div class='av-inner-masonry-sizer'><\/div><figure class='av-inner-masonry main_color'><div class=\"av-masonry-outerimage-container\"><div class=\"av-masonry-image-container\" style=\"background-image: url(https:\/\/www.icop.it\/wp-content\/uploads\/2020\/07\/37_TriestePLT-2-705x470.jpg);\" title=\"37_TriestePLT (2)\" ><\/div><\/div><figcaption class='av-inner-masonry-content site-background'><div class='av-inner-masonry-content-pos'><div class='av-inner-masonry-content-pos-content'><div class='avia-arrow'><\/div><h3 class='av-masonry-entry-title entry-title '  itemprop=\"headline\" >1359 &#8211; Trieste PLT (Italie)<\/h3><\/div><\/div><\/figcaption><\/figure><\/a><!--end av-masonry entry--><\/div><\/div><\/p><\/div>\n","protected":false},"excerpt":{"rendered":"","protected":false},"author":1,"featured_media":0,"parent":18570,"menu_order":0,"comment_status":"closed","ping_status":"closed","template":"","meta":[],"_links":{"self":[{"href":"https:\/\/www.icop.it\/fr\/wp-json\/wp\/v2\/pages\/18610"}],"collection":[{"href":"https:\/\/www.icop.it\/fr\/wp-json\/wp\/v2\/pages"}],"about":[{"href":"https:\/\/www.icop.it\/fr\/wp-json\/wp\/v2\/types\/page"}],"author":[{"embeddable":true,"href":"https:\/\/www.icop.it\/fr\/wp-json\/wp\/v2\/users\/1"}],"replies":[{"embeddable":true,"href":"https:\/\/www.icop.it\/fr\/wp-json\/wp\/v2\/comments?post=18610"}],"version-history":[{"count":4,"href":"https:\/\/www.icop.it\/fr\/wp-json\/wp\/v2\/pages\/18610\/revisions"}],"predecessor-version":[{"id":18805,"href":"https:\/\/www.icop.it\/fr\/wp-json\/wp\/v2\/pages\/18610\/revisions\/18805"}],"up":[{"embeddable":true,"href":"https:\/\/www.icop.it\/fr\/wp-json\/wp\/v2\/pages\/18570"}],"wp:attachment":[{"href":"https:\/\/www.icop.it\/fr\/wp-json\/wp\/v2\/media?parent=18610"}],"curies":[{"name":"wp","href":"https:\/\/api.w.org\/{rel}","templated":true}]}}