{"id":18605,"date":"2020-04-06T17:46:01","date_gmt":"2020-04-06T15:46:01","guid":{"rendered":"https:\/\/www.icop.it\/secteurs\/fondations-speciales-et-travaux-dinfrastructure\/jet-grouting\/"},"modified":"2020-11-26T15:57:57","modified_gmt":"2020-11-26T14:57:57","slug":"jet-grouting","status":"publish","type":"page","link":"https:\/\/www.icop.it\/fr\/secteurs\/fondations-speciales-et-travaux\/jet-grouting\/","title":{"rendered":"Jet grouting"},"content":{"rendered":"<div id='layer_slider_1'  class='avia-layerslider main_color avia-shadow  avia-builder-el-0  el_before_av_one_full  avia-builder-el-first  container_wrap sidebar_left' style='  height: 351px; max-width: 1280px; margin: 0 auto;' ><\/div><div id='after_layer_slider_1'  class='main_color av_default_container_wrap container_wrap sidebar_left' style=' '  ><div class='container' ><div class='template-page content  av-content-small units'><div class='post-entry post-entry-type-page post-entry-18605'><div class='entry-content-wrapper clearfix'>\n<div class=\"flex_column av_one_full  flex_column_div av-zero-column-padding first  avia-builder-el-1  el_after_av_layerslider  el_before_av_one_full  avia-builder-el-first  \" style='border-radius:0px; '><section class=\"av_textblock_section \"  itemscope=\"itemscope\" itemtype=\"https:\/\/schema.org\/CreativeWork\" ><div class='avia_textblock  '   itemprop=\"text\" ><h4><strong>JET GROUTING<\/strong><\/h4>\n<p class=\"p1\">La technique du jet grouting &#8211; ou <strong>colonnes consolid\u00e9es<\/strong> &#8211; consiste \u00e0 <strong>injecter du coulis de ciment dans le sol \u00e0 haute pression<\/strong> (plus de 400 bars) au moyen d\u2019une foreuse \u00e9quip\u00e9e de tiges sp\u00e9cifiques et d\u2019un moniteur dot\u00e9s de buses d&rsquo;injection. On obtient avec le jet grouting <strong>mono fluide<\/strong> (coulis de ciment uniquement) des colonnes de diam\u00e8tre allant de 400 \u00e0 1000 mm. En combinant l\u2019injection d\u2019air autour du jet de coulis, le jet grouting <strong>bi fluide<\/strong> favorise la p\u00e9n\u00e9tration du coulis dans sol et permet d\u2019atteindre des diam\u00e8tres plus importants en fonction de la nature du sol.<\/p>\n<\/div><\/section><\/div>\n<div class=\"flex_column av_one_full  flex_column_div av-zero-column-padding first  avia-builder-el-3  el_after_av_one_full  el_before_av_hr  column-top-margin\" style='border-radius:0px; '><div  class='av-horizontal-gallery av-horizontal-gallery-large-gap av-horizontal-gallery-enlarge-effect av-horizontal-gallery-1  avia-builder-el-4  avia-builder-el-no-sibling  av-control-default '  itemprop=\"image\" itemscope=\"itemscope\" itemtype=\"https:\/\/schema.org\/ImageObject\"  style='padding: 3.75% 0px;' data-av-enlarge='1.3'  ><div class='avia-slideshow-arrows avia-slideshow-controls'><a href='#prev' class='prev-slide av-horizontal-gallery-prev' aria-hidden='true' data-av_icon='\ue87c' data-av_iconfont='entypo-fontello'>Pr\u00e9c\u00e9dent<\/a><a href='#next' class='next-slide av-horizontal-gallery-next' aria-hidden='true' data-av_icon='\ue87d' data-av_iconfont='entypo-fontello'>Suivant <\/a><\/div><div class='av-horizontal-gallery-inner' style='padding-bottom:25%' data-av-height='25'><div class='av-horizontal-gallery-slider'><div class='av-horizontal-gallery-wrap noHover'><img class='av-horizontal-gallery-img' width='463' height='347' src='https:\/\/www.icop.it\/wp-content\/uploads\/2020\/04\/9_Jet-grouting.png' title='' alt='' \/><a href='https:\/\/www.icop.it\/wp-content\/uploads\/2020\/04\/9_Jet-grouting.png'  class='av-horizontal-gallery-link' aria-hidden='true' data-av_icon='\ue869' data-av_iconfont='entypo-fontello' title=''><\/a><\/div><div class='av-horizontal-gallery-wrap noHover'><img class='av-horizontal-gallery-img' width='768' height='1024' src='https:\/\/www.icop.it\/wp-content\/uploads\/2020\/06\/9_Jet-grouting.jpg' title='' alt='' \/><a href='https:\/\/www.icop.it\/wp-content\/uploads\/2020\/06\/9_Jet-grouting.jpg'  class='av-horizontal-gallery-link' aria-hidden='true' data-av_icon='\ue869' data-av_iconfont='entypo-fontello' title=''><\/a><\/div><\/div><\/div><\/div><\/div>\n<div  style='height:1px; margin-top:-50px'  class='hr hr-invisible   avia-builder-el-5  el_after_av_one_full  el_before_av_one_full '><span class='hr-inner ' ><span class='hr-inner-style'><\/span><\/span><\/div>\n<div class=\"flex_column av_one_full  flex_column_div av-zero-column-padding first  avia-builder-el-6  el_after_av_hr  el_before_av_one_full  \" style='border-radius:0px; '><section class=\"av_textblock_section \"  itemscope=\"itemscope\" itemtype=\"https:\/\/schema.org\/CreativeWork\" ><div class='avia_textblock  '   itemprop=\"text\" ><p class=\"p1\">Les <strong>applications<\/strong> du jet grouting sont nombreuses: <strong>\u00e9tanch\u00e9it\u00e9 du fond de fouille de station<\/strong>, puits et <strong>parkings souterrains<\/strong>, en passant par les <strong>\u00e9crans \u00e9tanches<\/strong> (berges, bassin de stockage), jusqu&rsquo;\u00e0 la v\u00e9ritable <strong>consolidation des sols meubles<\/strong> afin d&rsquo;en am\u00e9liorer les caract\u00e9ristiques m\u00e9caniques.<\/p>\n<p class=\"p1\">Dans le cas de <strong>r\u00e9alisation de parois verticales<\/strong>, le jet grouting peut \u00eatre renforc\u00e9 par la <strong>pose d\u2019armatures tubulaires<\/strong> de mani\u00e8re similaire aux micropieux (jet arm\u00e9).<\/p>\n<\/div><\/section><\/div>\n<div class=\"flex_column av_one_full  flex_column_div av-zero-column-padding first  avia-builder-el-8  el_after_av_one_full  el_before_av_one_full  column-top-margin\" style='border-radius:0px; '><div  class='avia-image-container  av-styling-    avia-builder-el-9  avia-builder-el-no-sibling  avia-align-center '  itemprop=\"image\" itemscope=\"itemscope\" itemtype=\"https:\/\/schema.org\/ImageObject\"  ><div class='avia-image-container-inner'><div class='avia-image-overlay-wrap'><img class='avia_image' src='https:\/\/www.icop.it\/wp-content\/uploads\/2020\/04\/Napoli-Stazione-Poggioreale_05.png' alt='' title='Napoli - Stazione Poggioreale_05' height=\"633\" width=\"1004\"  itemprop=\"thumbnailUrl\"  \/><\/div><\/div><\/div><\/div>\n<div class=\"flex_column av_one_full  flex_column_div av-zero-column-padding first  avia-builder-el-10  el_after_av_one_full  avia-builder-el-last  column-top-margin\" style='border-radius:0px; '><p><div  style='padding-bottom:10px; color:#172f62;' class='av-special-heading av-special-heading-h2 custom-color-heading   avia-builder-el-11  el_before_av_masonry_entries  avia-builder-el-no-sibling  '><h2 class='av-special-heading-tag '  itemprop=\"headline\"  >Fiches des metiers<\/h2><div class='special-heading-border'><div class='special-heading-inner-border' style='border-color:#172f62'><\/div><\/div><\/div><br \/>\n<div style='display:none'>18605<\/div><div id='unidea-filter-paesi'><span class='unidea-filter-paesi-all unidea-filter-paesi-active'>Tout<\/span> \/ <span class='unidea-filter-paesi-item ' data-filterpaese='France'>France<\/span> \/ <span class='unidea-filter-paesi-item ' data-filterpaese='Italie'>Italie<\/span> \/ <span class='unidea-filter-paesi-item ' data-filterpaese='Danemark'>Danemark<\/span> \/ <span class='unidea-filter-paesi-item ' data-filterpaese='Su\u00e8de'>Su\u00e8de<\/span><\/div><div id='av-masonry-1' class='av-masonry  noHover av-fixed-size av-large-gap av-hover-overlay-active av-masonry-animation-active av-masonry-col-3 av-caption-always av-caption-style-    '  ><div class='av-masonry-container isotope av-js-disabled ' ><div class='av-masonry-entry isotope-item av-masonry-item-no-image '><\/div><a href=\"https:\/\/www.icop.it\/fr\/works\/t2b-ligne-15-sud-paris-france\/\" data-settore='Fondations sp\u00e9ciales et travaux|Injections a base de coulis de ciment|Jet grouting|Parois moul\u00e9es a l\u2019hydrofraise|Parois moul\u00e9es a la benne|Pieux|Pieux Fores' data-paese='France' id='av-masonry-1-item-19141' data-av-masonry-item='19141' class='av-masonry-entry isotope-item post-19141 prodotti type-prodotti status-publish has-post-thumbnail hentry settori-fondations-speciales-et-travaux settori-injections-a-base-de-coulis-de-ciment settori-jet-grouting-fr-fondazioni-opere-speciali-fr settori-parois-moulees-a-lhydrofraise settori-parois-moulees-a-la-benne settori-pieux settori-pieux-fores paesi-francia-fr  av-masonry-item-with-image ' title=\"DCIM100MEDIADJI_0012.JPG\"  itemscope=\"itemscope\" itemtype=\"https:\/\/schema.org\/CreativeWork\"  ><div class='av-inner-masonry-sizer'><\/div><figure class='av-inner-masonry main_color'><div class=\"av-masonry-outerimage-container\"><div class=\"av-masonry-image-container\" style=\"background-image: url(https:\/\/www.icop.it\/wp-content\/uploads\/2020\/07\/42_T2B_COPERTINA-705x470.jpg);\" title=\"DCIM100MEDIADJI_0012.JPG\" ><\/div><\/div><figcaption class='av-inner-masonry-content site-background'><div class='av-inner-masonry-content-pos'><div class='av-inner-masonry-content-pos-content'><div class='avia-arrow'><\/div><h3 class='av-masonry-entry-title entry-title '  itemprop=\"headline\" >1383 &#8211; T2B Ligne 15 Sud &#8211; Paris (France)<\/h3><\/div><\/div><\/figcaption><\/figure><\/a><!--end av-masonry entry--><a href=\"https:\/\/www.icop.it\/fr\/works\/1359-trieste-plt-italie\/\" data-settore='CSM|Deep Mixing|Fondations sp\u00e9ciales et travaux|Jet grouting|Micropiles|Ouvrages maritimes|Pieux Fores|Tirants' data-paese='Italie' id='av-masonry-1-item-19042' data-av-masonry-item='19042' class='av-masonry-entry isotope-item post-19042 prodotti type-prodotti status-publish has-post-thumbnail hentry settori-csm-fr-fondazioni-opere-speciali-fr settori-deep-mixing-fr settori-fondations-speciales-et-travaux settori-jet-grouting-fr-fondazioni-opere-speciali-fr settori-micropiles-fondazioni-opere-speciali-fr settori-ouvrages-maritimes settori-pieux-fores settori-tirants paesi-italie  av-masonry-item-with-image ' title=\"37_TriestePLT (2)\"  itemscope=\"itemscope\" itemtype=\"https:\/\/schema.org\/CreativeWork\"  ><div class='av-inner-masonry-sizer'><\/div><figure class='av-inner-masonry main_color'><div class=\"av-masonry-outerimage-container\"><div class=\"av-masonry-image-container\" style=\"background-image: url(https:\/\/www.icop.it\/wp-content\/uploads\/2020\/07\/37_TriestePLT-2-705x470.jpg);\" title=\"37_TriestePLT (2)\" ><\/div><\/div><figcaption class='av-inner-masonry-content site-background'><div class='av-inner-masonry-content-pos'><div class='av-inner-masonry-content-pos-content'><div class='avia-arrow'><\/div><h3 class='av-masonry-entry-title entry-title '  itemprop=\"headline\" >1359 &#8211; Trieste PLT (Italie)<\/h3><\/div><\/div><\/figcaption><\/figure><\/a><!--end av-masonry entry--><a href=\"https:\/\/www.icop.it\/fr\/works\/1361-naples-station-poggioreale-italie\/\" data-settore='Fondations sp\u00e9ciales et travaux|Jet grouting|Pieux|Tirants' data-paese='Italie' id='av-masonry-1-item-18984' data-av-masonry-item='18984' class='av-masonry-entry isotope-item post-18984 prodotti type-prodotti status-publish has-post-thumbnail hentry settori-fondations-speciales-et-travaux settori-jet-grouting-fr-fondazioni-opere-speciali-fr settori-pieux settori-tirants paesi-italie  av-masonry-item-with-image ' title=\"35_Napoli_COPERTINA\"  itemscope=\"itemscope\" itemtype=\"https:\/\/schema.org\/CreativeWork\"  ><div class='av-inner-masonry-sizer'><\/div><figure class='av-inner-masonry main_color'><div class=\"av-masonry-outerimage-container\"><div class=\"av-masonry-image-container\" style=\"background-image: url(https:\/\/www.icop.it\/wp-content\/uploads\/2020\/07\/35_Napoli_COPERTINA-705x529.jpg);\" title=\"35_Napoli_COPERTINA\" ><\/div><\/div><figcaption class='av-inner-masonry-content site-background'><div class='av-inner-masonry-content-pos'><div class='av-inner-masonry-content-pos-content'><div class='avia-arrow'><\/div><h3 class='av-masonry-entry-title entry-title '  itemprop=\"headline\" >1361 &#8211; Naples &#8211; Station Poggioreale (Italie)<\/h3><\/div><\/div><\/figcaption><\/figure><\/a><!--end av-masonry entry--><a href=\"https:\/\/www.icop.it\/fr\/works\/1290-le-projet-de-metro-cityringen-copenhague-danemark\/\" data-settore='Fondations sp\u00e9ciales et travaux|Injections a base de coulis de ciment|Jet grouting' data-paese='Danemark' id='av-masonry-1-item-18933' data-av-masonry-item='18933' class='av-masonry-entry isotope-item post-18933 prodotti type-prodotti status-publish has-post-thumbnail hentry settori-fondations-speciales-et-travaux settori-injections-a-base-de-coulis-de-ciment settori-jet-grouting-fr-fondazioni-opere-speciali-fr paesi-danemark  av-masonry-item-with-image ' title=\"19_Frederiksberg_COPERTINA\"  itemscope=\"itemscope\" itemtype=\"https:\/\/schema.org\/CreativeWork\"  ><div class='av-inner-masonry-sizer'><\/div><figure class='av-inner-masonry main_color'><div class=\"av-masonry-outerimage-container\"><div class=\"av-masonry-image-container\" style=\"background-image: url(https:\/\/www.icop.it\/wp-content\/uploads\/2020\/07\/19_Frederiksberg_COPERTINA.jpg);\" title=\"19_Frederiksberg_COPERTINA\" ><\/div><\/div><figcaption class='av-inner-masonry-content site-background'><div class='av-inner-masonry-content-pos'><div class='av-inner-masonry-content-pos-content'><div class='avia-arrow'><\/div><h3 class='av-masonry-entry-title entry-title '  itemprop=\"headline\" >1290 &#8211; Le Projet de M\u00e9tro Cityringen &#8211; Copenhague (Danemark)<\/h3><\/div><\/div><\/figcaption><\/figure><\/a><!--end av-masonry entry--><a href=\"https:\/\/www.icop.it\/fr\/works\/1319-porte-de-clichy-paris-france\/\" data-settore='Cong\u00e9lation de sol|Fondations sp\u00e9ciales et travaux|Injections a base de coulis de ciment|Jet grouting|Micropiles|Parois moul\u00e9es a l\u2019hydrofraise|Pieux|Pieux Fores' data-paese='France' id='av-masonry-1-item-18929' data-av-masonry-item='18929' class='av-masonry-entry isotope-item post-18929 prodotti type-prodotti status-publish has-post-thumbnail hentry settori-congelation-de-sol settori-fondations-speciales-et-travaux settori-injections-a-base-de-coulis-de-ciment settori-jet-grouting-fr-fondazioni-opere-speciali-fr settori-micropiles-fondazioni-opere-speciali-fr settori-parois-moulees-a-lhydrofraise settori-pieux settori-pieux-fores paesi-francia-fr  av-masonry-item-with-image ' title=\"17_PorteDeClichy_COPERTINA 2\"  itemscope=\"itemscope\" itemtype=\"https:\/\/schema.org\/CreativeWork\"  ><div class='av-inner-masonry-sizer'><\/div><figure class='av-inner-masonry main_color'><div class=\"av-masonry-outerimage-container\"><div class=\"av-masonry-image-container\" style=\"background-image: url(https:\/\/www.icop.it\/wp-content\/uploads\/2020\/07\/17_PorteDeClichy_COPERTINA-2-705x529.jpg);\" title=\"17_PorteDeClichy_COPERTINA 2\" ><\/div><\/div><figcaption class='av-inner-masonry-content site-background'><div class='av-inner-masonry-content-pos'><div class='av-inner-masonry-content-pos-content'><div class='avia-arrow'><\/div><h3 class='av-masonry-entry-title entry-title '  itemprop=\"headline\" >1319 &#8211; Porte de Clichy &#8211; Paris (France)<\/h3><\/div><\/div><\/figcaption><\/figure><\/a><!--end av-masonry entry--><a href=\"https:\/\/www.icop.it\/fr\/works\/1211-turin-intesa-san-paolo-s-p-a-italie\/\" data-settore='Fondations sp\u00e9ciales et travaux|Jet grouting|Parois moul\u00e9es a l\u2019hydrofraise' data-paese='Italie' id='av-masonry-1-item-18920' data-av-masonry-item='18920' class='av-masonry-entry isotope-item post-18920 prodotti type-prodotti status-publish has-post-thumbnail hentry settori-fondations-speciales-et-travaux settori-jet-grouting-fr-fondazioni-opere-speciali-fr settori-parois-moulees-a-lhydrofraise paesi-italie  av-masonry-item-with-image ' title=\"3_1211_Torino_COPERTINA\"  itemscope=\"itemscope\" itemtype=\"https:\/\/schema.org\/CreativeWork\"  ><div class='av-inner-masonry-sizer'><\/div><figure class='av-inner-masonry main_color'><div class=\"av-masonry-outerimage-container\"><div class=\"av-masonry-image-container\" style=\"background-image: url(https:\/\/www.icop.it\/wp-content\/uploads\/2020\/07\/3_1211_Torino_COPERTINA-705x470.jpg);\" title=\"3_1211_Torino_COPERTINA\" ><\/div><\/div><figcaption class='av-inner-masonry-content site-background'><div class='av-inner-masonry-content-pos'><div class='av-inner-masonry-content-pos-content'><div class='avia-arrow'><\/div><h3 class='av-masonry-entry-title entry-title '  itemprop=\"headline\" >1211 &#8211; Turin &#8211; Intesa San Paolo S.p.A. (Italie)<\/h3><\/div><\/div><\/figcaption><\/figure><\/a><!--end av-masonry entry--><a href=\"https:\/\/www.icop.it\/fr\/works\/9961-metro-de-naples-ligne-6-italie\/\" data-settore='Cong\u00e9lation de sol|Fondations sp\u00e9ciales et travaux|Jet grouting|Parois moul\u00e9es a l\u2019hydrofraise|Pieux Fores' data-paese='Italie' id='av-masonry-1-item-18915' data-av-masonry-item='18915' class='av-masonry-entry isotope-item post-18915 prodotti type-prodotti status-publish has-post-thumbnail hentry settori-congelation-de-sol settori-fondations-speciales-et-travaux settori-jet-grouting-fr-fondazioni-opere-speciali-fr settori-parois-moulees-a-lhydrofraise settori-pieux-fores paesi-italie  av-masonry-item-with-image ' title=\"2_9961_Napoli_COPERTINA\"  itemscope=\"itemscope\" itemtype=\"https:\/\/schema.org\/CreativeWork\"  ><div class='av-inner-masonry-sizer'><\/div><figure class='av-inner-masonry main_color'><div class=\"av-masonry-outerimage-container\"><div class=\"av-masonry-image-container\" style=\"background-image: url(https:\/\/www.icop.it\/wp-content\/uploads\/2020\/07\/2_9961_Napoli_COPERTINA-705x698.png);\" title=\"2_9961_Napoli_COPERTINA\" ><\/div><\/div><figcaption class='av-inner-masonry-content site-background'><div class='av-inner-masonry-content-pos'><div class='av-inner-masonry-content-pos-content'><div class='avia-arrow'><\/div><h3 class='av-masonry-entry-title entry-title '  itemprop=\"headline\" >9961 &#8211; M\u00e9tro de Naples &#8211; Ligne 6 (Italie)<\/h3><\/div><\/div><\/figcaption><\/figure><\/a><!--end av-masonry entry--><a href=\"https:\/\/www.icop.it\/fr\/works\/1423-oa-0401p-ligne-16-lot-2-seine-saint-denis-93-france\/\" data-settore='Fondations sp\u00e9ciales et travaux|Injections a base de coulis de ciment|Jet grouting' data-paese='France' id='av-masonry-1-item-19138' data-av-masonry-item='19138' class='av-masonry-entry isotope-item post-19138 prodotti type-prodotti status-publish has-post-thumbnail hentry settori-fondations-speciales-et-travaux settori-injections-a-base-de-coulis-de-ciment settori-jet-grouting-fr-fondazioni-opere-speciali-fr paesi-francia-fr  av-masonry-item-with-image ' title=\"L16_Lotto 2_COPERTINA\"  itemscope=\"itemscope\" itemtype=\"https:\/\/schema.org\/CreativeWork\"  ><div class='av-inner-masonry-sizer'><\/div><figure class='av-inner-masonry main_color'><div class=\"av-masonry-outerimage-container\"><div class=\"av-masonry-image-container\" style=\"background-image: url(https:\/\/www.icop.it\/wp-content\/uploads\/2020\/07\/L16_Lotto-2_COPERTINA-705x529.jpg);\" title=\"L16_Lotto 2_COPERTINA\" ><\/div><\/div><figcaption class='av-inner-masonry-content site-background'><div class='av-inner-masonry-content-pos'><div class='av-inner-masonry-content-pos-content'><div class='avia-arrow'><\/div><h3 class='av-masonry-entry-title entry-title '  itemprop=\"headline\" >1423 &#8211; OA 0401P Ligne 16 Lot 2, Seine-Saint-Denis (93) (France)<\/h3><\/div><\/div><\/figcaption><\/figure><\/a><!--end av-masonry entry--><a href=\"https:\/\/www.icop.it\/fr\/works\/1380-metro-toulouse-france\/\" data-settore='Fondations sp\u00e9ciales et travaux|Injections a base de coulis de ciment|Jet grouting|Parois moul\u00e9es a l\u2019hydrofraise' data-paese='France' id='av-masonry-1-item-19134' data-av-masonry-item='19134' class='av-masonry-entry isotope-item post-19134 prodotti type-prodotti status-publish has-post-thumbnail hentry settori-fondations-speciales-et-travaux settori-injections-a-base-de-coulis-de-ciment settori-jet-grouting-fr-fondazioni-opere-speciali-fr settori-parois-moulees-a-lhydrofraise paesi-francia-fr  av-masonry-item-with-image ' title=\"Foto Tolosa_COPERTINA\"  itemscope=\"itemscope\" itemtype=\"https:\/\/schema.org\/CreativeWork\"  ><div class='av-inner-masonry-sizer'><\/div><figure class='av-inner-masonry main_color'><div class=\"av-masonry-outerimage-container\"><div class=\"av-masonry-image-container\" style=\"background-image: url(https:\/\/www.icop.it\/wp-content\/uploads\/2020\/07\/Foto-Tolosa_COPERTINA-705x397.jpg);\" title=\"Foto Tolosa_COPERTINA\" ><\/div><\/div><figcaption class='av-inner-masonry-content site-background'><div class='av-inner-masonry-content-pos'><div class='av-inner-masonry-content-pos-content'><div class='avia-arrow'><\/div><h3 class='av-masonry-entry-title entry-title '  itemprop=\"headline\" >1380 &#8211; M\u00e9tro Toulouse (France)<\/h3><\/div><\/div><\/figcaption><\/figure><\/a><!--end av-masonry entry--><a href=\"https:\/\/www.icop.it\/fr\/works\/1415-1416-goteborg-haga-skattehuset-suede\/\" data-settore='Fondations sp\u00e9ciales et travaux|Injections a base de coulis de ciment|Jet grouting|Micropiles' data-paese='Su\u00e8de' id='av-masonry-1-item-16260' data-av-masonry-item='16260' class='av-masonry-entry isotope-item post-16260 prodotti type-prodotti status-publish has-post-thumbnail hentry settori-fondations-speciales-et-travaux settori-injections-a-base-de-coulis-de-ciment settori-jet-grouting-fr-fondazioni-opere-speciali-fr settori-micropiles-fondazioni-opere-speciali-fr paesi-suede  av-masonry-item-with-image ' title=\"55_Goteborg_COPERTINA\"  itemscope=\"itemscope\" itemtype=\"https:\/\/schema.org\/CreativeWork\"  ><div class='av-inner-masonry-sizer'><\/div><figure class='av-inner-masonry main_color'><div class=\"av-masonry-outerimage-container\"><div class=\"av-masonry-image-container\" style=\"background-image: url(https:\/\/www.icop.it\/wp-content\/uploads\/2020\/07\/55_Goteborg_COPERTINA-705x431.jpg);\" title=\"55_Goteborg_COPERTINA\" ><\/div><\/div><figcaption class='av-inner-masonry-content site-background'><div class='av-inner-masonry-content-pos'><div class='av-inner-masonry-content-pos-content'><div class='avia-arrow'><\/div><h3 class='av-masonry-entry-title entry-title '  itemprop=\"headline\" >1415 &#8211; 1416 &#8211; G\u00f6teborg &#8211; HAGA &#8211; Skattehuset (Su\u00e8de)<\/h3><\/div><\/div><\/figcaption><\/figure><\/a><!--end av-masonry entry--><a href=\"https:\/\/www.icop.it\/fr\/works\/1400-lot-1-ligne-16-paris-france\/\" data-settore='Fondations sp\u00e9ciales et travaux|Injections a base de coulis de ciment|Jet grouting|Parois moul\u00e9es a l\u2019hydrofraise|Pieux|Pieux Fores|Tirants' data-paese='' id='av-masonry-1-item-16413' data-av-masonry-item='16413' class='av-masonry-entry isotope-item post-16413 prodotti type-prodotti status-publish has-post-thumbnail hentry settori-fondations-speciales-et-travaux settori-injections-a-base-de-coulis-de-ciment settori-jet-grouting-fr-fondazioni-opere-speciali-fr settori-parois-moulees-a-lhydrofraise settori-pieux settori-pieux-fores settori-tirants  av-masonry-item-with-image ' title=\"49_Lot1Linea16_COPERTINA\"  itemscope=\"itemscope\" itemtype=\"https:\/\/schema.org\/CreativeWork\"  ><div class='av-inner-masonry-sizer'><\/div><figure class='av-inner-masonry main_color'><div class=\"av-masonry-outerimage-container\"><div class=\"av-masonry-image-container\" style=\"background-image: url(https:\/\/www.icop.it\/wp-content\/uploads\/2020\/07\/49_Lot1Linea16_COPERTINA-705x397.png);\" title=\"49_Lot1Linea16_COPERTINA\" ><\/div><\/div><figcaption class='av-inner-masonry-content site-background'><div class='av-inner-masonry-content-pos'><div class='av-inner-masonry-content-pos-content'><div class='avia-arrow'><\/div><h3 class='av-masonry-entry-title entry-title '  itemprop=\"headline\" >1400 &#8211; Lot 1 Ligne 16 &#8211; Paris (France)<\/h3><\/div><\/div><\/figcaption><\/figure><\/a><!--end av-masonry entry--><\/div><\/div><\/p><\/div>\n","protected":false},"excerpt":{"rendered":"","protected":false},"author":1,"featured_media":0,"parent":18570,"menu_order":0,"comment_status":"closed","ping_status":"closed","template":"","meta":[],"_links":{"self":[{"href":"https:\/\/www.icop.it\/fr\/wp-json\/wp\/v2\/pages\/18605"}],"collection":[{"href":"https:\/\/www.icop.it\/fr\/wp-json\/wp\/v2\/pages"}],"about":[{"href":"https:\/\/www.icop.it\/fr\/wp-json\/wp\/v2\/types\/page"}],"author":[{"embeddable":true,"href":"https:\/\/www.icop.it\/fr\/wp-json\/wp\/v2\/users\/1"}],"replies":[{"embeddable":true,"href":"https:\/\/www.icop.it\/fr\/wp-json\/wp\/v2\/comments?post=18605"}],"version-history":[{"count":4,"href":"https:\/\/www.icop.it\/fr\/wp-json\/wp\/v2\/pages\/18605\/revisions"}],"predecessor-version":[{"id":18803,"href":"https:\/\/www.icop.it\/fr\/wp-json\/wp\/v2\/pages\/18605\/revisions\/18803"}],"up":[{"embeddable":true,"href":"https:\/\/www.icop.it\/fr\/wp-json\/wp\/v2\/pages\/18570"}],"wp:attachment":[{"href":"https:\/\/www.icop.it\/fr\/wp-json\/wp\/v2\/media?parent=18605"}],"curies":[{"name":"wp","href":"https:\/\/api.w.org\/{rel}","templated":true}]}}