{"id":18589,"date":"2020-04-06T17:51:36","date_gmt":"2020-04-06T15:51:36","guid":{"rendered":"https:\/\/www.icop.it\/secteurs\/fondations-speciales-et-travaux-dinfrastructure\/pali-secanti\/"},"modified":"2020-12-01T12:48:35","modified_gmt":"2020-12-01T11:48:35","slug":"pieux-secants","status":"publish","type":"page","link":"https:\/\/www.icop.it\/fr\/secteurs\/fondations-speciales-et-travaux\/pieux-secants\/","title":{"rendered":"Pieux Secants"},"content":{"rendered":"<div id='layer_slider_1'  class='avia-layerslider main_color avia-shadow  avia-builder-el-0  el_before_av_one_full  avia-builder-el-first  container_wrap sidebar_left' style='  height: 351px; max-width: 1280px; margin: 0 auto;' ><\/div><div id='after_layer_slider_1'  class='main_color av_default_container_wrap container_wrap sidebar_left' style=' '  ><div class='container' ><div class='template-page content  av-content-small units'><div class='post-entry post-entry-type-page post-entry-18589'><div class='entry-content-wrapper clearfix'>\n<div class=\"flex_column av_one_full  flex_column_div av-zero-column-padding first  avia-builder-el-1  el_after_av_layerslider  el_before_av_one_full  avia-builder-el-first  \" style='border-radius:0px; '><section class=\"av_textblock_section \"  itemscope=\"itemscope\" itemtype=\"https:\/\/schema.org\/CreativeWork\" ><div class='avia_textblock  '   itemprop=\"text\" ><h4 class=\"p1\"><strong>PIEUX SECANTS<\/strong><\/h4>\n<p class=\"p1\">Les pieux s\u00e9cants sont des <strong>\u00e9l\u00e9ments en b\u00e9ton arm\u00e9<\/strong> r\u00e9alis\u00e9s dans une s\u00e9quence primaire et secondaire, afin de cr\u00e9er un rideau continue en pieux b\u00e9ton arm\u00e9. Au pr\u00e9alable, des murettes guide en b\u00e9ton arm\u00e9 sont r\u00e9alis\u00e9s pour assurer la bonne implantation des pieux et guider l\u2019outil lors de la r\u00e9alisation des pieux primaires et secondaires.<\/p>\n<p class=\"p1\"><strong>Le forage des pieux<\/strong> est r\u00e9alis\u00e9 \u00e0 l\u2019aide d&rsquo;une double t\u00eate permettant la rotation de l\u2019outil de forage et l\u2019approfondissement simultan\u00e9 d&rsquo;un tubage. Le tubage est dot\u00e9 d\u2019une couronne en acier sp\u00e9cial \u00e9quip\u00e9e de dents r\u00e9sistantes (widia) et permet de traverser des horizons indur\u00e9s (blocs, fondations existantes en b\u00e9ton non arm\u00e9).<\/p>\n<p class=\"p1\">Une fois le forage termin\u00e9, le curage du pieu est effectu\u00e9 et <strong>les cages d\u2019armature sont pos\u00e9es<\/strong> (\u00e9l\u00e9ments de 12-14m rabout\u00e9s sur chantier)<\/p>\n<p class=\"p1\"><strong>La pose des cages est suivie du b\u00e9tonnage<\/strong>, r\u00e9alis\u00e9 avec un tube plongeur adapt\u00e9 et toujours immerg\u00e9e dans le b\u00e9ton, en enlevant progressivement la virole de rev\u00eatement.<\/p>\n<p class=\"p1\">L&rsquo;instrumentation donne \u00e0 l&rsquo;op\u00e9rateur la possibilit\u00e9 de surveiller en permanence le bon d\u00e9roulement du forage. Le syst\u00e8me peut \u00eatre connect\u00e9 \u00e9lectroniquement \u00e0 un enregistreur de donn\u00e9es qui fournit entre autres\u00a0: l<strong>e nom du projet, le num\u00e9ro de pieu, la date, le temps de r\u00e9alisation, le diam\u00e8tre du pieu et les param\u00e8tres de forage<\/strong>.<\/p>\n<p class=\"p1\">Apr\u00e8s avoir r\u00e9alis\u00e9 une s\u00e9rie de pieux primaires et, dans tous les cas, au moins 24 heures apr\u00e8s leur b\u00e9tonnage (n\u00e9cessaire \u00e0 la prise minimum du b\u00e9ton), <strong>les pieux \u00absecondaires\u00bb sont r\u00e9alis\u00e9s<\/strong>. Le projet peut prescrire, selon les besoins statiques et hydrauliques, un recouvrement plus ou moins important entre les pieux.<\/p>\n<\/div><\/section><\/div>\n<div class=\"flex_column av_one_full  flex_column_div av-zero-column-padding first  avia-builder-el-3  el_after_av_one_full  avia-builder-el-last  column-top-margin\" style='border-radius:0px; '><p><div  style='padding-bottom:10px; color:#172f62;' class='av-special-heading av-special-heading-h2 custom-color-heading   avia-builder-el-4  el_before_av_masonry_entries  avia-builder-el-no-sibling  '><h2 class='av-special-heading-tag '  itemprop=\"headline\"  >Fiches des metiers<\/h2><div class='special-heading-border'><div class='special-heading-inner-border' style='border-color:#172f62'><\/div><\/div><\/div><br \/>\n<\/p><\/div>\n","protected":false},"excerpt":{"rendered":"","protected":false},"author":1,"featured_media":0,"parent":18570,"menu_order":0,"comment_status":"closed","ping_status":"closed","template":"","meta":[],"_links":{"self":[{"href":"https:\/\/www.icop.it\/fr\/wp-json\/wp\/v2\/pages\/18589"}],"collection":[{"href":"https:\/\/www.icop.it\/fr\/wp-json\/wp\/v2\/pages"}],"about":[{"href":"https:\/\/www.icop.it\/fr\/wp-json\/wp\/v2\/types\/page"}],"author":[{"embeddable":true,"href":"https:\/\/www.icop.it\/fr\/wp-json\/wp\/v2\/users\/1"}],"replies":[{"embeddable":true,"href":"https:\/\/www.icop.it\/fr\/wp-json\/wp\/v2\/comments?post=18589"}],"version-history":[{"count":5,"href":"https:\/\/www.icop.it\/fr\/wp-json\/wp\/v2\/pages\/18589\/revisions"}],"predecessor-version":[{"id":18903,"href":"https:\/\/www.icop.it\/fr\/wp-json\/wp\/v2\/pages\/18589\/revisions\/18903"}],"up":[{"embeddable":true,"href":"https:\/\/www.icop.it\/fr\/wp-json\/wp\/v2\/pages\/18570"}],"wp:attachment":[{"href":"https:\/\/www.icop.it\/fr\/wp-json\/wp\/v2\/media?parent=18589"}],"curies":[{"name":"wp","href":"https:\/\/api.w.org\/{rel}","templated":true}]}}