{"id":18579,"date":"2020-04-06T17:38:11","date_gmt":"2020-04-06T15:38:11","guid":{"rendered":"https:\/\/www.icop.it\/secteurs\/fondations-speciales-et-travaux-dinfrastructure\/diaframmi-con-benna\/"},"modified":"2020-12-01T12:47:30","modified_gmt":"2020-12-01T11:47:30","slug":"parois-moulees-a-la-benne","status":"publish","type":"page","link":"https:\/\/www.icop.it\/fr\/secteurs\/fondations-speciales-et-travaux\/parois-moulees-a-la-benne\/","title":{"rendered":"Parois moul\u00e9es a la benne"},"content":{"rendered":"<div id='layer_slider_1'  class='avia-layerslider main_color avia-shadow  avia-builder-el-0  el_before_av_one_full  avia-builder-el-first  container_wrap sidebar_left' style='  height: 351px; max-width: 1280px; margin: 0 auto;' ><\/div><div id='after_layer_slider_1'  class='main_color av_default_container_wrap container_wrap sidebar_left' style=' '  ><div class='container' ><div class='template-page content  av-content-small units'><div class='post-entry post-entry-type-page post-entry-18579'><div class='entry-content-wrapper clearfix'>\n<div class=\"flex_column av_one_full  flex_column_div av-zero-column-padding first  avia-builder-el-1  el_after_av_layerslider  el_before_av_one_half  avia-builder-el-first  \" style='border-radius:0px; '><section class=\"av_textblock_section \"  itemscope=\"itemscope\" itemtype=\"https:\/\/schema.org\/CreativeWork\" ><div class='avia_textblock  '   itemprop=\"text\" ><h4 class=\"p1\">PAROIS<\/h4>\n<p class=\"p1\">Cette technique offre la possibilit\u00e9 de cr\u00e9er des <strong>parois continues en b\u00e9ton arm\u00e9<\/strong> qui, \u00e0 partir du TN, peuvent s&rsquo;approfondir jusqu&rsquo;\u00e0 25-30 m voir plus en utilisant des technologies traditionnelles.<\/p>\n<p class=\"p1\">Constitu\u00e9 d\u2019un ensemble de panneaux de dimension variable, les parois moul\u00e9es s\u2019adaptent aux diff\u00e9rentes g\u00e9om\u00e9tries d\u2019ouvrage que ce soit des ouvrages lin\u00e9aires, en forme de bo\u00eete rectangulaire, circulaires ou polygonales. Elles permettent la <strong>construction de r\u00e9servoirs pour le stockage de fluides, de parkings souterrains, de protection et d\u2019\u00e9tanch\u00e9it\u00e9 des berges, des passages souterrains, etc<\/strong>. Les panneaux sont excav\u00e9s \u00e0 l\u2019aide d\u2019une benne m\u00e9canique libre (benne \u00e0 c\u00e2ble) ou d\u2019une benne hydraulique guid\u00e9e par un mat t\u00e9lescopique (Kelly). Une large gamme de benne et de kit d\u2019extension existe afin de s\u2019adapter aux diff\u00e9rents projets avec des dimensions usuelles de 250 \u00e0 280cm de largeur et de 50 \u00e0 180 cm d&rsquo;\u00e9paisseur.<\/p>\n<p class=\"p1\">La stabilit\u00e9 de l&rsquo;excavation est assur\u00e9e gr\u00e2ce \u00e0 la mise en \u0153uvre de boue de <strong>forage \u00e0 base de bentonite ou de polym\u00e8res<\/strong> qui, pouvant former une fine couche imperm\u00e9able (cake) sur les parois, permettent \u00e0 la pouss\u00e9e hydrostatique de la boue de stabiliser le parement, rempla\u00e7ant le sol progressivement enlev\u00e9.<\/p>\n<p class=\"p1\">Dans le cas particulier de la r\u00e9alisation de <strong>parois moul\u00e9es destin\u00e9es \u00e0 la cr\u00e9ation d\u2019une enceinte \u00e9tanche<\/strong>, les panneaux peuvent \u00eatre dot\u00e9s d\u2019un joint Water stop de chaque c\u00f4t\u00e9.<\/p>\n<\/div><\/section><\/div>\n<div class=\"flex_column av_one_half  flex_column_div av-zero-column-padding first  avia-builder-el-3  el_after_av_one_full  el_before_av_one_half  column-top-margin\" style='border-radius:0px; '><div  class='avia-image-container  av-styling-    avia-builder-el-4  avia-builder-el-no-sibling  avia-align-center '  itemprop=\"image\" itemscope=\"itemscope\" itemtype=\"https:\/\/schema.org\/ImageObject\"  ><div class='avia-image-container-inner'><div class='avia-image-overlay-wrap'><img class='avia_image' src='https:\/\/www.icop.it\/wp-content\/uploads\/2020\/04\/1_Diaframmi-1.jpg' alt='' title='' height=\"2133\" width=\"1600\"  itemprop=\"thumbnailUrl\"  \/><\/div><\/div><\/div><\/div>\n<div class=\"flex_column av_one_half  flex_column_div av-zero-column-padding   avia-builder-el-5  el_after_av_one_half  el_before_av_one_full  column-top-margin\" style='border-radius:0px; '><div  class='avia-image-container  av-styling-    avia-builder-el-6  avia-builder-el-no-sibling  avia-align-center '  itemprop=\"image\" itemscope=\"itemscope\" itemtype=\"https:\/\/schema.org\/ImageObject\"  ><div class='avia-image-container-inner'><div class='avia-image-overlay-wrap'><img class='avia_image' src='https:\/\/www.icop.it\/wp-content\/uploads\/2020\/04\/1_Diaframmi-2.jpg' alt='' title='' height=\"640\" width=\"480\"  itemprop=\"thumbnailUrl\"  \/><\/div><\/div><\/div><\/div>\n<div class=\"flex_column av_one_full  flex_column_div av-zero-column-padding first  avia-builder-el-7  el_after_av_one_half  el_before_av_one_half  column-top-margin\" style='border-radius:0px; '><section class=\"av_textblock_section \"  itemscope=\"itemscope\" itemtype=\"https:\/\/schema.org\/CreativeWork\" ><div class='avia_textblock  '   itemprop=\"text\" ><h4 class=\"p1\">PAROIS AU COULIS<\/h4>\n<p class=\"p1\">La m\u00e9thodologie d&rsquo;excavation est similaire \u00e0 celle des parois moul\u00e9es en b\u00e9ton arm\u00e9; les principales diff\u00e9rences r\u00e9sident dans les mat\u00e9riaux utilis\u00e9s et dans la finalit\u00e9 des travaux.<\/p>\n<p class=\"p1\"><strong>Sans armature ni b\u00e9ton<\/strong>, une paroi au coulis est compos\u00e9e d\u2019une formulation de coulis bentonite-ciment adapt\u00e9e pour stabiliser le terrain durant l\u2019excavation et, in fine, substitue le sol pour en am\u00e9liorer les caract\u00e9ristiques g\u00e9om\u00e9caniques tels que la <strong>r\u00e9sistance et la perm\u00e9abilit\u00e9<\/strong>.<\/p>\n<p class=\"p1\">Elles peuvent \u00eatre \u00e9galement arm\u00e9es avec des profil\u00e9s m\u00e9talliques pour, en plus de son r\u00f4le d\u2019\u00e9tanch\u00e9it\u00e9, jouer un r\u00f4le de sout\u00e8nement provisoire.<\/p>\n<p class=\"p1\">Il est \u00e0 souligner que la paroi au coulis est tr\u00e8s utilis\u00e9e aussi bien dans l\u2019am\u00e9lioration de sol que dans le domaine de l\u2019environnement pour la <strong>r\u00e9alisation d\u2019enceintes de stockage de d\u00e9chets et l&rsquo;imperm\u00e9abilisation des berges de r\u00e9serve d\u2019eau ou de cours d\u2019eau<\/strong>.<\/p>\n<\/div><\/section><\/div>\n<div class=\"flex_column av_one_half  flex_column_div av-zero-column-padding first  avia-builder-el-9  el_after_av_one_full  el_before_av_one_half  column-top-margin\" style='border-radius:0px; '><div  class='avia-image-container  av-styling-    avia-builder-el-10  avia-builder-el-no-sibling  avia-align-center '  itemprop=\"image\" itemscope=\"itemscope\" itemtype=\"https:\/\/schema.org\/ImageObject\"  ><div class='avia-image-container-inner'><div class='avia-image-overlay-wrap'><img class='avia_image' src='https:\/\/www.icop.it\/wp-content\/uploads\/2020\/04\/2_Diaframmi-plastici.png' alt='' title='2_Diaframmi plastici' height=\"626\" width=\"470\"  itemprop=\"thumbnailUrl\"  \/><\/div><\/div><\/div><\/div>\n<div class=\"flex_column av_one_half  flex_column_div av-zero-column-padding   avia-builder-el-11  el_after_av_one_half  el_before_av_one_full  column-top-margin\" style='border-radius:0px; '><div  class='avia-image-container  av-styling-    avia-builder-el-12  avia-builder-el-no-sibling  avia-align-center '  itemprop=\"image\" itemscope=\"itemscope\" itemtype=\"https:\/\/schema.org\/ImageObject\"  ><div class='avia-image-container-inner'><div class='avia-image-overlay-wrap'><img class='avia_image' src='https:\/\/www.icop.it\/wp-content\/uploads\/2020\/04\/2_Diaframmi-plastici.jpg' alt='' title='2_Diaframmi plastici' height=\"480\" width=\"640\"  itemprop=\"thumbnailUrl\"  \/><\/div><\/div><\/div><\/div>\n<div class=\"flex_column av_one_full  flex_column_div av-zero-column-padding first  avia-builder-el-13  el_after_av_one_half  avia-builder-el-last  column-top-margin\" style='border-radius:0px; '><p><div  style='padding-bottom:10px; color:#172f62;' class='av-special-heading av-special-heading-h2 custom-color-heading   avia-builder-el-14  el_before_av_masonry_entries  avia-builder-el-no-sibling  '><h2 class='av-special-heading-tag '  itemprop=\"headline\"  >Fiches des metiers<\/h2><div class='special-heading-border'><div class='special-heading-inner-border' style='border-color:#172f62'><\/div><\/div><\/div><br \/>\n<div style='display:none'>18579<\/div><div id='unidea-filter-paesi'><span class='unidea-filter-paesi-all unidea-filter-paesi-active'>Tout<\/span> \/ <span class='unidea-filter-paesi-item ' data-filterpaese='France'>France<\/span> \/ <span class='unidea-filter-paesi-item ' data-filterpaese='Italie'>Italie<\/span> \/ <span class='unidea-filter-paesi-item ' data-filterpaese='Guyane Fran\u00e7aise'>Guyane Fran\u00e7aise<\/span> \/ <span class='unidea-filter-paesi-item ' data-filterpaese='Principaut\u00e9 de Monaco'>Principaut\u00e9 de Monaco<\/span><\/div><div id='av-masonry-1' class='av-masonry  noHover av-fixed-size av-large-gap av-hover-overlay-active av-masonry-animation-active av-masonry-col-3 av-caption-always av-caption-style-    '  ><div class='av-masonry-container isotope av-js-disabled ' ><div class='av-masonry-entry isotope-item av-masonry-item-no-image '><\/div><a href=\"https:\/\/www.icop.it\/fr\/works\/t2b-ligne-15-sud-paris-france\/\" data-settore='Fondations sp\u00e9ciales et travaux|Injections a base de coulis de ciment|Jet grouting|Parois moul\u00e9es a l\u2019hydrofraise|Parois moul\u00e9es a la benne|Pieux|Pieux Fores' data-paese='France' id='av-masonry-1-item-19141' data-av-masonry-item='19141' class='av-masonry-entry isotope-item post-19141 prodotti type-prodotti status-publish has-post-thumbnail hentry settori-fondations-speciales-et-travaux settori-injections-a-base-de-coulis-de-ciment settori-jet-grouting-fr-fondazioni-opere-speciali-fr settori-parois-moulees-a-lhydrofraise settori-parois-moulees-a-la-benne settori-pieux settori-pieux-fores paesi-francia-fr  av-masonry-item-with-image ' title=\"DCIM100MEDIADJI_0012.JPG\"  itemscope=\"itemscope\" itemtype=\"https:\/\/schema.org\/CreativeWork\"  ><div class='av-inner-masonry-sizer'><\/div><figure class='av-inner-masonry main_color'><div class=\"av-masonry-outerimage-container\"><div class=\"av-masonry-image-container\" style=\"background-image: url(https:\/\/www.icop.it\/wp-content\/uploads\/2020\/07\/42_T2B_COPERTINA-705x470.jpg);\" title=\"DCIM100MEDIADJI_0012.JPG\" ><\/div><\/div><figcaption class='av-inner-masonry-content site-background'><div class='av-inner-masonry-content-pos'><div class='av-inner-masonry-content-pos-content'><div class='avia-arrow'><\/div><h3 class='av-masonry-entry-title entry-title '  itemprop=\"headline\" >1383 &#8211; T2B Ligne 15 Sud &#8211; Paris (France)<\/h3><\/div><\/div><\/figcaption><\/figure><\/a><!--end av-masonry entry--><a href=\"https:\/\/www.icop.it\/fr\/works\/9988-piazzale-kennedy-rimini-italie\/\" data-settore='Fondations sp\u00e9ciales et travaux|Pieux|Pieux Fores' data-paese='Italie' id='av-masonry-1-item-19015' data-av-masonry-item='19015' class='av-masonry-entry isotope-item post-19015 prodotti type-prodotti status-publish has-post-thumbnail hentry settori-fondations-speciales-et-travaux settori-pieux settori-pieux-fores paesi-italie  av-masonry-item-with-image ' title=\"44_PiazzaleKennedy_COPERTINA\"  itemscope=\"itemscope\" itemtype=\"https:\/\/schema.org\/CreativeWork\"  ><div class='av-inner-masonry-sizer'><\/div><figure class='av-inner-masonry main_color'><div class=\"av-masonry-outerimage-container\"><div class=\"av-masonry-image-container\" style=\"background-image: url(https:\/\/www.icop.it\/wp-content\/uploads\/2020\/07\/44_PiazzaleKennedy_COPERTINA-705x529.jpg);\" title=\"44_PiazzaleKennedy_COPERTINA\" ><\/div><\/div><figcaption class='av-inner-masonry-content site-background'><div class='av-inner-masonry-content-pos'><div class='av-inner-masonry-content-pos-content'><div class='avia-arrow'><\/div><h3 class='av-masonry-entry-title entry-title '  itemprop=\"headline\" >9988 &#8211; Piazzale Kennedy &#8211; Rimini (Italie)<\/h3><\/div><\/div><\/figcaption><\/figure><\/a><!--end av-masonry entry--><a href=\"https:\/\/www.icop.it\/fr\/works\/1374a-projet-ariane-6-guyane-francaise\/\" data-settore='Fondations sp\u00e9ciales et travaux|Injections a base de coulis de ciment|Parois moul\u00e9es a la benne|Pieux Fores' data-paese='Guyane Fran\u00e7aise' id='av-masonry-1-item-19005' data-av-masonry-item='19005' class='av-masonry-entry isotope-item post-19005 prodotti type-prodotti status-publish has-post-thumbnail hentry settori-fondations-speciales-et-travaux settori-injections-a-base-de-coulis-de-ciment settori-parois-moulees-a-la-benne settori-pieux-fores paesi-guyane-francaise  av-masonry-item-with-image ' title=\"40_ProgettoAriane_COPERTINA\"  itemscope=\"itemscope\" itemtype=\"https:\/\/schema.org\/CreativeWork\"  ><div class='av-inner-masonry-sizer'><\/div><figure class='av-inner-masonry main_color'><div class=\"av-masonry-outerimage-container\"><div class=\"av-masonry-image-container\" style=\"background-image: url(https:\/\/www.icop.it\/wp-content\/uploads\/2020\/07\/40_ProgettoAriane_COPERTINA-705x397.png);\" title=\"40_ProgettoAriane_COPERTINA\" ><\/div><\/div><figcaption class='av-inner-masonry-content site-background'><div class='av-inner-masonry-content-pos'><div class='av-inner-masonry-content-pos-content'><div class='avia-arrow'><\/div><h3 class='av-masonry-entry-title entry-title '  itemprop=\"headline\" >1374a &#8211; Projet Ariane 6 (Guyane Fran\u00e7aise)<\/h3><\/div><\/div><\/figcaption><\/figure><\/a><!--end av-masonry entry--><a href=\"https:\/\/www.icop.it\/fr\/works\/1361-naples-station-poggioreale-italie\/\" data-settore='Fondations sp\u00e9ciales et travaux|Jet grouting|Pieux|Tirants' data-paese='Italie' id='av-masonry-1-item-18984' data-av-masonry-item='18984' class='av-masonry-entry isotope-item post-18984 prodotti type-prodotti status-publish has-post-thumbnail hentry settori-fondations-speciales-et-travaux settori-jet-grouting-fr-fondazioni-opere-speciali-fr settori-pieux settori-tirants paesi-italie  av-masonry-item-with-image ' title=\"35_Napoli_COPERTINA\"  itemscope=\"itemscope\" itemtype=\"https:\/\/schema.org\/CreativeWork\"  ><div class='av-inner-masonry-sizer'><\/div><figure class='av-inner-masonry main_color'><div class=\"av-masonry-outerimage-container\"><div class=\"av-masonry-image-container\" style=\"background-image: url(https:\/\/www.icop.it\/wp-content\/uploads\/2020\/07\/35_Napoli_COPERTINA-705x529.jpg);\" title=\"35_Napoli_COPERTINA\" ><\/div><\/div><figcaption class='av-inner-masonry-content site-background'><div class='av-inner-masonry-content-pos'><div class='av-inner-masonry-content-pos-content'><div class='avia-arrow'><\/div><h3 class='av-masonry-entry-title entry-title '  itemprop=\"headline\" >1361 &#8211; Naples &#8211; Station Poggioreale (Italie)<\/h3><\/div><\/div><\/figcaption><\/figure><\/a><!--end av-masonry entry--><a href=\"https:\/\/www.icop.it\/fr\/works\/1343-darse-nord-monaco-principaute-de-monaco\/\" data-settore='Fondations sp\u00e9ciales et travaux|Parois moul\u00e9es a l\u2019hydrofraise|Pieux' data-paese='Principaut\u00e9 de Monaco' id='av-masonry-1-item-18969' data-av-masonry-item='18969' class='av-masonry-entry isotope-item post-18969 prodotti type-prodotti status-publish has-post-thumbnail hentry settori-fondations-speciales-et-travaux settori-parois-moulees-a-lhydrofraise settori-pieux paesi-principaute-de-monaco  av-masonry-item-with-image ' title=\"28_DarseNord_COPERTINA 2\"  itemscope=\"itemscope\" itemtype=\"https:\/\/schema.org\/CreativeWork\"  ><div class='av-inner-masonry-sizer'><\/div><figure class='av-inner-masonry main_color'><div class=\"av-masonry-outerimage-container\"><div class=\"av-masonry-image-container\" style=\"background-image: url(https:\/\/www.icop.it\/wp-content\/uploads\/2020\/07\/28_DarseNord_COPERTINA-2-705x470.jpg);\" title=\"28_DarseNord_COPERTINA 2\" ><\/div><\/div><figcaption class='av-inner-masonry-content site-background'><div class='av-inner-masonry-content-pos'><div class='av-inner-masonry-content-pos-content'><div class='avia-arrow'><\/div><h3 class='av-masonry-entry-title entry-title '  itemprop=\"headline\" >1343 &#8211; Darse Nord &#8211; Monaco (Principaut\u00e9 de Monaco)<\/h3><\/div><\/div><\/figcaption><\/figure><\/a><!--end av-masonry entry--><a href=\"https:\/\/www.icop.it\/fr\/works\/1312-le-pouzin-france\/\" data-settore='Fondations sp\u00e9ciales et travaux|Parois moul\u00e9es a la benne' data-paese='France' id='av-masonry-1-item-18960' data-av-masonry-item='18960' class='av-masonry-entry isotope-item post-18960 prodotti type-prodotti status-publish has-post-thumbnail hentry settori-fondations-speciales-et-travaux settori-parois-moulees-a-la-benne paesi-francia-fr  av-masonry-item-with-image ' title=\"22_Pouzin_COPERTINA\"  itemscope=\"itemscope\" itemtype=\"https:\/\/schema.org\/CreativeWork\"  ><div class='av-inner-masonry-sizer'><\/div><figure class='av-inner-masonry main_color'><div class=\"av-masonry-outerimage-container\"><div class=\"av-masonry-image-container\" style=\"background-image: url(https:\/\/www.icop.it\/wp-content\/uploads\/2020\/07\/22_Pouzin_COPERTINA-529x705.jpg);\" title=\"22_Pouzin_COPERTINA\" ><\/div><\/div><figcaption class='av-inner-masonry-content site-background'><div class='av-inner-masonry-content-pos'><div class='av-inner-masonry-content-pos-content'><div class='avia-arrow'><\/div><h3 class='av-masonry-entry-title entry-title '  itemprop=\"headline\" >1312 &#8211; Le Pouzin (France)<\/h3><\/div><\/div><\/figcaption><\/figure><\/a><!--end av-masonry entry--><a href=\"https:\/\/www.icop.it\/fr\/works\/1319-porte-de-clichy-paris-france\/\" data-settore='Cong\u00e9lation de sol|Fondations sp\u00e9ciales et travaux|Injections a base de coulis de ciment|Jet grouting|Micropiles|Parois moul\u00e9es a l\u2019hydrofraise|Pieux|Pieux Fores' data-paese='France' id='av-masonry-1-item-18929' data-av-masonry-item='18929' class='av-masonry-entry isotope-item post-18929 prodotti type-prodotti status-publish has-post-thumbnail hentry settori-congelation-de-sol settori-fondations-speciales-et-travaux settori-injections-a-base-de-coulis-de-ciment settori-jet-grouting-fr-fondazioni-opere-speciali-fr settori-micropiles-fondazioni-opere-speciali-fr settori-parois-moulees-a-lhydrofraise settori-pieux settori-pieux-fores paesi-francia-fr  av-masonry-item-with-image ' title=\"17_PorteDeClichy_COPERTINA 2\"  itemscope=\"itemscope\" itemtype=\"https:\/\/schema.org\/CreativeWork\"  ><div class='av-inner-masonry-sizer'><\/div><figure class='av-inner-masonry main_color'><div class=\"av-masonry-outerimage-container\"><div class=\"av-masonry-image-container\" style=\"background-image: url(https:\/\/www.icop.it\/wp-content\/uploads\/2020\/07\/17_PorteDeClichy_COPERTINA-2-705x529.jpg);\" title=\"17_PorteDeClichy_COPERTINA 2\" ><\/div><\/div><figcaption class='av-inner-masonry-content site-background'><div class='av-inner-masonry-content-pos'><div class='av-inner-masonry-content-pos-content'><div class='avia-arrow'><\/div><h3 class='av-masonry-entry-title entry-title '  itemprop=\"headline\" >1319 &#8211; Porte de Clichy &#8211; Paris (France)<\/h3><\/div><\/div><\/figcaption><\/figure><\/a><!--end av-masonry entry--><a href=\"https:\/\/www.icop.it\/fr\/works\/1400-lot-1-ligne-16-paris-france\/\" data-settore='Fondations sp\u00e9ciales et travaux|Injections a base de coulis de ciment|Jet grouting|Parois moul\u00e9es a l\u2019hydrofraise|Pieux|Pieux Fores|Tirants' data-paese='' id='av-masonry-1-item-16413' data-av-masonry-item='16413' class='av-masonry-entry isotope-item post-16413 prodotti type-prodotti status-publish has-post-thumbnail hentry settori-fondations-speciales-et-travaux settori-injections-a-base-de-coulis-de-ciment settori-jet-grouting-fr-fondazioni-opere-speciali-fr settori-parois-moulees-a-lhydrofraise settori-pieux settori-pieux-fores settori-tirants  av-masonry-item-with-image ' title=\"49_Lot1Linea16_COPERTINA\"  itemscope=\"itemscope\" itemtype=\"https:\/\/schema.org\/CreativeWork\"  ><div class='av-inner-masonry-sizer'><\/div><figure class='av-inner-masonry main_color'><div class=\"av-masonry-outerimage-container\"><div class=\"av-masonry-image-container\" style=\"background-image: url(https:\/\/www.icop.it\/wp-content\/uploads\/2020\/07\/49_Lot1Linea16_COPERTINA-705x397.png);\" title=\"49_Lot1Linea16_COPERTINA\" ><\/div><\/div><figcaption class='av-inner-masonry-content site-background'><div class='av-inner-masonry-content-pos'><div class='av-inner-masonry-content-pos-content'><div class='avia-arrow'><\/div><h3 class='av-masonry-entry-title entry-title '  itemprop=\"headline\" >1400 &#8211; Lot 1 Ligne 16 &#8211; Paris (France)<\/h3><\/div><\/div><\/figcaption><\/figure><\/a><!--end av-masonry entry--><\/div><\/div><\/p><\/div>\n","protected":false},"excerpt":{"rendered":"","protected":false},"author":1,"featured_media":0,"parent":18570,"menu_order":0,"comment_status":"closed","ping_status":"closed","template":"","meta":[],"_links":{"self":[{"href":"https:\/\/www.icop.it\/fr\/wp-json\/wp\/v2\/pages\/18579"}],"collection":[{"href":"https:\/\/www.icop.it\/fr\/wp-json\/wp\/v2\/pages"}],"about":[{"href":"https:\/\/www.icop.it\/fr\/wp-json\/wp\/v2\/types\/page"}],"author":[{"embeddable":true,"href":"https:\/\/www.icop.it\/fr\/wp-json\/wp\/v2\/users\/1"}],"replies":[{"embeddable":true,"href":"https:\/\/www.icop.it\/fr\/wp-json\/wp\/v2\/comments?post=18579"}],"version-history":[{"count":5,"href":"https:\/\/www.icop.it\/fr\/wp-json\/wp\/v2\/pages\/18579\/revisions"}],"predecessor-version":[{"id":18899,"href":"https:\/\/www.icop.it\/fr\/wp-json\/wp\/v2\/pages\/18579\/revisions\/18899"}],"up":[{"embeddable":true,"href":"https:\/\/www.icop.it\/fr\/wp-json\/wp\/v2\/pages\/18570"}],"wp:attachment":[{"href":"https:\/\/www.icop.it\/fr\/wp-json\/wp\/v2\/media?parent=18579"}],"curies":[{"name":"wp","href":"https:\/\/api.w.org\/{rel}","templated":true}]}}