{"id":18565,"date":"2020-07-16T10:25:44","date_gmt":"2020-07-16T08:25:44","guid":{"rendered":"https:\/\/www.icop.it\/i-settori\/"},"modified":"2020-12-01T12:29:38","modified_gmt":"2020-12-01T11:29:38","slug":"secteurs","status":"publish","type":"page","link":"https:\/\/www.icop.it\/fr\/secteurs\/","title":{"rendered":"Secteurs"},"content":{"rendered":"<div id='layer_slider_1'  class='avia-layerslider main_color avia-shadow  avia-builder-el-0  el_before_av_submenu  avia-builder-el-first  container_wrap sidebar_left' style='  height: 351px; max-width: 1280px; margin: 0 auto;' ><\/div>\n<div id='submenu_settori'  class='av-submenu-container alternate_color  avia-builder-el-1  el_after_av_layerslider  el_before_av_one_full  av-switch-768 submenu-not-first container_wrap sidebar_left' style='  z-index:301' ><div class='container av-menu-mobile-active '><a href='#' class='mobile_menu_toggle' aria-hidden='true' data-av_icon='\ue8a5' data-av_iconfont='entypo-fontello'><span class='av-current-placeholder'>Menu<\/span><\/a><ul id=\"menu-menu-settori-french\" class=\"av-subnav-menu av-submenu-pos-center\"><li id=\"menu-item-19183\" class=\"menu-item menu-item-type-post_type menu-item-object-page menu-item-top-level menu-item-top-level-1\"><a href=\"https:\/\/www.icop.it\/fr\/secteurs\/\" itemprop=\"url\"><span class=\"avia-bullet\"><\/span><span class=\"avia-menu-text\">Secteurs<\/span><span class=\"avia-menu-fx\"><span class=\"avia-arrow-wrap\"><span class=\"avia-arrow\"><\/span><\/span><\/span><\/a><\/li>\n<li id=\"menu-item-11443\" class=\"menu-item menu-item-type-custom menu-item-object-custom menu-item-has-children menu-item-top-level menu-item-top-level-2\"><a href=\"https:\/\/www.icop.it\/fr\/secteurs\/fondations-speciales-et-travaux-dinfrastructure\/\" itemprop=\"url\"><span class=\"avia-bullet\"><\/span><span class=\"avia-menu-text\">FONDATIONS SP\u00c9CIALES ET TRAVAUX D\u2019INFRASTRUCTURE<\/span><span class=\"avia-menu-fx\"><span class=\"avia-arrow-wrap\"><span class=\"avia-arrow\"><\/span><\/span><\/span><\/a>\n\n\n<ul class=\"sub-menu\">\n\t<li id=\"menu-item-19184\" class=\"menu-item menu-item-type-post_type menu-item-object-page\"><a href=\"https:\/\/www.icop.it\/fr\/secteurs\/fondations-speciales-et-travaux\/parois-moulees-a-hydrofraise\/\" itemprop=\"url\"><span class=\"avia-bullet\"><\/span><span class=\"avia-menu-text\">Parois moul\u00e9es a l\u2019hydrofraise<\/span><\/a><\/li>\n\t<li id=\"menu-item-19185\" class=\"menu-item menu-item-type-post_type menu-item-object-page\"><a href=\"https:\/\/www.icop.it\/fr\/secteurs\/fondations-speciales-et-travaux\/parois-moulees-a-la-benne\/\" itemprop=\"url\"><span class=\"avia-bullet\"><\/span><span class=\"avia-menu-text\">Parois moul\u00e9es a la benne<\/span><\/a><\/li>\n\t<li id=\"menu-item-19186\" class=\"menu-item menu-item-type-post_type menu-item-object-page\"><a href=\"https:\/\/www.icop.it\/fr\/secteurs\/fondations-speciales-et-travaux\/pieux-fores\/\" itemprop=\"url\"><span class=\"avia-bullet\"><\/span><span class=\"avia-menu-text\">Pieux Fores<\/span><\/a><\/li>\n\t<li id=\"menu-item-19187\" class=\"menu-item menu-item-type-post_type menu-item-object-page\"><a href=\"https:\/\/www.icop.it\/fr\/secteurs\/fondations-speciales-et-travaux\/pieux-secants\/\" itemprop=\"url\"><span class=\"avia-bullet\"><\/span><span class=\"avia-menu-text\">Pieux Secants<\/span><\/a><\/li>\n\t<li id=\"menu-item-19188\" class=\"menu-item menu-item-type-post_type menu-item-object-page\"><a href=\"https:\/\/www.icop.it\/fr\/secteurs\/fondations-speciales-et-travaux\/congelation-de-sol\/\" itemprop=\"url\"><span class=\"avia-bullet\"><\/span><span class=\"avia-menu-text\">Congelation de sol<\/span><\/a><\/li>\n\t<li id=\"menu-item-19189\" class=\"menu-item menu-item-type-post_type menu-item-object-page\"><a href=\"https:\/\/www.icop.it\/fr\/secteurs\/fondations-speciales-et-travaux\/micropieux-et-tirants\/\" itemprop=\"url\"><span class=\"avia-bullet\"><\/span><span class=\"avia-menu-text\">Micropieux et Tirants<\/span><\/a><\/li>\n\t<li id=\"menu-item-19190\" class=\"menu-item menu-item-type-post_type menu-item-object-page\"><a href=\"https:\/\/www.icop.it\/fr\/secteurs\/fondations-speciales-et-travaux\/jet-grouting\/\" itemprop=\"url\"><span class=\"avia-bullet\"><\/span><span class=\"avia-menu-text\">Jet grouting<\/span><\/a><\/li>\n\t<li id=\"menu-item-19191\" class=\"menu-item menu-item-type-post_type menu-item-object-page\"><a href=\"https:\/\/www.icop.it\/fr\/secteurs\/fondations-speciales-et-travaux\/csm\/\" itemprop=\"url\"><span class=\"avia-bullet\"><\/span><span class=\"avia-menu-text\">CSM<\/span><\/a><\/li>\n\t<li id=\"menu-item-19192\" class=\"menu-item menu-item-type-post_type menu-item-object-page\"><a href=\"https:\/\/www.icop.it\/fr\/secteurs\/fondations-speciales-et-travaux\/deep-mixing\/\" itemprop=\"url\"><span class=\"avia-bullet\"><\/span><span class=\"avia-menu-text\">Deep Mixing<\/span><\/a><\/li>\n\t<li id=\"menu-item-19193\" class=\"menu-item menu-item-type-post_type menu-item-object-page\"><a href=\"https:\/\/www.icop.it\/fr\/secteurs\/fondations-speciales-et-travaux\/injections-a-base-de-coulis-de-ciment\/\" itemprop=\"url\"><span class=\"avia-bullet\"><\/span><span class=\"avia-menu-text\">Injections a base de coulis de ciment<\/span><\/a><\/li>\n<\/ul>\n<\/li>\n<li id=\"menu-item-11444\" class=\"menu-item menu-item-type-custom menu-item-object-custom menu-item-has-children menu-item-top-level menu-item-top-level-3\"><a href=\"https:\/\/www.icop.it\/fr\/secteurs\/microtunnel-et-direct-pipe\/\" itemprop=\"url\"><span class=\"avia-bullet\"><\/span><span class=\"avia-menu-text\">MICROTUNNEL ET DIRECT PIPE<\/span><span class=\"avia-menu-fx\"><span class=\"avia-arrow-wrap\"><span class=\"avia-arrow\"><\/span><\/span><\/span><\/a>\n\n\n<ul class=\"sub-menu\">\n\t<li id=\"menu-item-19194\" class=\"menu-item menu-item-type-post_type menu-item-object-page\"><a href=\"https:\/\/www.icop.it\/fr\/secteurs\/microtunnel-et-direct-pipe\/microtunnel\/\" itemprop=\"url\"><span class=\"avia-bullet\"><\/span><span class=\"avia-menu-text\">Microtunnel<\/span><\/a><\/li>\n\t<li id=\"menu-item-19195\" class=\"menu-item menu-item-type-post_type menu-item-object-page\"><a href=\"https:\/\/www.icop.it\/fr\/secteurs\/microtunnel-et-direct-pipe\/direct-pipe\/\" itemprop=\"url\"><span class=\"avia-bullet\"><\/span><span class=\"avia-menu-text\">Direct Pipe<\/span><\/a><\/li>\n\t<li id=\"menu-item-19196\" class=\"menu-item menu-item-type-post_type menu-item-object-page\"><a href=\"https:\/\/www.icop.it\/fr\/secteurs\/microtunnel-et-direct-pipe\/sea-outfall\/\" itemprop=\"url\"><span class=\"avia-bullet\"><\/span><span class=\"avia-menu-text\">Sea Outfall<\/span><\/a><\/li>\n\t<li id=\"menu-item-19197\" class=\"menu-item menu-item-type-post_type menu-item-object-page\"><a href=\"https:\/\/www.icop.it\/fr\/secteurs\/microtunnel-et-direct-pipe\/pulling-back\/\" itemprop=\"url\"><span class=\"avia-bullet\"><\/span><span class=\"avia-menu-text\">Pulling back<\/span><\/a><\/li>\n<\/ul>\n<\/li>\n<li id=\"menu-item-11445\" class=\"menu-item menu-item-type-custom menu-item-object-custom menu-item-top-level menu-item-top-level-4\"><a href=\"https:\/\/www.icop.it\/fr\/secteurs\/ouvrages-maritimes\/\" itemprop=\"url\"><span class=\"avia-bullet\"><\/span><span class=\"avia-menu-text\">OUVRAGES MARITIMES<\/span><span class=\"avia-menu-fx\"><span class=\"avia-arrow-wrap\"><span class=\"avia-arrow\"><\/span><\/span><\/span><\/a><\/li>\n<li id=\"menu-item-11446\" class=\"menu-item menu-item-type-custom menu-item-object-custom menu-item-has-children menu-item-top-level menu-item-top-level-5\"><a href=\"https:\/\/www.icop.it\/fr\/secteurs\/entreprise-generale\/\" itemprop=\"url\"><span class=\"avia-bullet\"><\/span><span class=\"avia-menu-text\">ENTREPRISE G\u00c9N\u00c9RALE<\/span><span class=\"avia-menu-fx\"><span class=\"avia-arrow-wrap\"><span class=\"avia-arrow\"><\/span><\/span><\/span><\/a>\n\n\n<ul class=\"sub-menu\">\n\t<li id=\"menu-item-19198\" class=\"menu-item menu-item-type-post_type menu-item-object-page\"><a href=\"https:\/\/www.icop.it\/fr\/secteurs\/entreprise-generale\/ponts-et-viaducs\/\" itemprop=\"url\"><span class=\"avia-bullet\"><\/span><span class=\"avia-menu-text\">Ponts et Viaducs<\/span><\/a><\/li>\n\t<li id=\"menu-item-19199\" class=\"menu-item menu-item-type-post_type menu-item-object-page\"><a href=\"https:\/\/www.icop.it\/fr\/secteurs\/entreprise-generale\/passages-souterrains\/\" itemprop=\"url\"><span class=\"avia-bullet\"><\/span><span class=\"avia-menu-text\">Passages souterrains<\/span><\/a><\/li>\n<\/ul>\n<\/li>\n<\/ul><\/div><\/div><div id='after_submenu'  class='main_color av_default_container_wrap container_wrap sidebar_left' style=' '  ><div class='container' ><div class='template-page content  av-content-small units'><div class='post-entry post-entry-type-page post-entry-18565'><div class='entry-content-wrapper clearfix'>\n<div class=\"flex_column av_one_full  flex_column_div av-zero-column-padding first  avia-builder-el-2  el_after_av_submenu  el_before_av_one_half  avia-builder-el-first  \" style='border-radius:0px; '><section class=\"av_textblock_section \"  itemscope=\"itemscope\" itemtype=\"https:\/\/schema.org\/CreativeWork\" ><div class='avia_textblock  '   itemprop=\"text\" ><h4 class=\"p1\"><span class=\"s1\">Pour chaque activit\u00e9, sa technologie<\/span><\/h4>\n<p class=\"p1\">Depuis sa cr\u00e9ation, I.CO.P. a privil\u00e9gi\u00e9 les types de travaux n\u00e9cessitant des comp\u00e9tences techniques, du personnel sp\u00e9cialis\u00e9, des \u00e9quipements de pointe et le d\u00e9veloppement de technologies innovantes. Les principaux domaines d&rsquo;activit\u00e9 sont:<\/p>\n<\/div><\/section><br \/>\n<div  style='height:50px' class='hr hr-invisible   avia-builder-el-4  el_after_av_textblock  avia-builder-el-last '><span class='hr-inner ' ><span class='hr-inner-style'><\/span><\/span><\/div><\/p><\/div>\n<div class=\"flex_column av_one_half  flex_column_div av-zero-column-padding first  avia-builder-el-5  el_after_av_one_full  el_before_av_one_half  sc-referenze-home sc-sector column-top-margin\" style='border-radius:0px; '><p><div  class='avia-image-container avia_animated_image avia_animate_when_almost_visible top-to-bottom av-styling-no-styling  noHover  av-overlay-hover-deactivate   avia-builder-el-6  el_before_av_heading  avia-builder-el-first  avia-align-center '  itemprop=\"image\" itemscope=\"itemscope\" itemtype=\"https:\/\/schema.org\/ImageObject\"  ><div class='avia-image-container-inner'><div class='avia-image-overlay-wrap'><a href='https:\/\/www.icop.it\/i-settori\/fondazioni-e-opere-speciali-nel-sottosuolo\/' class='avia_image'  ><div class='av-image-caption-overlay'><div class='av-caption-image-overlay-bg' style='opacity:0.4; background-color:#000000; '><\/div><div class='av-image-caption-overlay-position'><div class='av-image-caption-overlay-center' style='color:#ffffff; '><p><img loading=\"lazy\" class=\"sc-icono-overlay\" src=\"\/wp-content\/uploads\/2020\/04\/fondazioni.png\" width=\"150\" height=\"150\" \/><\/p>\n<\/div><\/div><\/div><img class='avia_image ' src='https:\/\/www.icop.it\/wp-content\/uploads\/2020\/05\/New-settori-fondazioni.jpg' alt='' title='New-settori-fondazioni'  itemprop=\"thumbnailUrl\"  \/><\/a><\/div><\/div><\/div><br \/>\n<div  style='padding-bottom:0px; margin-top:0; margin-bottom:0; ' class='av-special-heading av-special-heading-h4  blockquote modern-quote  avia-builder-el-7  el_after_av_image  el_before_av_hr  '><h4 class='av-special-heading-tag '  itemprop=\"headline\"  >Fondations sp\u00e9ciales et travaux d\u2019infrastructure<\/h4><div class='special-heading-border'><div class='special-heading-inner-border' ><\/div><\/div><\/div><br \/>\n<div  style=' margin-top:0px; margin-bottom:0px;'  class='hr hr-custom hr-left hr-icon-no   avia-builder-el-8  el_after_av_heading  el_before_av_textblock '><span class='hr-inner  inner-border-av-border-thin' style=' width:40px; border-color:#15ace4;' ><span class='hr-inner-style'><\/span><\/span><\/div><br \/>\n<section class=\"av_textblock_section  av-desktop-hide av-medium-hide av-small-hide av-mini-hide\"  itemscope=\"itemscope\" itemtype=\"https:\/\/schema.org\/CreativeWork\" ><div class='avia_textblock  '   itemprop=\"text\" ><p class=\"p1\">I.CO.P. propose une large gamme de travaux sp\u00e9cialis\u00e9s: parois moul\u00e9es, \u00e9galement \u00e0 l\u2019hydrofraise, pieux, micropieux, tirants, jet grouting, c&rsquo;est-\u00e0-dire colonnes consolid\u00e9es, cong\u00e9lation, Cutter Soil Mix (CSM), malaxage profond et injections de ciment ou de produits chimiques \u00e0 pression contr\u00f4l\u00e9e.<\/p>\n<\/div><\/section><\/p><\/div>\n<div class=\"flex_column av_one_half  flex_column_div av-zero-column-padding   avia-builder-el-10  el_after_av_one_half  el_before_av_hr  sc-referenze-home sc-sector column-top-margin\" style='border-radius:0px; '><p><div  class='avia-image-container avia_animated_image avia_animate_when_almost_visible top-to-bottom av-styling-no-styling  noHover  av-overlay-hover-deactivate   avia-builder-el-11  el_before_av_heading  avia-builder-el-first  avia-align-center '  itemprop=\"image\" itemscope=\"itemscope\" itemtype=\"https:\/\/schema.org\/ImageObject\"  ><div class='avia-image-container-inner'><div class='avia-image-overlay-wrap'><a href='https:\/\/www.icop.it\/i-settori\/microtunnel-direct-pipe\/' class='avia_image'  ><div class='av-image-caption-overlay'><div class='av-caption-image-overlay-bg' style='opacity:0.4; background-color:#000000; '><\/div><div class='av-image-caption-overlay-position'><div class='av-image-caption-overlay-center' style='color:#ffffff; '><p><img loading=\"lazy\" class=\"sc-icono-overlay\" src=\"\/wp-content\/uploads\/2020\/04\/microtunneling.png\" width=\"150\" height=\"150\" \/><\/p>\n<\/div><\/div><\/div><img class='avia_image ' src='https:\/\/www.icop.it\/wp-content\/uploads\/2020\/05\/New-settori-microtunnel.jpg' alt='' title='New-settori-microtunnel'  itemprop=\"thumbnailUrl\"  \/><\/a><\/div><\/div><\/div><br \/>\n<div  style='padding-bottom:0px; margin-top:0; margin-bottom:0; ' class='av-special-heading av-special-heading-h4  blockquote modern-quote  avia-builder-el-12  el_after_av_image  el_before_av_hr  '><h4 class='av-special-heading-tag '  itemprop=\"headline\"  >Microtunnel et Direct Pipe<\/h4><div class='special-heading-border'><div class='special-heading-inner-border' ><\/div><\/div><\/div><br \/>\n<div  style=' margin-top:0px; margin-bottom:0px;'  class='hr hr-custom hr-left hr-icon-no   avia-builder-el-13  el_after_av_heading  el_before_av_textblock '><span class='hr-inner  inner-border-av-border-thin' style=' width:40px; border-color:#15ace4;' ><span class='hr-inner-style'><\/span><\/span><\/div><br \/>\n<section class=\"av_textblock_section  av-desktop-hide av-medium-hide av-small-hide av-mini-hide\"  itemscope=\"itemscope\" itemtype=\"https:\/\/schema.org\/CreativeWork\" ><div class='avia_textblock  '   itemprop=\"text\" ><p class=\"p1\">I.CO.P. r\u00e9alise des tunnels de petit diam\u00e8tre avec des technologies sans tranch\u00e9e: microtunnel (ou direct pipe). Les applications sp\u00e9ciales de ces techniques, que I.CO.P. est en mesure d&rsquo;offrir, sont celles des mini-galeries avec sortie vers la mer, ou \u00e9missaire de mer, et des mini-galeries aveugles, r\u00e9alis\u00e9es avec la m\u00e9thode du pulling back.<\/p>\n<\/div><\/section><\/p><\/div>\n<div  style='height:30px' class='hr hr-invisible   avia-builder-el-15  el_after_av_one_half  el_before_av_one_half '><span class='hr-inner ' ><span class='hr-inner-style'><\/span><\/span><\/div>\n<div class=\"flex_column av_one_half  flex_column_div av-zero-column-padding first  avia-builder-el-16  el_after_av_hr  el_before_av_one_half  invalid-custom-class-found sc-referenze-home sc-sector \" style='border-radius:0px; '><p><div  class='avia-image-container avia_animated_image avia_animate_when_almost_visible top-to-bottom av-styling-no-styling  noHover  av-overlay-hover-deactivate   avia-builder-el-17  el_before_av_heading  avia-builder-el-first  avia-align-center '  itemprop=\"image\" itemscope=\"itemscope\" itemtype=\"https:\/\/schema.org\/ImageObject\"  ><div class='avia-image-container-inner'><div class='avia-image-overlay-wrap'><a href='https:\/\/www.icop.it\/i-settori\/opere-marittime\/' class='avia_image'  ><div class='av-image-caption-overlay'><div class='av-caption-image-overlay-bg' style='opacity:0.4; background-color:#000000; '><\/div><div class='av-image-caption-overlay-position'><div class='av-image-caption-overlay-center' style='color:#ffffff; '><p><img loading=\"lazy\" class=\"sc-icono-overlay\" src=\"\/wp-content\/uploads\/2020\/04\/opere-maritime.png\" width=\"150\" height=\"150\" \/><\/p>\n<\/div><\/div><\/div><img class='avia_image ' src='https:\/\/www.icop.it\/wp-content\/uploads\/2020\/05\/New-settori-OM.jpg' alt='' title='New-settori-OM'  itemprop=\"thumbnailUrl\"  \/><\/a><\/div><\/div><\/div><br \/>\n<div  style='padding-bottom:0px; margin-top:0; margin-bottom:0; ' class='av-special-heading av-special-heading-h4  blockquote modern-quote  avia-builder-el-18  el_after_av_image  el_before_av_hr  '><h4 class='av-special-heading-tag '  itemprop=\"headline\"  >Travaux maritimes<\/h4><div class='special-heading-border'><div class='special-heading-inner-border' ><\/div><\/div><\/div><br \/>\n<div  style=' margin-top:0px; margin-bottom:0px;'  class='hr hr-custom hr-left hr-icon-no   avia-builder-el-19  el_after_av_heading  el_before_av_textblock '><span class='hr-inner  inner-border-av-border-thin' style=' width:40px; border-color:#15ace4;' ><span class='hr-inner-style'><\/span><\/span><\/div><br \/>\n<section class=\"av_textblock_section  av-desktop-hide av-medium-hide av-small-hide av-mini-hide\"  itemscope=\"itemscope\" itemtype=\"https:\/\/schema.org\/CreativeWork\" ><div class='avia_textblock  '   itemprop=\"text\" ><p class=\"p1\">Il s&rsquo;agit d&rsquo;un nouveau domaine d&rsquo;activit\u00e9 qui s&rsquo;est structur\u00e9 \u00e0 l&rsquo;occasion de la construction de la Trieste Logistics Platform (PLT), le plus grand ouvrage portuaire construit en Italie ces derni\u00e8res ann\u00e9es.<\/p>\n<\/div><\/section><\/p><\/div>\n<div class=\"flex_column av_one_half  flex_column_div av-zero-column-padding   avia-builder-el-21  el_after_av_one_half  avia-builder-el-last  sc-referenze-home sc-sector \" style='border-radius:0px; '><p><div  class='avia-image-container avia_animated_image avia_animate_when_almost_visible top-to-bottom av-styling-no-styling  noHover  av-overlay-hover-deactivate   avia-builder-el-22  el_before_av_heading  avia-builder-el-first  avia-align-center '  itemprop=\"image\" itemscope=\"itemscope\" itemtype=\"https:\/\/schema.org\/ImageObject\"  ><div class='avia-image-container-inner'><div class='avia-image-overlay-wrap'><a href='https:\/\/www.icop.it\/i-settori\/impresa-generale\/' class='avia_image'  ><div class='av-image-caption-overlay'><div class='av-caption-image-overlay-bg' style='opacity:0.4; background-color:#000000; '><\/div><div class='av-image-caption-overlay-position'><div class='av-image-caption-overlay-center' style='color:#ffffff; '><p><img loading=\"lazy\" class=\"sc-icono-overlay\" src=\"\/wp-content\/uploads\/2020\/04\/ponti-viadotti.png\" width=\"150\" height=\"150\" \/><\/p>\n<\/div><\/div><\/div><img class='avia_image ' src='https:\/\/www.icop.it\/wp-content\/uploads\/2020\/05\/New-settori-IG.jpg' alt='' title='New-settori-IG'  itemprop=\"thumbnailUrl\"  \/><\/a><\/div><\/div><\/div><br \/>\n<div  style='padding-bottom:0px; margin-top:0; margin-bottom:0; ' class='av-special-heading av-special-heading-h4  blockquote modern-quote  avia-builder-el-23  el_after_av_image  el_before_av_hr  '><h4 class='av-special-heading-tag '  itemprop=\"headline\"  >Entreprise g\u00e9n\u00e9rale<\/h4><div class='special-heading-border'><div class='special-heading-inner-border' ><\/div><\/div><\/div><br \/>\n<div  style=' margin-top:0px; margin-bottom:0px;'  class='hr hr-custom hr-left hr-icon-no   avia-builder-el-24  el_after_av_heading  el_before_av_textblock '><span class='hr-inner  inner-border-av-border-thin' style=' width:40px; border-color:#15ace4;' ><span class='hr-inner-style'><\/span><\/span><\/div><br \/>\n<section class=\"av_textblock_section  av-desktop-hide av-medium-hide av-small-hide av-mini-hide\"  itemscope=\"itemscope\" itemtype=\"https:\/\/schema.org\/CreativeWork\" ><div class='avia_textblock  '   itemprop=\"text\" ><p class=\"p1\">I.CO.P. intervient dans le secteur des travaux routiers, en particulier les ponts, viaducs et passages souterrains.<\/p>\n<p class=\"p1\">Pour les passages souterrains, I.CO.P. utilise son propre syst\u00e8me brevet\u00e9 \u00abOne night solution\u00bb ou \u00ab\u00a0<strong>Solution en une seule nuit<\/strong>\u00a0\u00bb.<\/p>\n<\/div><\/section><\/p><\/div>\n","protected":false},"excerpt":{"rendered":"","protected":false},"author":1,"featured_media":0,"parent":0,"menu_order":0,"comment_status":"closed","ping_status":"closed","template":"","meta":[],"_links":{"self":[{"href":"https:\/\/www.icop.it\/fr\/wp-json\/wp\/v2\/pages\/18565"}],"collection":[{"href":"https:\/\/www.icop.it\/fr\/wp-json\/wp\/v2\/pages"}],"about":[{"href":"https:\/\/www.icop.it\/fr\/wp-json\/wp\/v2\/types\/page"}],"author":[{"embeddable":true,"href":"https:\/\/www.icop.it\/fr\/wp-json\/wp\/v2\/users\/1"}],"replies":[{"embeddable":true,"href":"https:\/\/www.icop.it\/fr\/wp-json\/wp\/v2\/comments?post=18565"}],"version-history":[{"count":4,"href":"https:\/\/www.icop.it\/fr\/wp-json\/wp\/v2\/pages\/18565\/revisions"}],"predecessor-version":[{"id":18895,"href":"https:\/\/www.icop.it\/fr\/wp-json\/wp\/v2\/pages\/18565\/revisions\/18895"}],"wp:attachment":[{"href":"https:\/\/www.icop.it\/fr\/wp-json\/wp\/v2\/media?parent=18565"}],"curies":[{"name":"wp","href":"https:\/\/api.w.org\/{rel}","templated":true}]}}