{"id":18554,"date":"2020-02-21T19:29:17","date_gmt":"2020-02-21T18:29:17","guid":{"rendered":"https:\/\/www.icop.it\/entreprise\/dati-finanziari\/"},"modified":"2024-06-04T18:29:36","modified_gmt":"2024-06-04T16:29:36","slug":"donnees-financieres","status":"publish","type":"page","link":"https:\/\/www.icop.it\/fr\/entreprise\/donnees-financieres\/","title":{"rendered":"Donn\u00e9es Financi\u00e8res"},"content":{"rendered":"<div id='layer_slider_1'  class='avia-layerslider main_color avia-shadow  avia-builder-el-0  el_before_av_one_full  avia-builder-el-first  container_wrap sidebar_left' style='  height: 351px; max-width: 1280px; margin: 0 auto;' ><\/div><div id='after_layer_slider_1'  class='main_color av_default_container_wrap container_wrap sidebar_left' style=' '  ><div class='container' ><div class='template-page content  av-content-small units'><div class='post-entry post-entry-type-page post-entry-18554'><div class='entry-content-wrapper clearfix'>\n<div class=\"flex_column av_one_full  flex_column_div av-zero-column-padding first  avia-builder-el-1  el_after_av_layerslider  el_before_av_one_full  avia-builder-el-first  \" style='border-radius:0px; '><section class=\"av_textblock_section \"  itemscope=\"itemscope\" itemtype=\"https:\/\/schema.org\/CreativeWork\" ><div class='avia_textblock  '   itemprop=\"text\" ><h4 class=\"p1\">Aujourd&rsquo;hui, I.CO.P. fait part des trente entreprises de construction les plus importantes d&rsquo;Italie.<\/h4>\n<p class=\"p1\"><span class=\"s1\">Compte tenu des fluctuations typiques de chaque secteur, et en particulier dans le secteur de la construction, il est cependant clair que I.CO.P., en plus de quarante ans d&rsquo;activit\u00e9, a suivi une <strong>trajectoire de croissance constante<\/strong>, avec une <strong>forte acc\u00e9l\u00e9ration<\/strong> ces derni\u00e8res ann\u00e9es. En termes de revenues, bien qu&rsquo;op\u00e9rant dans un secteur \u00e0 faible marge, I.CO.P. a pu obtenir des <strong>r\u00e9sultats positifs<\/strong> de mani\u00e8re constante en atteignant, par exemple, un budget \u00e9quilibr\u00e9 dans les ann\u00e9es les plus complexes ou dans les phases de plus forte contraction dans le secteur de la construction. <\/span><\/p>\n<\/div><\/section><\/div>\n<div class=\"flex_column av_one_full  flex_column_div av-zero-column-padding first  avia-builder-el-3  el_after_av_one_full  el_before_av_one_full  column-top-margin\" style='border-radius:0px; '><section class=\"av_textblock_section \"  itemscope=\"itemscope\" itemtype=\"https:\/\/schema.org\/CreativeWork\" ><div class='avia_textblock  '   itemprop=\"text\" ><div class=\"visualizer-front-container\" id=\"chart_wrapper_visualizer-7448-944466129\"><style type=\"text\/css\" name=\"visualizer-custom-css\" id=\"customcss-visualizer-7448\">.locker,.locker-loader{position:absolute;top:0;left:0;width:100%;height:100%}.locker{z-index:1000;opacity:.8;background-color:#fff;-ms-filter:\"progid:DXImageTransform.Microsoft.Alpha(Opacity=80)\";filter:alpha(opacity=80)}.locker-loader{z-index:1001;background:url(https:\/\/www.icop.it\/wp-content\/plugins\/visualizer\/images\/ajax-loader.gif) no-repeat center center}.dt-button{display:none!important}.visualizer-front-container.visualizer-lazy-render{content-visibility: auto;}.google-visualization-controls-categoryfilter label.google-visualization-controls-label {vertical-align: middle;}.google-visualization-controls-categoryfilter li.goog-inline-block {margin: 0 0.2em;}.google-visualization-controls-categoryfilter li {padding: 0 0.2em;}.visualizer-front-container .dataTables_scrollHeadInner{margin: 0 auto;}<\/style><div id=\"visualizer-7448-944466129\" class=\"visualizer-front  visualizer-front-7448\"><\/div><!-- Not showing structured data for chart 7448 because title is empty --><\/div>\n<\/div><\/section><\/div>\n<div class=\"flex_column av_one_full  flex_column_div av-zero-column-padding first  avia-builder-el-5  el_after_av_one_full  el_before_av_one_third  column-top-margin\" style='border-radius:0px; '><section class=\"av_textblock_section \"  itemscope=\"itemscope\" itemtype=\"https:\/\/schema.org\/CreativeWork\" ><div class='avia_textblock  '   itemprop=\"text\" ><div class=\"visualizer-front-container\" id=\"chart_wrapper_visualizer-9199-1315792731\"><style type=\"text\/css\" name=\"visualizer-custom-css\" id=\"customcss-visualizer-9199\">.locker,.locker-loader{position:absolute;top:0;left:0;width:100%;height:100%}.locker{z-index:1000;opacity:.8;background-color:#fff;-ms-filter:\"progid:DXImageTransform.Microsoft.Alpha(Opacity=80)\";filter:alpha(opacity=80)}.locker-loader{z-index:1001;background:url(https:\/\/www.icop.it\/wp-content\/plugins\/visualizer\/images\/ajax-loader.gif) no-repeat center center}.dt-button{display:none!important}.visualizer-front-container.visualizer-lazy-render{content-visibility: auto;}.google-visualization-controls-categoryfilter label.google-visualization-controls-label {vertical-align: middle;}.google-visualization-controls-categoryfilter li.goog-inline-block {margin: 0 0.2em;}.google-visualization-controls-categoryfilter li {padding: 0 0.2em;}.visualizer-front-container .dataTables_scrollHeadInner{margin: 0 auto;}<\/style><div id=\"visualizer-9199-1315792731\" class=\"visualizer-front  visualizer-front-9199\"><\/div><!-- Not showing structured data for chart 9199 because title is empty --><\/div>\n<\/div><\/section><\/div>\n<div class=\"flex_column av_one_third  flex_column_div av-zero-column-padding first  avia-builder-el-7  el_after_av_one_full  el_before_av_two_third  column-top-margin\" style='border-radius:0px 0px 0px 0px ; '><p><div  style='padding-bottom:10px; ' class='av-special-heading av-special-heading-h3    avia-builder-el-8  el_before_av_textblock  avia-builder-el-first  '><h3 class='av-special-heading-tag '  itemprop=\"headline\"  >Livre budg\u00e9taire ICOP<\/h3><div class='special-heading-border'><div class='special-heading-inner-border' ><\/div><\/div><\/div><br \/>\n<section class=\"av_textblock_section \"  itemscope=\"itemscope\" itemtype=\"https:\/\/schema.org\/CreativeWork\" ><div class='avia_textblock  '   itemprop=\"text\" ><div class=\"book-thumbnail\">\n<p style=\"text-align: center;\"><a  class=\"_3d-flip-book  fb3d-link-lightbox-mode\" data-id=\"23589\" data-mode=\"link-lightbox\" data-title=\"false\" data-template=\"short-white-book-view\" data-lightbox=\"dark-shadow\" data-urlparam=\"fb3d-page\" data-page-n=\"0\" data-pdf=\"\" data-tax=\"null\" data-thumbnail=\"\" data-cols=\"3\" data-book-template=\"default\" data-trigger=\"\"><br \/>\n<img loading=\"lazy\" class=\"hover-shadow alignnone wp-image-23592 size-full\" src=\"https:\/\/www.icop.it\/wp-content\/uploads\/2024\/06\/copertina-bilancio-2023-v2-white-03-scaled-e1717518275386.jpg\" alt=\"\" width=\"240\" height=\"343\" \/><\/p>\n<\/div>\n<p><strong>Cliquez pour lire le livre<\/strong><br \/>\n<\/a><script type=\"text\/javascript\">window.FB3D_CLIENT_DATA = window.FB3D_CLIENT_DATA || [];FB3D_CLIENT_DATA.push('eyJwb3N0cyI6eyIyMzU4OSI6eyJJRCI6MjM1ODksInRpdGxlIjoiTGlicm8gQmlsYW5jaW8gSUNPUCAyMDIzIiwidHlwZSI6InBkZiIsInJlYWR5X2Z1bmN0aW9uIjoiIiwiYm9va19zdHlsZSI6InZvbHVtZSIsImJvb2tfdGVtcGxhdGUiOiJub25lIiwib3V0bGluZSI6W10sImRhdGEiOnsicG9zdF9JRCI6IjIzNjA3IiwiZ3VpZCI6Imh0dHBzOlwvXC93d3cuaWNvcC5pdFwvd3AtY29udGVudFwvdXBsb2Fkc1wvMjAyNFwvMDZcL2xpYnJvX2JpbGFuY2lvX0lDT1BfMjAyMy5wZGYiLCJwZGZfcGFnZXMiOiIyODQiLCJwYWdlc19jdXN0b21pemF0aW9uIjoibm9uZSJ9LCJ0aHVtYm5haWwiOnsiZGF0YSI6eyJwb3N0X0lEIjoiMCJ9LCJ0eXBlIjoiYXV0byJ9LCJwcm9wcyI6eyJiYWNrZ3JvdW5kQ29sb3IiOiJhdXRvIiwiYmFja2dyb3VuZEltYWdlIjoiYXV0byIsImJhY2tncm91bmRTdHlsZSI6ImF1dG8iLCJoaWdobGlnaHRMaW5rcyI6ImF1dG8iLCJsaWdodGluZyI6Im1peGVkIiwiY2FjaGVkUGFnZXMiOiJhdXRvIiwicmVuZGVySW5hY3RpdmVQYWdlcyI6ImF1dG8iLCJyZW5kZXJJbmFjdGl2ZVBhZ2VzT25Nb2JpbGUiOiJhdXRvIiwicmVuZGVyV2hpbGVGbGlwcGluZyI6ImF1dG8iLCJwcmVsb2FkUGFnZXMiOiJhdXRvIiwiYXV0b1BsYXlEdXJhdGlvbiI6ImF1dG8iLCJydGwiOiJhdXRvIiwiaW50ZXJhY3RpdmVDb3JuZXJzIjoiYXV0byIsIm1heERlcHRoIjoiYXV0byIsInNoZWV0Ijp7InN0YXJ0VmVsb2NpdHkiOiJhdXRvIiwid2F2ZSI6ImF1dG8iLCJzaGFwZSI6ImF1dG8iLCJ3aWR0aFRleGVscyI6ImF1dG8iLCJjb2xvciI6ImF1dG8iLCJzaWRlIjoiYXV0byIsImNvcm5lckRldmlhdGlvbiI6ImF1dG8iLCJmbGV4aWJpbGl0eSI6ImF1dG8iLCJmbGV4aWJsZUNvcm5lciI6ImF1dG8iLCJiZW5kaW5nIjoiYXV0byIsImhlaWdodFRleGVscyI6ImF1dG8ifSwiY292ZXIiOnsid2F2ZSI6ImF1dG8iLCJjb2xvciI6ImF1dG8iLCJiaW5kZXJUZXh0dXJlIjoiYXV0byIsImRlcHRoIjoiYXV0byIsInBhZGRpbmciOiJhdXRvIiwic3RhcnRWZWxvY2l0eSI6ImF1dG8iLCJmbGV4aWJpbGl0eSI6ImF1dG8iLCJmbGV4aWJsZUNvcm5lciI6ImF1dG8iLCJiZW5kaW5nIjoiYXV0byIsIndpZHRoVGV4ZWxzIjoiYXV0byIsImhlaWdodFRleGVscyI6ImF1dG8iLCJtYXNzIjoiYXV0byIsInNpZGUiOiJhdXRvIiwic2hhcGUiOiJhdXRvIn0sInBhZ2UiOnsid2F2ZSI6ImF1dG8iLCJjb2xvciI6ImF1dG8iLCJkZXB0aCI6ImF1dG8iLCJzdGFydFZlbG9jaXR5IjoiYXV0byIsImZsZXhpYmlsaXR5IjoiYXV0byIsImZsZXhpYmxlQ29ybmVyIjoiYXV0byIsImJlbmRpbmciOiJhdXRvIiwid2lkdGhUZXhlbHMiOiJhdXRvIiwiaGVpZ2h0VGV4ZWxzIjoiYXV0byIsIm1hc3MiOiJhdXRvIiwic2lkZSI6ImF1dG8iLCJzaGFwZSI6ImF1dG8ifSwiaGVpZ2h0IjoiYXV0byIsIndpZHRoIjoiYXV0byIsImdyYXZpdHkiOiJhdXRvIiwicGFnZXNGb3JQcmVkaWN0aW5nIjoiYXV0byJ9LCJjb250cm9sUHJvcHMiOnsiYWN0aW9ucyI6eyJjbWRUb2MiOnsiZW5hYmxlZCI6ImF1dG8iLCJlbmFibGVkSW5OYXJyb3ciOiJhdXRvIiwiYWN0aXZlIjoiYXV0byIsImRlZmF1bHRUYWIiOiJhdXRvIn0sImNtZEF1dG9QbGF5Ijp7ImVuYWJsZWQiOiJhdXRvIiwiZW5hYmxlZEluTmFycm93IjoiYXV0byIsImFjdGl2ZSI6ImF1dG8ifSwiY21kU2F2ZSI6eyJlbmFibGVkIjoiMCIsImVuYWJsZWRJbk5hcnJvdyI6ImF1dG8ifSwiY21kUHJpbnQiOnsiZW5hYmxlZCI6IjAiLCJlbmFibGVkSW5OYXJyb3ciOiJhdXRvIn0sImNtZFNpbmdsZVBhZ2UiOnsiZW5hYmxlZCI6IjAiLCJlbmFibGVkSW5OYXJyb3ciOiJhdXRvIiwiYWN0aXZlIjoiYXV0byIsImFjdGl2ZUZvck1vYmlsZSI6ImF1dG8ifSwid2lkVG9vbGJhciI6eyJlbmFibGVkIjoiYXV0byIsImVuYWJsZWRJbk5hcnJvdyI6ImF1dG8ifX19LCJhdXRvVGh1bWJuYWlsIjoiaHR0cHM6XC9cL3d3dy5pY29wLml0XC93cC1jb250ZW50XC91cGxvYWRzXC8zZC1mbGlwLWJvb2tcL2F1dG8tdGh1bWJuYWlsc1wvMjM1ODkucG5nIiwicG9zdF9uYW1lIjoibGlicm8tYmlsYW5jaW8taWNvcC0yMDIzIiwicG9zdF90eXBlIjoiM2QtZmxpcC1ib29rIn19LCJwYWdlcyI6W10sImZpcnN0UGFnZXMiOltdfQ==');window.FB3D_CLIENT_LOCALE && FB3D_CLIENT_LOCALE.render && FB3D_CLIENT_LOCALE.render();<\/script><\/p>\n<\/div><\/section><\/p><\/div><div class=\"flex_column av_two_third  flex_column_div av-zero-column-padding   avia-builder-el-10  el_after_av_one_third  avia-builder-el-last  column-top-margin\" style='border-radius:0px; '><p><div  style='padding-bottom:10px; ' class='av-special-heading av-special-heading-h3    avia-builder-el-11  el_before_av_hr  avia-builder-el-first  '><h3 class='av-special-heading-tag '  itemprop=\"headline\"  >Documents financiers<\/h3><div class='special-heading-border'><div class='special-heading-inner-border' ><\/div><\/div><\/div><br \/>\n<div   class='hr hr-default   avia-builder-el-12  el_after_av_heading  el_before_av_tab_container '><span class='hr-inner ' ><span class='hr-inner-style'><\/span><\/span><\/div><br \/>\n<div  class=\"tabcontainer   top_tab   avia-builder-el-13  el_after_av_hr  avia-builder-el-last \">\n\n<section class=\"av_tab_section\"  itemscope=\"itemscope\" itemtype=\"https:\/\/schema.org\/CreativeWork\" ><div aria-controls=\"tab-id-1\" role=\"tab\" tabindex=\"0\" data-fake-id=\"#tab-id-1\" class=\"tab active_tab\"  itemprop=\"headline\" >\u00c9tats financiers du groupe I.CO.P.<\/div>\n<div id=\"tab-id-1-container\" class=\"tab_content active_tab_content\" aria-hidden=\"false\">\n<div class=\"tab_inner_content invers-color\"  itemprop=\"text\" >\n<p><a href=\"https:\/\/www.icop.it\/wp-content\/uploads\/2023\/07\/C_31-12-2022_Bilancio_Consolidato.pdf\">Bilancio Consolidato Gruppo I.CO.P. 2022<\/a><br \/>\n<a href=\"https:\/\/www.icop.it\/wp-content\/uploads\/2023\/11\/2.-31-12-2021-bilancio-consolidato-ICOP-fr.pdf\">Bilancio Consolidato Gruppo I.CO.P. 2021<\/a><br \/>\n<a href=\"https:\/\/www.icop.it\/wp-content\/uploads\/2021\/07\/31-12-2020-bilancio-consolidato.pdf\">Bilancio Consolidato Gruppo I.CO.P. 2020<\/a><br \/>\n<a href=\"https:\/\/www.icop.it\/wp-content\/uploads\/2020\/07\/CONSOLIDATO-I.CO_.P-2019-1.pdf\">Bilancio Consolidato Gruppo I.CO.P. 2019<\/a><br \/>\n<a href=\"https:\/\/www.icop.it\/wp-content\/uploads\/2020\/06\/GRUPPO-ICOP-BILANCIO-CONSOLIDATO-2018_compressed.pdf\">Bilancio Consolidato Gruppo I.CO.P. 2018<\/a><br \/>\n<a href=\"https:\/\/www.icop.it\/wp-content\/uploads\/2020\/06\/ICOP-CONSOLIDATO-2017-compresso.pdf\">Bilancio Consolidato Gruppo I.CO.P. 2017<\/a><br \/>\n<a href=\"https:\/\/www.icop.it\/wp-content\/uploads\/2020\/06\/CONSOLIDATO-ICOP-2016.pdf\">Bilancio Consolidato Gruppo I.CO.P. 2016<\/a><br \/>\n<a href=\"https:\/\/www.icop.it\/wp-content\/uploads\/2020\/06\/ICOP-CONSOLIDATO-2015.pdf\">Bilancio Consolidato Gruppo I.CO.P. 2015<\/a><br \/>\n<a href=\"https:\/\/www.icop.it\/wp-content\/uploads\/2020\/06\/31-12-2014-bilancio-consolidato-ICOP.pdf\">Bilancio Consolidato Gruppo I.CO.P. 2014<\/a><\/p>\n\n<\/div>\n<\/div>\n<\/section>\n\n<section class=\"av_tab_section\"  itemscope=\"itemscope\" itemtype=\"https:\/\/schema.org\/CreativeWork\" ><div aria-controls=\"tab-id-2\" role=\"tab\" tabindex=\"0\" data-fake-id=\"#tab-id-2\" class=\"tab \"  itemprop=\"headline\" >Bilanci I.CO.P. S.p.A.<\/div>\n<div id=\"tab-id-2-container\" class=\"tab_content \" aria-hidden=\"true\">\n<div class=\"tab_inner_content invers-color\"  itemprop=\"text\" >\n<p><a href=\"https:\/\/www.icop.it\/wp-content\/uploads\/2023\/07\/C_31-12-2022_Bilancio_ICOP.pdf\">Bilancio I.CO.P. S.p.A. 2022<\/a><br \/>\n<a href=\"https:\/\/www.icop.it\/wp-content\/uploads\/2022\/07\/31-12-2021-bilancio-ICOP.pdf\">Bilancio I.CO.P. S.p.A. 2021<\/a><br \/>\n<a href=\"https:\/\/www.icop.it\/wp-content\/uploads\/2021\/07\/31-12-2020-bilancio-ICOP.pdf\">Bilancio I.CO.P. S.p.A. 2020<\/a><br \/>\n<a href=\"https:\/\/www.icop.it\/wp-content\/uploads\/2020\/07\/ICOP-SpA-2019-2.pdf\">Bilancio I.CO.P. S.p.A. 2019<\/a><br \/>\n<a href=\"https:\/\/www.icop.it\/wp-content\/uploads\/2020\/06\/I.CO_.P.-S.P.A.-BILANCIO-2018_compressed.pdf\">Bilancio I.CO.P. S.p.A. 2018<\/a><br \/>\n<a href=\"https:\/\/www.icop.it\/wp-content\/uploads\/2020\/06\/ICOP-SPA-2017-ultima-versione.pdf\">Bilancio I.CO.P. S.p.A. 2017<\/a><br \/>\n<a href=\"https:\/\/www.icop.it\/wp-content\/uploads\/2020\/06\/ICOP-SPA-2016.pdf\">Bilancio I.CO.P. S.p.A. 2016<\/a><br \/>\n<a href=\"https:\/\/www.icop.it\/wp-content\/uploads\/2020\/06\/ICOP-SPA-2015.pdf\">Bilancio I.CO.P. S.p.A. 2015<\/a><br \/>\n<a href=\"https:\/\/www.icop.it\/wp-content\/uploads\/2020\/06\/31-12-2014-bilancio-ordinario-ICOP.pdf\">Bilancio I.CO.P. S.p.A. 2014<\/a><\/p>\n\n<\/div>\n<\/div>\n<\/section>\n\n<section class=\"av_tab_section\"  itemscope=\"itemscope\" itemtype=\"https:\/\/schema.org\/CreativeWork\" ><div aria-controls=\"tab-id-3\" role=\"tab\" tabindex=\"0\" data-fake-id=\"#tab-id-3\" class=\"tab \"  itemprop=\"headline\" >Publication sur le rating<\/div>\n<div id=\"tab-id-3-container\" class=\"tab_content \" aria-hidden=\"true\">\n<div class=\"tab_inner_content invers-color\"  itemprop=\"text\" >\n<p><a href=\"https:\/\/www.icop.it\/wp-content\/uploads\/2023\/11\/consolidatoIcop2022.pdf\">Publication sur le rating I.CO.P. S.p.A. 2022<\/a><br \/>\n<a href=\"https:\/\/www.icop.it\/wp-content\/uploads\/2021\/02\/D-Comunicato-di-Rating-Pubblico-ICOP-SpA-2021.pdf\">Publication sur le rating I.CO.P. S.p.A. 2021<\/a><br \/>\n<a href=\"https:\/\/www.icop.it\/wp-content\/uploads\/2023\/11\/31-12-2020-bilancio-consolidato-ICOP-francese.pdf\">Publication sur le rating I.CO.P. S.p.A. 2020<\/a><br \/>\n<a href=\"https:\/\/www.icop.it\/wp-content\/uploads\/2020\/06\/Comunicato-Rating-Pubblico-I.CO_.P..pdf\">Publication sur le rating I.CO.P. S.p.A. 2019<\/a><br \/>\n<a href=\"https:\/\/www.icop.it\/wp-content\/uploads\/2020\/06\/I.CO_.P.-SPA-RatingCerved-2018.pdf\">Publication sur le rating I.CO.P. S.p.A. 2018<\/a><br \/>\n<a href=\"https:\/\/www.icop.it\/wp-content\/uploads\/2020\/06\/I.CO_.P.-SPA-RatingCerved-2017.pdf\">Publication sur le rating I.CO.P. S.p.A. 2017<\/a><br \/>\n<a href=\"https:\/\/www.icop.it\/wp-content\/uploads\/2020\/06\/ICOP-SPA_RatingCerved_28Nov2016.pdf\">Publication sur le rating I.CO.P. S.p.A. 2016<\/a><\/p>\n\n<\/div>\n<\/div>\n<\/section>\n\n<\/div>\n<\/p><\/div><\/p>\n","protected":false},"excerpt":{"rendered":"","protected":false},"author":1,"featured_media":0,"parent":18523,"menu_order":0,"comment_status":"closed","ping_status":"closed","template":"","meta":[],"_links":{"self":[{"href":"https:\/\/www.icop.it\/fr\/wp-json\/wp\/v2\/pages\/18554"}],"collection":[{"href":"https:\/\/www.icop.it\/fr\/wp-json\/wp\/v2\/pages"}],"about":[{"href":"https:\/\/www.icop.it\/fr\/wp-json\/wp\/v2\/types\/page"}],"author":[{"embeddable":true,"href":"https:\/\/www.icop.it\/fr\/wp-json\/wp\/v2\/users\/1"}],"replies":[{"embeddable":true,"href":"https:\/\/www.icop.it\/fr\/wp-json\/wp\/v2\/comments?post=18554"}],"version-history":[{"count":17,"href":"https:\/\/www.icop.it\/fr\/wp-json\/wp\/v2\/pages\/18554\/revisions"}],"predecessor-version":[{"id":23600,"href":"https:\/\/www.icop.it\/fr\/wp-json\/wp\/v2\/pages\/18554\/revisions\/23600"}],"up":[{"embeddable":true,"href":"https:\/\/www.icop.it\/fr\/wp-json\/wp\/v2\/pages\/18523"}],"wp:attachment":[{"href":"https:\/\/www.icop.it\/fr\/wp-json\/wp\/v2\/media?parent=18554"}],"curies":[{"name":"wp","href":"https:\/\/api.w.org\/{rel}","templated":true}]}}