{"id":18523,"date":"2020-02-21T19:24:49","date_gmt":"2020-02-21T18:24:49","guid":{"rendered":"https:\/\/www.icop.it\/azienda\/"},"modified":"2020-12-01T12:07:49","modified_gmt":"2020-12-01T11:07:49","slug":"entreprise","status":"publish","type":"page","link":"https:\/\/www.icop.it\/fr\/entreprise\/","title":{"rendered":"Entreprise"},"content":{"rendered":"<div id='layer_slider_1'  class='avia-layerslider main_color avia-shadow  avia-builder-el-0  el_before_av_one_full  avia-builder-el-first  container_wrap sidebar_left' style='  height: 351px; max-width: 1280px; margin: 0 auto;' ><\/div><div id='after_layer_slider_1'  class='main_color av_default_container_wrap container_wrap sidebar_left' style=' '  ><div class='container' ><div class='template-page content  av-content-small units'><div class='post-entry post-entry-type-page post-entry-18523'><div class='entry-content-wrapper clearfix'>\n<div class=\"flex_column av_one_full  flex_column_div av-zero-column-padding first  avia-builder-el-1  el_after_av_layerslider  el_before_av_one_full  avia-builder-el-first  \" style='border-radius:0px; '><section class=\"av_textblock_section \"  itemscope=\"itemscope\" itemtype=\"https:\/\/schema.org\/CreativeWork\" ><div class='avia_textblock  '   itemprop=\"text\" ><h4 class=\"p1\">Les gens avant les chiffres<\/h4>\n<p class=\"p1\">L&rsquo;entreprise signifie avant tout les <strong>personnes et les relations<\/strong>; une politique qui place la personne au premier plan doit \u00eatre une pratique et non une d\u00e9claration de principe. <strong>Penser l&rsquo;entreprise comme une communaut\u00e9<\/strong>, c&rsquo;est respecter les personnes, comprendre leurs besoins, prot\u00e9ger leur s\u00e9curit\u00e9 et donner \u00e0 chacun la possibilit\u00e9 d&rsquo;exprimer son potentiel, dans le respect des besoins de la structure et de l&rsquo;organisation de l&rsquo;entreprise. Vivre et penser l&rsquo;entreprise en tant que communaut\u00e9, c&rsquo;est <strong>comprendre son r\u00f4le dans la soci\u00e9t\u00e9 et dans le monde<\/strong>.<\/p>\n<\/div><\/section><br \/>\n<div  style='height:20px' class='hr hr-invisible   avia-builder-el-3  el_after_av_textblock  avia-builder-el-last '><span class='hr-inner ' ><span class='hr-inner-style'><\/span><\/span><\/div><\/p><\/div>\n<div class=\"flex_column av_one_full  flex_column_div av-zero-column-padding first  avia-builder-el-4  el_after_av_one_full  avia-builder-el-last  column-top-margin\" style='border-radius:0px; '><div  class='avia-image-container  av-styling-no-styling    avia-builder-el-5  avia-builder-el-no-sibling  sc-cont-img-owner avia-align-center '  itemprop=\"image\" itemscope=\"itemscope\" itemtype=\"https:\/\/schema.org\/ImageObject\"  ><div class='avia-image-container-inner'><div class='avia-image-overlay-wrap'><img class='avia_image' src='https:\/\/www.icop.it\/wp-content\/uploads\/2020\/05\/D817168-scaled.jpg' alt='' title='' height=\"1708\" width=\"2560\"  itemprop=\"thumbnailUrl\"  \/><\/div><\/div><\/div><\/div>\n","protected":false},"excerpt":{"rendered":"","protected":false},"author":1,"featured_media":0,"parent":0,"menu_order":0,"comment_status":"closed","ping_status":"closed","template":"","meta":[],"_links":{"self":[{"href":"https:\/\/www.icop.it\/fr\/wp-json\/wp\/v2\/pages\/18523"}],"collection":[{"href":"https:\/\/www.icop.it\/fr\/wp-json\/wp\/v2\/pages"}],"about":[{"href":"https:\/\/www.icop.it\/fr\/wp-json\/wp\/v2\/types\/page"}],"author":[{"embeddable":true,"href":"https:\/\/www.icop.it\/fr\/wp-json\/wp\/v2\/users\/1"}],"replies":[{"embeddable":true,"href":"https:\/\/www.icop.it\/fr\/wp-json\/wp\/v2\/comments?post=18523"}],"version-history":[{"count":5,"href":"https:\/\/www.icop.it\/fr\/wp-json\/wp\/v2\/pages\/18523\/revisions"}],"predecessor-version":[{"id":18893,"href":"https:\/\/www.icop.it\/fr\/wp-json\/wp\/v2\/pages\/18523\/revisions\/18893"}],"wp:attachment":[{"href":"https:\/\/www.icop.it\/fr\/wp-json\/wp\/v2\/media?parent=18523"}],"curies":[{"name":"wp","href":"https:\/\/api.w.org\/{rel}","templated":true}]}}