{"id":14776,"date":"2020-07-17T12:10:47","date_gmt":"2020-07-17T10:10:47","guid":{"rendered":"https:\/\/www.icop.it\/legal\/"},"modified":"2020-07-17T12:10:47","modified_gmt":"2020-07-17T10:10:47","slug":"legal","status":"publish","type":"page","link":"https:\/\/www.icop.it\/en\/legal\/","title":{"rendered":"Legal"},"content":{"rendered":"<div id='av_section_1'  class='avia-section main_color avia-section-large avia-no-border-styling  avia-bg-style-scroll  avia-builder-el-0  avia-builder-el-no-sibling   container_wrap sidebar_left' style=' '  ><div class='container' ><main  role=\"main\" itemprop=\"mainContentOfPage\"  class='template-page content  av-content-small units'><div class='post-entry post-entry-type-page post-entry-14776'><div class='entry-content-wrapper clearfix'>\n<div  style='padding-bottom:20px; font-size:40px;' class='av-special-heading av-special-heading-h2  blockquote modern-quote  avia-builder-el-1  el_before_av_hr  avia-builder-el-first  av-inherit-size '><h2 class='av-special-heading-tag '  itemprop=\"headline\"  >Legal<\/h2><div class='special-heading-border'><div class='special-heading-inner-border' ><\/div><\/div><\/div>\n<div  style=' margin-top:10px; margin-bottom:10px;'  class='hr hr-custom hr-left hr-icon-no   avia-builder-el-2  el_after_av_heading  el_before_av_one_full '><span class='hr-inner  inner-border-av-border-fat' style=' width:50px; border-color:#000000;' ><span class='hr-inner-style'><\/span><\/span><\/div>\n<div class=\"flex_column av_one_full  flex_column_div av-zero-column-padding first  avia-builder-el-3  el_after_av_hr  avia-builder-el-last  \" style='border-radius:0px; '><p><section class=\"av_textblock_section \"  itemscope=\"itemscope\" itemtype=\"https:\/\/schema.org\/CreativeWork\" ><div class='avia_textblock  '   itemprop=\"text\" ><p>Il contenuto del presente sito www.icop.it (di seguito il Sito), comprensivo dei dati, comunicazioni, contenuti, grafici, disegni oltre che delle immagini sono protetti dalle leggi e dai trattati internazionali sul Copyright, nonch\u00e9 dalle altre leggi applicabili sulla propriet\u00e0 intellettuale.<\/p>\n<p>I contenuti delle pagine del Sito sono di propriet\u00e0 di I.CO.P. S.p.A. Tutti i diritti sono riservati. Tali contenuti non possono, n\u00e9 totalmente, n\u00e9 in parte, essere copiati, riprodotti, trasferiti, caricati, pubblicati e\/o distribuiti in qualsiasi modo, senza il preventivo consenso scritto della Societ\u00e0, fatta salva la possibilit\u00e0 di salvarli nel proprio computer o di stampare estratti delle pagine del Sito, unicamente per utilizzo personale.<\/p>\n<p>I marchi e il logo che compaiono sul Sito sono di propriet\u00e0 della Societ\u00e0 o ad essa concessi in licenza. Essi non possono essere riprodotti e\/o utilizzati, senza il preventivo consenso scritto della Societ\u00e0.<\/p>\n<\/div><\/section><br \/>\n<section class=\"av_textblock_section \"  itemscope=\"itemscope\" itemtype=\"https:\/\/schema.org\/CreativeWork\" ><div class='avia_textblock  '   itemprop=\"text\" ><p>Ogni rischio connesso all\u2019uso e all\u2019esplorazione del sito \u00e8 a carico dell\u2019utente. I.CO.P. non si assume alcuna responsabilit\u00e0\u00a0in relazione ad eventuali danni che possano derivare all\u2019attrezzatura informatica dell\u2019utente a seguito dell\u2019accesso, dell\u2019uso o dello scaricamento di materiali presenti su queste pagine web. La Societ\u00e0 inoltre non si assume alcuna responsabilit\u00e0 per materiali creati e\/o pubblicati da terzi con i quali il Sito abbia un link di collegamento e coloro che visitano un sito collegato al presente si assumono l\u2019onere di prendere tutte le misure necessarie contro virus od altri elementi distruttivi. In particolare, il collegamento con altri siti non implica che la Societ\u00e0 sponsorizzi, sia affiliata o abbia comunque un legame con le entit\u00e0 che effettuano i servizi descritti in quei siti. La Societ\u00e0 non si assume inoltre alcuna responsabilit\u00e0 per eventuali manipolazioni del Sito effettuate da terzi.<\/p>\n<\/div><\/section><br \/>\n<section class=\"av_textblock_section \"  itemscope=\"itemscope\" itemtype=\"https:\/\/schema.org\/CreativeWork\" ><div class='avia_textblock  '   itemprop=\"text\" ><p>Tutte le comunicazioni o i messaggi inviati dagli utenti tramite posta elettronica saranno ritenuti di natura non confidenziale, e la Societ\u00e0 non si riterr\u00e0 obbligata ad osservare alcun impegno di riservatezza. Inoltre, inviando informazioni e\/o materiale l\u2019utente (i) accetta che la Societ\u00e0 sia libera di utilizzare, pubblicare o mostrare a terzi il contenuto di detti materiali e\/o informazioni (ii) garantisce che il contenuto predetto sia pubblicabile e (iii) terr\u00e0 indenne la Societ\u00e0 da qualsiasi azione da parte di terzi in relazione al materiale e alle informazioni trasmessi.<\/p>\n<\/div><\/section><br \/>\n<section class=\"av_textblock_section \"  itemscope=\"itemscope\" itemtype=\"https:\/\/schema.org\/CreativeWork\" ><div class='avia_textblock  '   itemprop=\"text\" ><p>Il presente Sito consente al pubblico il pi\u00f9 ampio accesso all\u2019informazione sulle iniziative e attivit\u00e0 della Societ\u00e0. Tali informazioni sono destinate anche ad un pubblico professionale. L\u2019obiettivo perseguito \u00e8 quello di fornire un\u2019informazione aggiornata e puntuale: tuttavia, non si escludono errori od omissioni involontarie che, qualora dovessero essere rilevati o segnalati, si provveder\u00e0 a correggere.<\/p>\n<\/div><\/section><\/p><\/div><\/div><\/div><\/main><!-- close content main element --><\/div><\/div><div id='after_section_1'  class='main_color av_default_container_wrap container_wrap sidebar_left' style=' '  ><div class='container' ><div class='template-page content  av-content-small units'><div class='post-entry post-entry-type-page post-entry-14776'><div class='entry-content-wrapper clearfix'>\n","protected":false},"excerpt":{"rendered":"","protected":false},"author":1,"featured_media":0,"parent":0,"menu_order":0,"comment_status":"closed","ping_status":"closed","template":"","meta":[],"_links":{"self":[{"href":"https:\/\/www.icop.it\/en\/wp-json\/wp\/v2\/pages\/14776"}],"collection":[{"href":"https:\/\/www.icop.it\/en\/wp-json\/wp\/v2\/pages"}],"about":[{"href":"https:\/\/www.icop.it\/en\/wp-json\/wp\/v2\/types\/page"}],"author":[{"embeddable":true,"href":"https:\/\/www.icop.it\/en\/wp-json\/wp\/v2\/users\/1"}],"replies":[{"embeddable":true,"href":"https:\/\/www.icop.it\/en\/wp-json\/wp\/v2\/comments?post=14776"}],"version-history":[{"count":3,"href":"https:\/\/www.icop.it\/en\/wp-json\/wp\/v2\/pages\/14776\/revisions"}],"predecessor-version":[{"id":19501,"href":"https:\/\/www.icop.it\/en\/wp-json\/wp\/v2\/pages\/14776\/revisions\/19501"}],"wp:attachment":[{"href":"https:\/\/www.icop.it\/en\/wp-json\/wp\/v2\/media?parent=14776"}],"curies":[{"name":"wp","href":"https:\/\/api.w.org\/{rel}","templated":true}]}}